{"id":842,"date":"2019-03-05T23:20:05","date_gmt":"2019-03-05T23:20:05","guid":{"rendered":"http:\/\/www.ohtn.on.ca\/hivtesting\/?page_id=45"},"modified":"2022-06-01T20:15:02","modified_gmt":"2022-06-01T20:15:02","slug":"test-progres-en-ontario","status":"publish","type":"page","link":"https:\/\/hivtestingontario.ca\/fr\/test-parler\/test-progres-en-ontario\/","title":{"rendered":"R\u00e9sultats de test"},"content":{"rendered":"\n<h1 class=\"wp-block-heading\">R\u00e9sultats du d\u00e9pistage du VIH en Ontario<\/h1>\n\n\n<p>L\u2019Ontario et le reste du monde d\u00e9velopp\u00e9 sont \u00e0 un tournant dans leurs efforts pour arr\u00eater l\u2019\u00e9pid\u00e9mie de VIH. Au cours des dix derni\u00e8res ann\u00e9es, nous avons r\u00e9alis\u00e9 des progr\u00e8s consid\u00e9rables. Nous disposons \u00e0 pr\u00e9sent de traitements tr\u00e8s efficaces et de nouvelles approches de pr\u00e9vention du VIH. Tr\u00e8s peu de personnes diagnostiqu\u00e9es d\u2019une infection \u00e0 VIH d\u00e9veloppent des maladies mortelles associ\u00e9es au sida (&lt; 0,5\u00a0%). Lorsque les personnes vivant avec le VIH re\u00e7oivent un traitement efficace, la plupart peuvent r\u00e9duire la quantit\u00e9 de virus dans leur sang \u00e0 un niveau ind\u00e9tectable. Cela prot\u00e8ge leur sant\u00e9 et leur permet de vivre longtemps et en bonne sant\u00e9. Le traitement peut \u00e9galement r\u00e9duire la quantit\u00e9 de VIH pr\u00e9sente dans l\u2019organisme, de sorte qu\u2019il ne soit pas transmissible aux partenaires sexuels.<\/p>\n<p>Il y a eu 687 premiers diagnostics de VIH en Ontario, contre 738 en 2018. On estime que 14 % de plus ne sont pas diagnostiqu\u00e9es, ce qui met leur sant\u00e9 et celle de leurs partenaires en danger. Le Gouvernement de l\u2019Ontario s\u2019efforce de joindre les personnes vivant avec le VIH dans toute la province afin de promouvoir le d\u00e9pistage et relier les gens \u00e0 des soins efficaces en temps opportun.<\/p>\n<p>En 2019, 677 251 tests de d\u00e9pistage du VIH ont \u00e9t\u00e9 effectu\u00e9s en Ontario \u2013 ce qui \u00e9quivaut \u00e0 un taux de d\u00e9pistage du VIH de 46,6 tests sur 1 000 personnes. Le taux de positivit\u00e9 des tests de d\u00e9pistage du VIH \u00e9tait de 0,15% chez les hommes et de 0,05% chez les femmes.<\/p>\n<p>Le Gouvernement de l\u2019Ontario continue de travailler \u00e0 \u00e9largir le d\u00e9pistage de mani\u00e8re \u00e0 joindre plus efficacement les personnes les plus \u00e0 risque. Par exemple, l\u2019Ontario soutient l\u2019offre de d\u00e9pistages annuels de routine aux <a href=\"https:\/\/hivtestingontario.ca\/fr\/test-parler\/populations-prioritaires-de-lontario\/\">populations prioritaires<\/a> les plus \u00e0 risque pour le VIH et s\u2019efforce <a href=\"https:\/\/hivtestingontario.ca\/fr\/cep\/partenariats-de-proximite\/\">d\u2019\u00e9largir les initiatives de proximit\u00e9 dans les communaut\u00e9s \u00e0 risque<\/a> par le biais du programme de d\u00e9pistage du VIH au point de service. Chacune de ces strat\u00e9gies contribue \u00e0 nos efforts pour joindre les personnes qui ne sont pas diagnostiqu\u00e9es et fournir des soins de qualit\u00e9 en mati\u00e8re de VIH.<\/p>\n<p>L\u2019infection \u00e0 VIH est consid\u00e9r\u00e9e comme une affection \u00ab\u00a0d\u2019importance pour la sant\u00e9 publique\u00a0\u00bb en vertu de la loi en Ontario. Un r\u00e9sultat positif \u00e0 un test standard de d\u00e9pistage du VIH en laboratoire (un test \u00ab\u00a0nominatif\u00a0\u00bb, c.-\u00e0-d. qui utilise le nom du client) est automatiquement signal\u00e9 par le Laboratoire de sant\u00e9 publique aux autorit\u00e9s locales de sant\u00e9 publique. Cette d\u00e9claration permet au service de sant\u00e9 publique local de faire un suivi aupr\u00e8s du patient pour lui offrir du soutien, l\u2019orienter vers des soins et notifier ses anciens partenaires (sexuels et de consommation de drogues), sans toutefois r\u00e9v\u00e9ler son identit\u00e9. Le <a href=\"https:\/\/hivtestingontario.ca\/fr\/fournisseurs-des-soins-de-sante\/tests-prenatals\/\">d\u00e9pistage du VIH<\/a> (nominatif) est \u00e9galement offert \u00e0 toutes les personnes enceintes en Ontario. Toutefois, si une personne ne souhaite pas que son identit\u00e9 soit d\u00e9voil\u00e9e \u00e0 la sant\u00e9 publique locale, elle peut opter pour le d\u00e9pistage anonyme du VIH. Le <a href=\"https:\/\/hivtestingontario.ca\/fr\/cep\/sites-de-depistage-anonyme-designes\/\">d\u00e9pistage anonyme<\/a> est offert dans des sites d\u00e9sign\u00e9s \u00e0 travers la province pour les clients pr\u00e9occup\u00e9s par la confidentialit\u00e9 et la stigmatisation.<\/p>\n<p>La plus r\u00e9cente fiche d\u2019information de l\u2019OHESI pr\u00e9sente un aper\u00e7u du <a href=\"https:\/\/www.ohesi.ca\/wp-content\/uploads\/2022\/01\/HIV-diagnoses-in-Ontario-2019.pdf\">d\u00e9pistage et du diagnostic du VIH en Ontario en 2019<\/a>.<\/p>","protected":false},"excerpt":{"rendered":"<p>R\u00e9sultats du d\u00e9pistage du VIH en Ontario L\u2019Ontario et le reste du monde d\u00e9velopp\u00e9 sont \u00e0 un tournant dans leurs efforts pour arr\u00eater l\u2019\u00e9pid\u00e9mie de VIH. Au cours des dix derni\u00e8res ann\u00e9es, nous avons r\u00e9alis\u00e9 des progr\u00e8s consid\u00e9rables. Nous disposons \u00e0 pr\u00e9sent de traitements tr\u00e8s efficaces et de nouvelles approches de pr\u00e9vention du VIH. Tr\u00e8s [&hellip;]<\/p>\n","protected":false},"author":6,"featured_media":0,"parent":841,"menu_order":0,"comment_status":"closed","ping_status":"closed","template":"","meta":{"footnotes":"","_links_to":"","_links_to_target":""},"class_list":["post-842","page","type-page","status-publish","hentry"],"_links":{"self":[{"href":"https:\/\/hivtestingontario.ca\/fr\/wp-json\/wp\/v2\/pages\/842","targetHints":{"allow":["GET"]}}],"collection":[{"href":"https:\/\/hivtestingontario.ca\/fr\/wp-json\/wp\/v2\/pages"}],"about":[{"href":"https:\/\/hivtestingontario.ca\/fr\/wp-json\/wp\/v2\/types\/page"}],"author":[{"embeddable":true,"href":"https:\/\/hivtestingontario.ca\/fr\/wp-json\/wp\/v2\/users\/6"}],"replies":[{"embeddable":true,"href":"https:\/\/hivtestingontario.ca\/fr\/wp-json\/wp\/v2\/comments?post=842"}],"version-history":[{"count":4,"href":"https:\/\/hivtestingontario.ca\/fr\/wp-json\/wp\/v2\/pages\/842\/revisions"}],"predecessor-version":[{"id":2073,"href":"https:\/\/hivtestingontario.ca\/fr\/wp-json\/wp\/v2\/pages\/842\/revisions\/2073"}],"up":[{"embeddable":true,"href":"https:\/\/hivtestingontario.ca\/fr\/wp-json\/wp\/v2\/pages\/841"}],"wp:attachment":[{"href":"https:\/\/hivtestingontario.ca\/fr\/wp-json\/wp\/v2\/media?parent=842"}],"curies":[{"name":"wp","href":"https:\/\/api.w.org\/{rel}","templated":true}]}}