{"id":826,"date":"2020-02-20T18:07:18","date_gmt":"2020-02-20T18:07:18","guid":{"rendered":"http:\/\/hivtestingontario.ca\/?page_id=408"},"modified":"2022-03-25T20:37:58","modified_gmt":"2022-03-25T20:37:58","slug":"gestion-des-stocks","status":"publish","type":"page","link":"https:\/\/hivtestingontario.ca\/fr\/cep\/gestion-des-stocks\/","title":{"rendered":"Gestion des stocks"},"content":{"rendered":"\n<h1 class=\"wp-block-heading\"> Portail de Gestion de l&#8217;Inventaire du Programme de D\u00e9pistage Rapide du VIH    <\/h1>\n\n\n<p>Les sites de d\u00e9pistage g\u00e8rent un grand nombre de leurs fournitures par l&#8217;interm\u00e9diaire du <a href=\"https:\/\/www.hivpoct.ca\/\">portail<\/a> de gestion des stocks du programme de d\u00e9pistage rapide du VIH.<\/p>\n<p>Les trousses de d\u00e9pistages du VIH pour les points de service sont exp\u00e9di\u00e9es en Ontario par le fabricant. Elles sont gard\u00e9es dans l&#8217;entrep\u00f4t des Services d&#8217;Approvisionnement Pharmaceutique et M\u00e9dical du Gouvernement de l\u2019Ontario \u00e0 Toronto pour \u00eatre distribu\u00e9es dans toute la province. Les autres fournitures sont fournies directement par le fabricant et par d&#8217;autres vendeurs\/fournisseurs.<\/p>\n<p>Le <u><a href=\"https:\/\/www.hivpoct.ca\/\">portail de gestion des stocks du programme de d\u00e9pistage rapide du VIH<\/a><\/u> peut \u00eatre utilis\u00e9 par les sites pour commander ce qui suit:<\/p>\n<ul>\n<li>Les trousses de d\u00e9pistage des PS<\/li>\n<li>Les contr\u00f4les de qualit\u00e9 positifs et n\u00e9gatifs<\/li>\n<li>Les panels de certification<\/li>\n<li>Les ampoules et pipettes \u00e0 action capillaire<\/li>\n<li>Les lancettes<\/li>\n<\/ul>\n<p>Il est important de se familiariser avec l&#8217;emballage des fournitures afin de garantir la bonne manipulation des mat\u00e9riaux, en particulier ceux qui n\u00e9cessitent une r\u00e9frig\u00e9ration imm\u00e9diate. La <u><a href=\"https:\/\/hivtestingontario.ca\/wp-content\/uploads\/2020\/07\/Guide_de_R\u00e9f\u00e9rence_Rapide.pdf\">carte de r\u00e9f\u00e9rence rapide des fournitures pour le d\u00e9pistage du VIH<\/a><\/u> au PS indique \u00e9galement quelles fournitures n\u00e9cessitent une r\u00e9frig\u00e9ration.<\/p>\n<p>Le portail est \u00e9galement utilis\u00e9 par les sites pour:<\/p>\n<ul>\n<li>Rendre compte de l&#8217;utilisation des trousses de d\u00e9pistage du PS uniquement (voir ci-dessous)<\/li>\n<li>Confirmer l&#8217;exp\u00e9dition de nouvelles trousses et les num\u00e9ros de lot des trousses re\u00e7ues (il n&#8217;est pas n\u00e9cessaire de confirmer la r\u00e9ception des contr\u00f4les de la qualit\u00e9, des panels de certification ou d&#8217;autres fournitures)<\/li>\n<li>Surveiller l&#8217;inventaire des trousses de d\u00e9pistage au PS sur votre site &#8211; y compris l&#8217;examen des commandes pass\u00e9es\/en cours, le nombre de trousses inutilis\u00e9es dans votre inventaire actuel et les dates d&#8217;expiration des trousses disponibles en stock<\/li>\n<\/ul>\n<p>Le programme de lutte contre le sida et l&#8217;h\u00e9patite C utilise les donn\u00e9es recueillies par le biais du portail pour surveiller l&#8217;utilisation des d\u00e9pistages du VIH des PS dans la province, afin de signaler rapidement tout probl\u00e8me li\u00e9 aux proc\u00e9dures de d\u00e9pistage et pour garantir le respect des proc\u00e9dures d&#8217;assurance de la qualit\u00e9. Lorsqu&#8217;un site est cr\u00e9\u00e9, le superviseur\/responsable de l&#8217;assurance de la qualit\u00e9 re\u00e7oit un identifiant et est form\u00e9 \u00e0 l&#8217;utilisation du portail par le personnel du programme de lutte contre le sida et l&#8217;h\u00e9patite C. <\/p>\n\n\n<blockquote class=\"wp-block-quote\"><p>Les informations sur l&#8217;utilisation des trousses doivent \u00eatre mises \u00e0 jour sur le portail avant de commander de nouvelles trousses. Pour plus d&#8217;informations sur les rapports d&#8217;utilisation des trousses, consultez le <a href=\"https:\/\/www.hivpoct.ca\/Help\/AIDSBureauUG.pdf\">guide d&#8217;utilisation<\/a> du portail de gestion des stocks et la br\u00e8ve formation sur <a href=\"https:\/\/hivtestingontario.cafr\/cep\/mensuel\/\">les rapports r\u00e9capitulatifs mensuels<\/a>.\n<br><br>\nLe programme de lutte contre le sida et l&#8217;h\u00e9patite C contr\u00f4le r\u00e9guli\u00e8rement le syst\u00e8me d&#8217;inventaire.  Si un site semble commander trop de fournitures ou utiliser des tests de d\u00e9pistage p\u00e9rim\u00e9s, le minist\u00e8re m\u00e8nera une enqu\u00eate.  Pendant l&#8217;enqu\u00eate, toute nouvelle commande sera refus\u00e9e.<\/p><\/blockquote>\n","protected":false},"excerpt":{"rendered":"<p>Portail de Gestion de l&#8217;Inventaire du Programme de D\u00e9pistage Rapide du VIH Les sites de d\u00e9pistage g\u00e8rent un grand nombre de leurs fournitures par l&#8217;interm\u00e9diaire du portail de gestion des stocks du programme de d\u00e9pistage rapide du VIH. Les trousses de d\u00e9pistages du VIH pour les points de service sont exp\u00e9di\u00e9es en Ontario par le [&hellip;]<\/p>\n","protected":false},"author":6,"featured_media":0,"parent":1441,"menu_order":0,"comment_status":"closed","ping_status":"closed","template":"","meta":{"footnotes":"","_links_to":"","_links_to_target":""},"class_list":["post-826","page","type-page","status-publish","hentry"],"_links":{"self":[{"href":"https:\/\/hivtestingontario.ca\/fr\/wp-json\/wp\/v2\/pages\/826","targetHints":{"allow":["GET"]}}],"collection":[{"href":"https:\/\/hivtestingontario.ca\/fr\/wp-json\/wp\/v2\/pages"}],"about":[{"href":"https:\/\/hivtestingontario.ca\/fr\/wp-json\/wp\/v2\/types\/page"}],"author":[{"embeddable":true,"href":"https:\/\/hivtestingontario.ca\/fr\/wp-json\/wp\/v2\/users\/6"}],"replies":[{"embeddable":true,"href":"https:\/\/hivtestingontario.ca\/fr\/wp-json\/wp\/v2\/comments?post=826"}],"version-history":[{"count":1,"href":"https:\/\/hivtestingontario.ca\/fr\/wp-json\/wp\/v2\/pages\/826\/revisions"}],"predecessor-version":[{"id":2006,"href":"https:\/\/hivtestingontario.ca\/fr\/wp-json\/wp\/v2\/pages\/826\/revisions\/2006"}],"up":[{"embeddable":true,"href":"https:\/\/hivtestingontario.ca\/fr\/wp-json\/wp\/v2\/pages\/1441"}],"wp:attachment":[{"href":"https:\/\/hivtestingontario.ca\/fr\/wp-json\/wp\/v2\/media?parent=826"}],"curies":[{"name":"wp","href":"https:\/\/api.w.org\/{rel}","templated":true}]}}