{"id":802,"date":"2019-03-05T23:37:11","date_gmt":"2019-03-05T23:37:11","guid":{"rendered":"http:\/\/www.ohtn.on.ca\/hivtesting\/?page_id=94"},"modified":"2022-03-25T20:02:59","modified_gmt":"2022-03-25T20:02:59","slug":"continuum-a-soins","status":"publish","type":"page","link":"https:\/\/hivtestingontario.ca\/fr\/continuum-a-soins\/","title":{"rendered":"Continuum de soins"},"content":{"rendered":"<h1>Continuum de soins de haute qualit\u00e9 de l\u2019Ontario<\/h1>\n<p>Le d\u00e9pistage du VIH fait partie d\u2019un continuum de services de haute qualit\u00e9 pour le VIH dans la province de l\u2019Ontario. Cela comprend des services de pr\u00e9vention pour aider les gens \u00e0 r\u00e9duire leur risque d\u2019infection, ainsi que des services de soins et de soutien, s\u2019ils sont s\u00e9ropositifs.&nbsp;&nbsp; Le d\u00e9pistage du VIH est une porte d\u2019entr\u00e9e importante pour tous ces services.<br \/>\nLes fournisseurs de tests de d\u00e9pistage du VIH sont encourag\u00e9s \u00e0 en apprendre davantage sur les services d\u2019\u00e9ducation, de pr\u00e9vention et de soins du VIH offerts en Ontario, et quels services peuvent \u00eatre offerts localement. Les fournisseurs peuvent examiner et\/ou orienter leurs patients vers les fournisseurs de services de sant\u00e9 s<a href=\"https:\/\/sexualhealthontario.ca\/en\/home\">exuelle Ontario, afin d\u2019e<\/a>n apprendre davantage sur la protection de leur sant\u00e9 sexuelle. Sant\u00e9 sexuelle Ontario peut \u00e9galement aider les gens<a href=\"https:\/\/sexualhealthontario.ca\/en\/find-clinic\"> \u00e0 trouver des services de sant\u00e9 <\/a>sexuelle dans leur r\u00e9gion, y compris des sites de d\u00e9pistage anonymes du VIH, soit par l\u2019entremise du site Web, soit en appelant l\u2019Infoline de la sant\u00e9 sexuelle Ontario (SHILO)<strong> au 1-800-668-243<\/strong>7 (Ontario \u00e0 l\u2019\u00e9chelle) ou au 416-392-2437 \u00e0 Toronto.<br \/>\nUne vari\u00e9t\u00e9 d\u2019autres mesures de soutien sont disponibles pour aider les fournisseurs de soins \u00e0 trouver de l\u2019information pour leurs clients et du soutien en mati\u00e8re de pratiques exemplaires, notamment :<\/p>\n<ul>\n<li><a href=\"https:\/\/ontarioprep.ca\/\">OntarioPrEP.ca &#8211; <\/a>une ressource pour les personnes qui envisagent la prophylaxie pr\u00e9-exposition au VIH et pour les prescripteurs qui ont besoin de plus d\u2019informations pour soutenir leurs patients.<\/li>\n<li><a href=\"https:\/\/hiv411.ca\/\">VIH 411 &#8211;<\/a> Un service pancanadaire pour aider \u00e0 trouver des organismes de services et de soutien sur le VIH et l\u2019h\u00e9patite C<\/li>\n<\/ul>\n","protected":false},"excerpt":{"rendered":"<p>Continuum de soins de haute qualit\u00e9 de l\u2019Ontario Le d\u00e9pistage du VIH fait partie d\u2019un continuum de services de haute qualit\u00e9 pour le VIH dans la province de l\u2019Ontario. Cela comprend des services de pr\u00e9vention pour aider les gens \u00e0 r\u00e9duire leur risque d\u2019infection, ainsi que des services de soins et de soutien, s\u2019ils sont [&hellip;]<\/p>\n","protected":false},"author":6,"featured_media":0,"parent":0,"menu_order":0,"comment_status":"closed","ping_status":"closed","template":"","meta":{"footnotes":"","_links_to":"","_links_to_target":""},"class_list":["post-802","page","type-page","status-publish","hentry"],"_links":{"self":[{"href":"https:\/\/hivtestingontario.ca\/fr\/wp-json\/wp\/v2\/pages\/802","targetHints":{"allow":["GET"]}}],"collection":[{"href":"https:\/\/hivtestingontario.ca\/fr\/wp-json\/wp\/v2\/pages"}],"about":[{"href":"https:\/\/hivtestingontario.ca\/fr\/wp-json\/wp\/v2\/types\/page"}],"author":[{"embeddable":true,"href":"https:\/\/hivtestingontario.ca\/fr\/wp-json\/wp\/v2\/users\/6"}],"replies":[{"embeddable":true,"href":"https:\/\/hivtestingontario.ca\/fr\/wp-json\/wp\/v2\/comments?post=802"}],"version-history":[{"count":1,"href":"https:\/\/hivtestingontario.ca\/fr\/wp-json\/wp\/v2\/pages\/802\/revisions"}],"predecessor-version":[{"id":2000,"href":"https:\/\/hivtestingontario.ca\/fr\/wp-json\/wp\/v2\/pages\/802\/revisions\/2000"}],"wp:attachment":[{"href":"https:\/\/hivtestingontario.ca\/fr\/wp-json\/wp\/v2\/media?parent=802"}],"curies":[{"name":"wp","href":"https:\/\/api.w.org\/{rel}","templated":true}]}}