{"id":794,"date":"2019-03-05T23:38:12","date_gmt":"2019-03-05T23:38:12","guid":{"rendered":"http:\/\/www.ohtn.on.ca\/hivtesting\/?page_id=100"},"modified":"2022-06-03T17:08:56","modified_gmt":"2022-06-03T17:08:56","slug":"pep-2","status":"publish","type":"page","link":"https:\/\/hivtestingontario.ca\/fr\/pep-2\/","title":{"rendered":"ppe"},"content":{"rendered":"\n<h1 class=\"wp-block-heading\">Prescrire la prophylaxie post-exposition du VIH<\/h1>\n\n\n\n<p>La prophylaxie post-exposition (PPE) est l&#8217;utilisation de m\u00e9dicaments antir\u00e9troviraux pour pr\u00e9venir l&#8217;infection apr\u00e8s une exposition au VIH. Il s&#8217;agissait d&#8217;un traitement antir\u00e9troviral de 28 jours. Bien que la PPE ait principalement \u00e9t\u00e9 utilis\u00e9e \u00e0 l&#8217;origine pour l&#8217;exposition sur le lieu de travail, il est maintenant recommand\u00e9 d&#8217;utiliser la PEP lorsqu&#8217;une personne se pr\u00e9sente aux soins dans les 72 heures suivant une exposition potentiellement \u00e0 haut risque au VIH. (Voir <a href=\"https:\/\/hivtestingontario.ca\/fr\/cep\/modules-de-formation-pour-conseillers-en-depistage-au-point-de-service\/\" data-type=\"URL\">l&#8217;unit\u00e9 de formation du conseiller charg\u00e9 du d\u00e9pistage sur l&#8217;\u00e9valuation du risque<\/a> pour en savoir plus sur l&#8217;identification des expositions \u00e0 haut risque.) Des <a href=\"https:\/\/www.cmaj.ca\/content\/cmaj\/189\/47\/E1448.full.pdf\">lignes directrices canadiennes sur l&#8217;utilisation non professionnelle de la PPE<\/a> sont disponibles. <\/p>\n\n\n\n<p> La PPE peut r\u00e9duire de 80 % le risque d&#8217;infection par le VIH si elle est prise dans les 3 jours suivant l\u2019exposition et de fa\u00e7on constante (28 jours). Si votre site ne fournit pas de PPE, proposez aux patients d&#8217;aller aux urgences d&#8217;un h\u00f4pital pour obtenir la PPE. Il y a des co\u00fbts associ\u00e9s \u00e0 l&#8217;utilisation de la PPE pour les personnes non assur\u00e9es, mais la PPE est offerte sans frais aux survivants d&#8217;agressions sexuelles.<strong>I<\/strong>Veuillez noter que le d\u00e9pistage du VIH est recommand\u00e9 en Ontario trois semaines, six semaines et trois mois apr\u00e8s toute exposition \u00e0 haut risque. Si l&#8217;utilisation de la PPE n&#8217;est pas en mesure d&#8217;\u00e9liminer le virus du VIH, elle peut rendre une nouvelle infection par le VIH plus difficile \u00e0 d\u00e9tecter. Il se peut que le diagnostic ne soit possible que plus tard dans la p\u00e9riode de la fen\u00eatre. Insister sur l&#8217;importance de revenir pour les tests \u00e0 l&#8217;intervalle de trois mois, aupr\u00e8s des personnes qui choisissent la PPE.<\/p>\n","protected":false},"excerpt":{"rendered":"<p>Prescrire la prophylaxie post-exposition du VIH La prophylaxie post-exposition (PPE) est l&#8217;utilisation de m\u00e9dicaments antir\u00e9troviraux pour pr\u00e9venir l&#8217;infection apr\u00e8s une exposition au VIH. Il s&#8217;agissait d&#8217;un traitement antir\u00e9troviral de 28 jours. Bien que la PPE ait principalement \u00e9t\u00e9 utilis\u00e9e \u00e0 l&#8217;origine pour l&#8217;exposition sur le lieu de travail, il est maintenant recommand\u00e9 d&#8217;utiliser la PEP [&hellip;]<\/p>\n","protected":false},"author":6,"featured_media":0,"parent":0,"menu_order":0,"comment_status":"closed","ping_status":"closed","template":"","meta":{"footnotes":"","_links_to":"","_links_to_target":""},"class_list":["post-794","page","type-page","status-publish","hentry"],"_links":{"self":[{"href":"https:\/\/hivtestingontario.ca\/fr\/wp-json\/wp\/v2\/pages\/794","targetHints":{"allow":["GET"]}}],"collection":[{"href":"https:\/\/hivtestingontario.ca\/fr\/wp-json\/wp\/v2\/pages"}],"about":[{"href":"https:\/\/hivtestingontario.ca\/fr\/wp-json\/wp\/v2\/types\/page"}],"author":[{"embeddable":true,"href":"https:\/\/hivtestingontario.ca\/fr\/wp-json\/wp\/v2\/users\/6"}],"replies":[{"embeddable":true,"href":"https:\/\/hivtestingontario.ca\/fr\/wp-json\/wp\/v2\/comments?post=794"}],"version-history":[{"count":2,"href":"https:\/\/hivtestingontario.ca\/fr\/wp-json\/wp\/v2\/pages\/794\/revisions"}],"predecessor-version":[{"id":2098,"href":"https:\/\/hivtestingontario.ca\/fr\/wp-json\/wp\/v2\/pages\/794\/revisions\/2098"}],"wp:attachment":[{"href":"https:\/\/hivtestingontario.ca\/fr\/wp-json\/wp\/v2\/media?parent=794"}],"curies":[{"name":"wp","href":"https:\/\/api.w.org\/{rel}","templated":true}]}}