{"id":2159,"date":"2023-03-28T16:24:39","date_gmt":"2023-03-28T16:24:39","guid":{"rendered":"https:\/\/hivtestingontario.ca\/?page_id=2159"},"modified":"2023-03-28T16:26:03","modified_gmt":"2023-03-28T16:26:03","slug":"linges-directrices-ontariennes-a-des-presetataires-de-soins-qui-offrent-le-depistage-du-vih","status":"publish","type":"page","link":"https:\/\/hivtestingontario.ca\/fr\/linges-directrices-ontariennes-a-des-presetataires-de-soins-qui-offrent-le-depistage-du-vih\/","title":{"rendered":"Linges directrices Ontariennes \u00e0 des presetataires de soins qui offrent le d\u00e9pistage du VIH"},"content":{"rendered":"\n<h1 class=\"wp-block-heading\">Linges directrices Ontariennes \u00e0 des presetataires de soins qui offrent le d\u00e9pistage du VIH<\/h1>\n\n\n\n<a href=\"https:\/\/hivtestingontario.ca\/wp-content\/uploads\/2023\/03\/Ontario-HIV-Testing-Guidelines-for-Providers-FR.pdf\" target=\"_blank\" class=\"front-button\" rel=\"noopener\">T\u00e9l\u00e9charger en fran\u00e7ais<\/a>\n\n\n\n<p><\/p>\n\n\n\n<div class=\"wp-block-image roundcorners is-style-default\"><figure class=\"alignright size-large is-resized\"><img loading=\"lazy\" decoding=\"async\" src=\"https:\/\/hivtestingontario.ca\/wp-content\/uploads\/2023\/03\/Ontario-Guidelines-for-Providers-cover-1-791x1024.png\" alt=\"\" class=\"wp-image-2140\" width=\"349\" height=\"452\" srcset=\"https:\/\/hivtestingontario.ca\/wp-content\/uploads\/2023\/03\/Ontario-Guidelines-for-Providers-cover-1-791x1024.png 791w, https:\/\/hivtestingontario.ca\/wp-content\/uploads\/2023\/03\/Ontario-Guidelines-for-Providers-cover-1-232x300.png 232w, https:\/\/hivtestingontario.ca\/wp-content\/uploads\/2023\/03\/Ontario-Guidelines-for-Providers-cover-1-768x994.png 768w, https:\/\/hivtestingontario.ca\/wp-content\/uploads\/2023\/03\/Ontario-Guidelines-for-Providers-cover-1-1187x1536.png 1187w, https:\/\/hivtestingontario.ca\/wp-content\/uploads\/2023\/03\/Ontario-Guidelines-for-Providers-cover-1-1583x2048.png 1583w\" sizes=\"auto, (max-width: 349px) 100vw, 349px\" \/><\/figure><\/div>\n\n\n\n<p>La province de l\u2019Ontario est engag\u00e9e \u00e0 faire en sorte que les nouvelles infections par le VIH deviennent rares et que toutes les personnes vivant avec le VIH puissent jouir d\u2019une vie longue et \u00e9panouie, sans stigmatisation ni discrimination.<\/p>\n\n\n\n<ul class=\"wp-block-list\"><li>Afin d\u2019atteindre ces objectifs, le minist\u00e8re de la Sant\u00e9 soutient et encourage activement led\u00e9pistage du VIH. Les initiatives de l\u2019Ontario en la mati\u00e8re visent \u00e0 :<\/li><li>Diagnostiquer le plus t\u00f4t possible les personnes vivant avec le VIH et les orienter vers un traitement et d\u2019autres services pour les aider \u00e0 avoir une vie longue et en sant\u00e9, et pour pr\u00e9venir la transmission du VIH.<\/li><\/ul>\n\n\n\n<p>Identifier les personnes \u00e0 risque \u00e9lev\u00e9 de contracter le VIH et les mettre en contact avec des services de pr\u00e9vention, notamment la prophylaxie pr\u00e9-exposition (PrEP), la prophylaxie post-exposition (PPE) et d\u2019autres mesures de pr\u00e9vention et de r\u00e9duction des m\u00e9faits.<\/p>\n\n\n\n<p>Les pr\u00e9sentes lignes directrices ont \u00e9t\u00e9 \u00e9labor\u00e9es sp\u00e9cifiquement dans le but de joindre les personnes non diagnostiqu\u00e9es en Ontario. Elles visent \u00e0 sensibiliser les prestataires :<\/p>\n\n\n\n<ul class=\"wp-block-list\"><li>aux r\u00e9cents progr\u00e8s des technologies de d\u00e9pistage du VIH (c.-\u00e0-d., p\u00e9riode fen\u00eatre raccourcie);<\/li><li>aux sympt\u00f4mes de l\u2019infection \u00e0 VIH (aigu\u00eb et chronique) qui passent souvent inaper\u00e7us dans les soins de routine;<\/li><li>aux facteurs qui contribuent au risque de VIH; et<\/li><li>\u00e0 leur r\u00f4le important dans l\u2019\u00e9valuation du risque, dans l\u2019offre active d\u2019un d\u00e9pistage aux personnes \u00e0 risque et dans la r\u00e9duction de la stigmatisation qui peut emp\u00eacher des personnes de se faire d\u00e9pister.<\/li><\/ul>\n","protected":false},"excerpt":{"rendered":"<p>Linges directrices Ontariennes \u00e0 des presetataires de soins qui offrent le d\u00e9pistage du VIH T\u00e9l\u00e9charger en fran\u00e7ais La province de l\u2019Ontario est engag\u00e9e \u00e0 faire en sorte que les nouvelles infections par le VIH deviennent rares et que toutes les personnes vivant avec le VIH puissent jouir d\u2019une vie longue et \u00e9panouie, sans stigmatisation ni [&hellip;]<\/p>\n","protected":false},"author":1,"featured_media":0,"parent":0,"menu_order":0,"comment_status":"closed","ping_status":"closed","template":"","meta":{"footnotes":"","_links_to":"","_links_to_target":""},"class_list":["post-2159","page","type-page","status-publish","hentry"],"_links":{"self":[{"href":"https:\/\/hivtestingontario.ca\/fr\/wp-json\/wp\/v2\/pages\/2159","targetHints":{"allow":["GET"]}}],"collection":[{"href":"https:\/\/hivtestingontario.ca\/fr\/wp-json\/wp\/v2\/pages"}],"about":[{"href":"https:\/\/hivtestingontario.ca\/fr\/wp-json\/wp\/v2\/types\/page"}],"author":[{"embeddable":true,"href":"https:\/\/hivtestingontario.ca\/fr\/wp-json\/wp\/v2\/users\/1"}],"replies":[{"embeddable":true,"href":"https:\/\/hivtestingontario.ca\/fr\/wp-json\/wp\/v2\/comments?post=2159"}],"version-history":[{"count":4,"href":"https:\/\/hivtestingontario.ca\/fr\/wp-json\/wp\/v2\/pages\/2159\/revisions"}],"predecessor-version":[{"id":2163,"href":"https:\/\/hivtestingontario.ca\/fr\/wp-json\/wp\/v2\/pages\/2159\/revisions\/2163"}],"wp:attachment":[{"href":"https:\/\/hivtestingontario.ca\/fr\/wp-json\/wp\/v2\/media?parent=2159"}],"curies":[{"name":"wp","href":"https:\/\/api.w.org\/{rel}","templated":true}]}}