{"id":1931,"date":"2021-09-01T11:46:18","date_gmt":"2021-09-01T11:46:18","guid":{"rendered":"https:\/\/hivtestingontario.ca\/?page_id=1931"},"modified":"2021-12-06T19:20:46","modified_gmt":"2021-12-06T19:20:46","slug":"hiv-endemic-countries","status":"publish","type":"page","link":"https:\/\/hivtestingontario.ca\/fr\/hiv-endemic-countries\/","title":{"rendered":"LISTE DES PAYS O\u00d9 LE VIH EST END\u00c9MIQUE (avant 2005)"},"content":{"rendered":"\n<p>Source : ASPC, Actualit\u00e9s en \u00e9pid\u00e9miologie du VIH\/sida, 2007<\/p>\n\n\n\n<p><strong>Afrique<\/strong><\/p>\n\n\n\n<p>Angola, B\u00e9nin, Botswana, Burkina Faso, Burundi, Cameroun, Cap-Vert, C\u00f4te d\u2019Ivoire, Djibouti, \u00c9rythr\u00e9e, \u00c9thiopie, Gabon, Gambie, Ghana, Guin\u00e9e, Guin\u00e9e-Bissau, Guin\u00e9e \u00e9quatoriale, Kenya, Lesotho, Lib\u00e9ria, Malawi, Mali, Mozambique, Namibie, Niger, Nig\u00e9ria, Ouganda, R\u00e9publique &nbsp;centrafricaine,&nbsp; R\u00e9publique d\u00e9mocratique du Congo (autrefois Za\u00efre), Rwanda, S\u00e9n\u00e9gal, Sierra Leone, Somalie, Soudan, Swaziland, Tanzanie, Tchad, Togo, Zambie, Zimbabwe<\/p>\n\n\n\n<p><strong>Cara\u00efbes, Bermude et Am\u00e9rique du Centre\/Sud<\/strong><\/p>\n\n\n\n<p>Anguilla, Antigua-et-Barbuda, Antilles n\u00e9erlandaises, Bahamas, Barbade, Bermudes, Dominique, Grenade, Guadeloupe, Guyane fran\u00e7aise, Ha\u00efti, Honduras, \u00celes Ca\u00efmans, \u00celes Turks et Caicos, \u00celes Vierges am\u00e9ricaines, \u00celes Vierges britanniques, Jama\u00efque, Martinique, Montserrat, R\u00e9publique dominicaine, Saint-Kitts-et-Nevis, Saint-Vincent-et-les-Grenadines, Sainte-Lucie, Suriname, Trinit\u00e9-et-Tobago<\/p>\n\n\n\n<p><strong>Asie<\/strong><\/p>\n\n\n\n<p>Cambodge, Myanmar, Tha\u00eflande<\/p>\n\n\n\n<p><\/p>\n\n\n\n<p><\/p>\n\n\n\n<p><\/p>\n","protected":false},"excerpt":{"rendered":"<p>Source : ASPC, Actualit\u00e9s en \u00e9pid\u00e9miologie du VIH\/sida, 2007 Afrique Angola, B\u00e9nin, Botswana, Burkina Faso, Burundi, Cameroun, Cap-Vert, C\u00f4te d\u2019Ivoire, Djibouti, \u00c9rythr\u00e9e, \u00c9thiopie, Gabon, Gambie, Ghana, Guin\u00e9e, Guin\u00e9e-Bissau, Guin\u00e9e \u00e9quatoriale, Kenya, Lesotho, Lib\u00e9ria, Malawi, Mali, Mozambique, Namibie, Niger, Nig\u00e9ria, Ouganda, R\u00e9publique &nbsp;centrafricaine,&nbsp; R\u00e9publique d\u00e9mocratique du Congo (autrefois Za\u00efre), Rwanda, S\u00e9n\u00e9gal, Sierra Leone, Somalie, Soudan, Swaziland, [&hellip;]<\/p>\n","protected":false},"author":1,"featured_media":0,"parent":0,"menu_order":0,"comment_status":"closed","ping_status":"closed","template":"","meta":{"footnotes":"","_links_to":"","_links_to_target":""},"class_list":["post-1931","page","type-page","status-publish","hentry"],"_links":{"self":[{"href":"https:\/\/hivtestingontario.ca\/fr\/wp-json\/wp\/v2\/pages\/1931","targetHints":{"allow":["GET"]}}],"collection":[{"href":"https:\/\/hivtestingontario.ca\/fr\/wp-json\/wp\/v2\/pages"}],"about":[{"href":"https:\/\/hivtestingontario.ca\/fr\/wp-json\/wp\/v2\/types\/page"}],"author":[{"embeddable":true,"href":"https:\/\/hivtestingontario.ca\/fr\/wp-json\/wp\/v2\/users\/1"}],"replies":[{"embeddable":true,"href":"https:\/\/hivtestingontario.ca\/fr\/wp-json\/wp\/v2\/comments?post=1931"}],"version-history":[{"count":4,"href":"https:\/\/hivtestingontario.ca\/fr\/wp-json\/wp\/v2\/pages\/1931\/revisions"}],"predecessor-version":[{"id":1964,"href":"https:\/\/hivtestingontario.ca\/fr\/wp-json\/wp\/v2\/pages\/1931\/revisions\/1964"}],"wp:attachment":[{"href":"https:\/\/hivtestingontario.ca\/fr\/wp-json\/wp\/v2\/media?parent=1931"}],"curies":[{"name":"wp","href":"https:\/\/api.w.org\/{rel}","templated":true}]}}