{"id":1898,"date":"2021-08-31T15:50:35","date_gmt":"2021-08-31T15:50:35","guid":{"rendered":"https:\/\/hivtestingontario.ca\/?page_id=1898"},"modified":"2025-07-09T18:40:57","modified_gmt":"2025-07-09T18:40:57","slug":"material-safety-data-sheets-french","status":"publish","type":"page","link":"https:\/\/hivtestingontario.ca\/fr\/material-safety-data-sheets-french\/","title":{"rendered":"Material Safety Data Sheets french"},"content":{"rendered":"\n<h2 class=\"wp-block-heading\">Material Safety Data Sheets<\/h2>\n\n\n\n<p>La disponibilit\u00e9 des fiches signal\u00e9tiques (FS) est une exigence du SIMDUT (Syst\u00e8me d&#8217;information sur les mati\u00e8res dangereuses utilis\u00e9es au travail). T\u00e9l\u00e9chargez-les ci-dessous.<\/p>\n\n\n\n<p><a href=\"https:\/\/hivtestingontario.ca\/wp-content\/uploads\/2025\/07\/SDS-001-INSTI-HIV-1-HIV-2-Antibody-Test-Kit-rev006_2025.pdf\" target=\"_blank\" rel=\"noreferrer noopener\">SDS-001 INSTI HIV-1 HIV-2 Antibody Test Kit<\/a><\/p>\n\n\n\n<p><a href=\"https:\/\/hivtestingontario.ca\/wp-content\/uploads\/2025\/07\/SDS-005-INSTI-HIV-1-HIV-2-and-Syphilis-Test-Controls-Rev008_2025.pdf\" target=\"_blank\" rel=\"noreferrer noopener\">SDS-005 INSTI HIV-1-HIV-2 and Syphilis Test Controls<\/a><\/p>\n\n\n\n<p><a href=\"https:\/\/hivtestingontario.ca\/wp-content\/uploads\/2025\/07\/SDS-002-INSTI-HIV-1-HIV-2-Antibody-Test-Kit-FR.pdf\">SDS-002 INSTI HIV-1, HIV-2 Antibody Test Kit, FR<\/a><\/p>\n\n\n\n<p><a href=\"https:\/\/hivtestingontario.ca\/wp-content\/uploads\/2025\/07\/SDS-006-INSTI-HIV-1-HIV-2-and-Syphilis-Test-Controls-FR.pdf\" target=\"_blank\" rel=\"noreferrer noopener\">SDS-006 INSTI HIV-1, HIV-2 and Syphilis Test Controls FR<\/a><\/p>\n\n\n\n<p><\/p>\n","protected":false},"excerpt":{"rendered":"<p>Material Safety Data Sheets La disponibilit\u00e9 des fiches signal\u00e9tiques (FS) est une exigence du SIMDUT (Syst\u00e8me d&#8217;information sur les mati\u00e8res dangereuses utilis\u00e9es au travail). T\u00e9l\u00e9chargez-les ci-dessous. SDS-001 INSTI HIV-1 HIV-2 Antibody Test Kit SDS-005 INSTI HIV-1-HIV-2 and Syphilis Test Controls SDS-002 INSTI HIV-1, HIV-2 Antibody Test Kit, FR SDS-006 INSTI HIV-1, HIV-2 and Syphilis Test [&hellip;]<\/p>\n","protected":false},"author":1,"featured_media":0,"parent":0,"menu_order":0,"comment_status":"closed","ping_status":"closed","template":"","meta":{"footnotes":"","_links_to":"","_links_to_target":""},"class_list":["post-1898","page","type-page","status-publish","hentry"],"_links":{"self":[{"href":"https:\/\/hivtestingontario.ca\/fr\/wp-json\/wp\/v2\/pages\/1898","targetHints":{"allow":["GET"]}}],"collection":[{"href":"https:\/\/hivtestingontario.ca\/fr\/wp-json\/wp\/v2\/pages"}],"about":[{"href":"https:\/\/hivtestingontario.ca\/fr\/wp-json\/wp\/v2\/types\/page"}],"author":[{"embeddable":true,"href":"https:\/\/hivtestingontario.ca\/fr\/wp-json\/wp\/v2\/users\/1"}],"replies":[{"embeddable":true,"href":"https:\/\/hivtestingontario.ca\/fr\/wp-json\/wp\/v2\/comments?post=1898"}],"version-history":[{"count":2,"href":"https:\/\/hivtestingontario.ca\/fr\/wp-json\/wp\/v2\/pages\/1898\/revisions"}],"predecessor-version":[{"id":2668,"href":"https:\/\/hivtestingontario.ca\/fr\/wp-json\/wp\/v2\/pages\/1898\/revisions\/2668"}],"wp:attachment":[{"href":"https:\/\/hivtestingontario.ca\/fr\/wp-json\/wp\/v2\/media?parent=1898"}],"curies":[{"name":"wp","href":"https:\/\/api.w.org\/{rel}","templated":true}]}}