{"id":1880,"date":"2021-08-30T01:36:10","date_gmt":"2021-08-30T01:36:10","guid":{"rendered":"https:\/\/hivtestingontario.ca\/?page_id=1880"},"modified":"2021-08-30T01:38:27","modified_gmt":"2021-08-30T01:38:27","slug":"certificationfr","status":"publish","type":"page","link":"https:\/\/hivtestingontario.ca\/fr\/cep\/certificationfr\/","title":{"rendered":"Certification"},"content":{"rendered":"\n<h1 class=\"wp-block-heading\">Accr\u00e9ditation d\u2019un nouvel intervenant en d\u00e9pistage<\/h1>\n\n\n\n<p>Une fois qu\u2019un nouveau stagiaire a termin\u00e9 sa formation \u00e0 la satisfaction du responsable de l\u2019assurance de la qualit\u00e9, il doit tester un panel de certification de sp\u00e9cimens \u00e0 l\u2019aveugle pour compl\u00e9ter sa formation. Un panel de certification est une s\u00e9rie de d\u00e9pistages sur des \u00e9chantillons. Les panels de certification ne sont pas la m\u00eame chose que les contr\u00f4les de qualit\u00e9 positifs\/n\u00e9gatifs ou les panels de comp\u00e9tence. Ils sont pr\u00e9par\u00e9s par l\u2019Institute for Quality Management in Health (IQMH) dans le seul but d\u2019\u00e9valuer les intervenants en d\u00e9pistage nouvellement form\u00e9s et de les certifier pour la pratique de tests de DPS.<\/p>\n\n\n\n<p>Les panels de certification peuvent \u00eatre command\u00e9s via le <a href=\"https:\/\/hivtestingontario.ca\/fr\/cep\/gestion-des-stocks\/\">portail de gestion d\u2019inventaire du programme de DPS du VIH<\/a>. Les sites sont pri\u00e9s de commander les panels uniquement en fonction des besoins et de ne pas les commander \u00e0 l\u2019avance pour un stockage \u00e0 long terme. Les panels ne devraient pas \u00eatre command\u00e9s plus de 4&nbsp;mois avant leur utilisation.<\/p>\n\n\n\n<p>Le stagiaire doit tester les sp\u00e9cimens conform\u00e9ment aux instructions sur l\u2019emballage. Les r\u00e9sultats sont soumis au Programme sur le sida et l\u2019h\u00e9patite C, qui informera le site du r\u00e9sultat de l\u2019examen de certification du stagiaire.<\/p>\n\n\n\n<p>Bien que d\u2019autres ressources de formation puissent \u00eatre utilis\u00e9es par le personnel existant, les panels de certification ne doivent \u00eatre effectu\u00e9s qu\u2019une seule fois, imm\u00e9diatement apr\u00e8s la formation initiale. Si un employ\u00e9 existant s\u2019absente pendant plus d\u2019un an, on devrait le former de nouveau et lui demander de refaire un panel de certification.<\/p>\n\n\n\n<p>Les documents des tests de certification et autres formations continues devraient \u00eatre conserv\u00e9s dans les dossiers du personnel.<\/p>\n\n\n\n<p>Stockage des panels de certification \u2013 Les panels sont exp\u00e9di\u00e9s congel\u00e9s et peuvent \u00eatre conserv\u00e9s ainsi pendant environ un an. S\u2019ils sont d\u00e9congel\u00e9s, ils peuvent \u00eatre conserv\u00e9s au r\u00e9frig\u00e9rateur entre 2 et 8\u00ba C pendant 28&nbsp;jours. Si les panels arrivent d\u00e9congel\u00e9s, ils devraient \u00eatre recongel\u00e9s imm\u00e9diatement.<\/p>\n","protected":false},"excerpt":{"rendered":"<p>Accr\u00e9ditation d\u2019un nouvel intervenant en d\u00e9pistage Une fois qu\u2019un nouveau stagiaire a termin\u00e9 sa formation \u00e0 la satisfaction du responsable de l\u2019assurance de la qualit\u00e9, il doit tester un panel de certification de sp\u00e9cimens \u00e0 l\u2019aveugle pour compl\u00e9ter sa formation. Un panel de certification est une s\u00e9rie de d\u00e9pistages sur des \u00e9chantillons. Les panels de [&hellip;]<\/p>\n","protected":false},"author":1,"featured_media":0,"parent":1441,"menu_order":0,"comment_status":"closed","ping_status":"closed","template":"","meta":{"footnotes":"","_links_to":"","_links_to_target":""},"class_list":["post-1880","page","type-page","status-publish","hentry"],"_links":{"self":[{"href":"https:\/\/hivtestingontario.ca\/fr\/wp-json\/wp\/v2\/pages\/1880","targetHints":{"allow":["GET"]}}],"collection":[{"href":"https:\/\/hivtestingontario.ca\/fr\/wp-json\/wp\/v2\/pages"}],"about":[{"href":"https:\/\/hivtestingontario.ca\/fr\/wp-json\/wp\/v2\/types\/page"}],"author":[{"embeddable":true,"href":"https:\/\/hivtestingontario.ca\/fr\/wp-json\/wp\/v2\/users\/1"}],"replies":[{"embeddable":true,"href":"https:\/\/hivtestingontario.ca\/fr\/wp-json\/wp\/v2\/comments?post=1880"}],"version-history":[{"count":1,"href":"https:\/\/hivtestingontario.ca\/fr\/wp-json\/wp\/v2\/pages\/1880\/revisions"}],"predecessor-version":[{"id":1881,"href":"https:\/\/hivtestingontario.ca\/fr\/wp-json\/wp\/v2\/pages\/1880\/revisions\/1881"}],"up":[{"embeddable":true,"href":"https:\/\/hivtestingontario.ca\/fr\/wp-json\/wp\/v2\/pages\/1441"}],"wp:attachment":[{"href":"https:\/\/hivtestingontario.ca\/fr\/wp-json\/wp\/v2\/media?parent=1880"}],"curies":[{"name":"wp","href":"https:\/\/api.w.org\/{rel}","templated":true}]}}