{"id":1811,"date":"2021-08-30T00:38:13","date_gmt":"2021-08-30T00:38:13","guid":{"rendered":"https:\/\/hivtestingontario.ca\/?page_id=1811"},"modified":"2021-08-30T00:38:14","modified_gmt":"2021-08-30T00:38:14","slug":"normes-dassurance-de-la-qualite-lors-du-depistage-de-proximite","status":"publish","type":"page","link":"https:\/\/hivtestingontario.ca\/fr\/cep\/partenariats-de-proximite\/normes-dassurance-de-la-qualite-lors-du-depistage-de-proximite\/","title":{"rendered":"Normes d\u2019assurance de la qualit\u00e9 lors du d\u00e9pistage de proximit\u00e9"},"content":{"rendered":"\n<h1 class=\"wp-block-heading\">Normes d\u2019assurance de la qualit\u00e9 lors du d\u00e9pistage de proximit\u00e9<\/h1>\n\n\n\n<p>Les sites doivent respecter les normes d\u2019assurance de la qualit\u00e9 et d\u2019entreposage partout o\u00f9 des d\u00e9pistages sont effectu\u00e9s, y compris dans les lieux de travail de proximit\u00e9 ou \u00e0 l\u2019ext\u00e9rieur lors d\u2019\u00e9v\u00e9nements communautaires.<\/p>\n\n\n\n<h3 class=\"wp-block-heading\">Temp\u00e9rature et entreposage des trousses<\/h3>\n\n\n\n<p>Les trousses ne peuvent pas \u00eatre entrepos\u00e9es pour la nuit ou pendant une p\u00e9riode prolong\u00e9e dans des lieux\/espaces (p. ex., des v\u00e9hicules ou des maisons) o\u00f9 il n\u2019est pas possible de surveiller la temp\u00e9rature. M\u00eame pour de courtes p\u00e9riodes, les trousses ne devraient pas \u00eatre conserv\u00e9es dans des endroits o\u00f9 la temp\u00e9rature est susceptible de d\u00e9passer 30&nbsp;\u00b0C. Puisque les trousses de d\u00e9pistage peuvent \u00eatre conserv\u00e9es entre 2 et 30&nbsp;\u00b0C, un r\u00e9frig\u00e9rateur de bar ou la r\u00e9frig\u00e9ration dans un espace \u00e0 proximit\u00e9 peut \u00eatre une solution appropri\u00e9e pour les \u00e9v\u00e9nements ext\u00e9rieurs quand le temps est chaud.<\/p>\n\n\n\n<h3 class=\"wp-block-heading\">Espace de d\u00e9pistage et de counseling<\/h3>\n\n\n\n<p>L\u2019espace o\u00f9 le counseling et la lecture du r\u00e9sultat sont effectu\u00e9s devrait \u00eatre priv\u00e9. Il devrait \u00eatre dot\u00e9 d\u2019une surface plane et appropri\u00e9e sur laquelle effectuer le d\u00e9pistage afin d\u2019\u00e9viter tout d\u00e9versement. Le personnel pourrait avoir besoin d\u2019une mallette de transport et d\u2019un porte-papier. S\u2019il est d\u2019usage dans votre site de lire le r\u00e9sultat du test hors de la vue du patient, vous devrez \u00e9galement r\u00e9fl\u00e9chir \u00e0 la mani\u00e8re d\u2019accommoder cette pratique.<\/p>\n\n\n\n<h3 class=\"wp-block-heading\">\u00c9limination des d\u00e9chets<\/h3>\n\n\n\n<p>Les services de d\u00e9pistage dans des sites de proximit\u00e9 doivent avoir acc\u00e8s \u00e0 l\u2019\u00e9limination des d\u00e9chets biologiques dangereux, y compris un contenant pour objets pointus et tranchants o\u00f9 jeter les lancettes usag\u00e9es.<\/p>\n","protected":false},"excerpt":{"rendered":"<p>Normes d\u2019assurance de la qualit\u00e9 lors du d\u00e9pistage de proximit\u00e9 Les sites doivent respecter les normes d\u2019assurance de la qualit\u00e9 et d\u2019entreposage partout o\u00f9 des d\u00e9pistages sont effectu\u00e9s, y compris dans les lieux de travail de proximit\u00e9 ou \u00e0 l\u2019ext\u00e9rieur lors d\u2019\u00e9v\u00e9nements communautaires. Temp\u00e9rature et entreposage des trousses Les trousses ne peuvent pas \u00eatre entrepos\u00e9es [&hellip;]<\/p>\n","protected":false},"author":1,"featured_media":0,"parent":1482,"menu_order":0,"comment_status":"closed","ping_status":"closed","template":"","meta":{"footnotes":"","_links_to":"","_links_to_target":""},"class_list":["post-1811","page","type-page","status-publish","hentry"],"_links":{"self":[{"href":"https:\/\/hivtestingontario.ca\/fr\/wp-json\/wp\/v2\/pages\/1811","targetHints":{"allow":["GET"]}}],"collection":[{"href":"https:\/\/hivtestingontario.ca\/fr\/wp-json\/wp\/v2\/pages"}],"about":[{"href":"https:\/\/hivtestingontario.ca\/fr\/wp-json\/wp\/v2\/types\/page"}],"author":[{"embeddable":true,"href":"https:\/\/hivtestingontario.ca\/fr\/wp-json\/wp\/v2\/users\/1"}],"replies":[{"embeddable":true,"href":"https:\/\/hivtestingontario.ca\/fr\/wp-json\/wp\/v2\/comments?post=1811"}],"version-history":[{"count":1,"href":"https:\/\/hivtestingontario.ca\/fr\/wp-json\/wp\/v2\/pages\/1811\/revisions"}],"predecessor-version":[{"id":1812,"href":"https:\/\/hivtestingontario.ca\/fr\/wp-json\/wp\/v2\/pages\/1811\/revisions\/1812"}],"up":[{"embeddable":true,"href":"https:\/\/hivtestingontario.ca\/fr\/wp-json\/wp\/v2\/pages\/1482"}],"wp:attachment":[{"href":"https:\/\/hivtestingontario.ca\/fr\/wp-json\/wp\/v2\/media?parent=1811"}],"curies":[{"name":"wp","href":"https:\/\/api.w.org\/{rel}","templated":true}]}}