{"id":1780,"date":"2021-08-29T23:50:25","date_gmt":"2021-08-29T23:50:25","guid":{"rendered":"https:\/\/hivtestingontario.ca\/?page_id=1780"},"modified":"2021-08-29T23:50:25","modified_gmt":"2021-08-29T23:50:25","slug":"en-ontario-le-depistage-du-vih-est-arcch","status":"publish","type":"page","link":"https:\/\/hivtestingontario.ca\/fr\/en-ontario-le-depistage-du-vih-est-arcch\/","title":{"rendered":"En Ontario, le d\u00e9pistage du VIH est ARCCH"},"content":{"rendered":"\n<h1 class=\"wp-block-heading\">En Ontario, le d\u00e9pistage du VIH est ARCCH<\/h1>\n\n\n\n<p>En Ontario, le test de d\u00e9pistage du VIH est ARCCH. Les lignes directrices ontariennes sur le d\u00e9pistage pr\u00e9cisent que tous les services de d\u00e9pistage du VIH (y compris au point de service) sont&nbsp;:<\/p>\n\n\n\n<ul class=\"wp-block-list\"><li><strong>A<\/strong>dapt\u00e9s \u2013 Chaque interaction pour un d\u00e9pistage r\u00e9pond aux besoins du client et est adapt\u00e9e selon ses pr\u00e9occupations et ses questions.<\/li><li><strong>R<\/strong>espectueux \u2013 Chaque interaction pour un d\u00e9pistage aborde chaque client avec respect et franchise, afin d\u2019examiner les \u00e9l\u00e9ments du risque sans porter de jugement et sans stigmatiser.<\/li><li><strong>C<\/strong>onsentis \u2013 Les personnes d\u00e9pist\u00e9es pour le VIH doivent avoir choisi de passer le test et avoir r\u00e9fl\u00e9chi aux cons\u00e9quences qu\u2019un test r\u00e9actif pourrait avoir dans leur vie.<\/li><li><strong>C<\/strong>onfidentiels \u2013 Les personnes d\u00e9pist\u00e9es pour le VIH ont confiance que leur vie priv\u00e9e sera respect\u00e9e.<\/li><li><strong>H<\/strong>aute qualit\u00e9 \u2013 Les personnes d\u00e9pist\u00e9es pour le VIH ont acc\u00e8s \u00e0 un continuum de services de grande qualit\u00e9, y compris un d\u00e9pistage pr\u00e9cis pour le VIH, mais \u00e9galement une orientation vers d\u2019autres services n\u00e9cessaires de pr\u00e9vention et de soins.<\/li><\/ul>\n","protected":false},"excerpt":{"rendered":"<p>En Ontario, le d\u00e9pistage du VIH est ARCCH En Ontario, le test de d\u00e9pistage du VIH est ARCCH. Les lignes directrices ontariennes sur le d\u00e9pistage pr\u00e9cisent que tous les services de d\u00e9pistage du VIH (y compris au point de service) sont&nbsp;: Adapt\u00e9s \u2013 Chaque interaction pour un d\u00e9pistage r\u00e9pond aux besoins du client et est [&hellip;]<\/p>\n","protected":false},"author":1,"featured_media":0,"parent":0,"menu_order":0,"comment_status":"closed","ping_status":"closed","template":"","meta":{"footnotes":"","_links_to":"","_links_to_target":""},"class_list":["post-1780","page","type-page","status-publish","hentry"],"_links":{"self":[{"href":"https:\/\/hivtestingontario.ca\/fr\/wp-json\/wp\/v2\/pages\/1780","targetHints":{"allow":["GET"]}}],"collection":[{"href":"https:\/\/hivtestingontario.ca\/fr\/wp-json\/wp\/v2\/pages"}],"about":[{"href":"https:\/\/hivtestingontario.ca\/fr\/wp-json\/wp\/v2\/types\/page"}],"author":[{"embeddable":true,"href":"https:\/\/hivtestingontario.ca\/fr\/wp-json\/wp\/v2\/users\/1"}],"replies":[{"embeddable":true,"href":"https:\/\/hivtestingontario.ca\/fr\/wp-json\/wp\/v2\/comments?post=1780"}],"version-history":[{"count":1,"href":"https:\/\/hivtestingontario.ca\/fr\/wp-json\/wp\/v2\/pages\/1780\/revisions"}],"predecessor-version":[{"id":1781,"href":"https:\/\/hivtestingontario.ca\/fr\/wp-json\/wp\/v2\/pages\/1780\/revisions\/1781"}],"wp:attachment":[{"href":"https:\/\/hivtestingontario.ca\/fr\/wp-json\/wp\/v2\/media?parent=1780"}],"curies":[{"name":"wp","href":"https:\/\/api.w.org\/{rel}","templated":true}]}}