{"id":1568,"date":"2021-08-29T21:48:59","date_gmt":"2021-08-29T21:48:59","guid":{"rendered":"https:\/\/hivtestingontario.ca\/stage\/?page_id=1568"},"modified":"2021-08-30T12:18:58","modified_gmt":"2021-08-30T12:18:58","slug":"portail-de-gestion-de-linventaire-du-programme-de-depistage-rapide-du-vih","status":"publish","type":"page","link":"https:\/\/hivtestingontario.ca\/fr\/cep\/portail-de-gestion-de-linventaire-du-programme-de-depistage-rapide-du-vih\/","title":{"rendered":"Portail de Gestion de l\u2019Inventaire du Programme de D\u00e9pistage Rapide du VIH"},"content":{"rendered":"\n<h1 class=\"wp-block-heading\">Portail de Gestion de l\u2019Inventaire du Programme de D\u00e9pistage Rapide du VIH<\/h1>\n\n\n\n<p>Les sites de d\u00e9pistage g\u00e8rent un grand nombre de leurs fournitures par l\u2019interm\u00e9diaire du&nbsp;<a href=\"https:\/\/www.hivpoct.ca\/\">portail<\/a>&nbsp;de gestion des stocks du programme de d\u00e9pistage rapide du VIH.<\/p>\n\n\n\n<p>Les trousses de d\u00e9pistages du VIH pour les points de service sont exp\u00e9di\u00e9es en Ontario par le fabricant. Elles sont gard\u00e9es dans l\u2019entrep\u00f4t des Services d\u2019Approvisionnement Pharmaceutique et M\u00e9dical du Gouvernement de l\u2019Ontario \u00e0 Toronto pour \u00eatre distribu\u00e9es dans toute la province. Les autres fournitures sont fournies directement par le fabricant et par d\u2019autres vendeurs\/fournisseurs.<\/p>\n\n\n\n<p>Le&nbsp;<a href=\"https:\/\/www.hivpoct.ca\/\">portail de gestion des stocks du programme de d\u00e9pistage rapide du VIH<\/a>&nbsp;peut \u00eatre utilis\u00e9 par les sites pour commander ce qui suit:<\/p>\n\n\n\n<ul class=\"wp-block-list\"><li>Les trousses de d\u00e9pistage des PS<\/li><li>Les contr\u00f4les de qualit\u00e9 positifs et n\u00e9gatifs<\/li><li>Les panels de certification<\/li><li>Les ampoules et pipettes \u00e0 action capillaire<\/li><li>Les lancettes<\/li><\/ul>\n\n\n\n<p>Il est important de se familiariser avec l\u2019emballage des fournitures afin de garantir la bonne manipulation des mat\u00e9riaux, en particulier ceux qui n\u00e9cessitent une r\u00e9frig\u00e9ration imm\u00e9diate. La&nbsp;<a href=\"https:\/\/hivtestingontario.ca\/wp-content\/uploads\/2020\/07\/Guide_de_R%C3%A9f%C3%A9rence_Rapide.pdf\">carte de r\u00e9f\u00e9rence rapide des fournitures pour le d\u00e9pistage du VIH<\/a>&nbsp;au PS indique \u00e9galement quelles fournitures n\u00e9cessitent une r\u00e9frig\u00e9ration.<\/p>\n\n\n\n<p>Le portail est \u00e9galement utilis\u00e9 par les sites pour:<\/p>\n\n\n\n<ul class=\"wp-block-list\"><li>Rendre compte de l\u2019utilisation des trousses de d\u00e9pistage du PS uniquement (voir ci-dessous)<\/li><li>Confirmer l\u2019exp\u00e9dition de nouvelles trousses et les num\u00e9ros de lot des trousses re\u00e7ues (il n\u2019est pas n\u00e9cessaire de confirmer la r\u00e9ception des contr\u00f4les de la qualit\u00e9, des panels de certification ou d\u2019autres fournitures)<\/li><li>Surveiller l\u2019inventaire des trousses de d\u00e9pistage au PS sur votre site \u2013 y compris l\u2019examen des commandes pass\u00e9es\/en cours, le nombre de trousses inutilis\u00e9es dans votre inventaire actuel et les dates d\u2019expiration des trousses disponibles en stock<\/li><\/ul>\n\n\n\n<p>Le programme de lutte contre le sida et l\u2019h\u00e9patite C utilise les donn\u00e9es recueillies par le biais du portail pour surveiller l\u2019utilisation des d\u00e9pistages du VIH des PS dans la province, afin de signaler rapidement tout probl\u00e8me li\u00e9 aux proc\u00e9dures de d\u00e9pistage et pour garantir le respect des proc\u00e9dures d\u2019assurance de la qualit\u00e9. Lorsqu\u2019un site est cr\u00e9\u00e9, le superviseur\/responsable de l\u2019assurance de la qualit\u00e9 re\u00e7oit un identifiant et est form\u00e9 \u00e0 l\u2019utilisation du portail par le personnel du programme de lutte contre le sida et l\u2019h\u00e9patite C.<\/p>\n\n\n\n<blockquote class=\"wp-block-quote is-layout-flow wp-block-quote-is-layout-flow\"><p>Les informations sur l\u2019utilisation des trousses doivent \u00eatre mises \u00e0 jour sur le portail avant de commander de nouvelles trousses. Pour plus d\u2019informations sur les rapports d\u2019utilisation des trousses, consultez le&nbsp;<a href=\"https:\/\/www.hivpoct.ca\/Help\/AIDSBureauUG.pdf\">guide d\u2019utilisation<\/a>&nbsp;du portail de gestion des stocks et la br\u00e8ve formation sur&nbsp;<a href=\"https:\/\/hivtestingontario.cafr\/cep\/mensuel\/\">les rapports r\u00e9capitulatifs mensuels<\/a>.<br><br>Le programme de lutte contre le sida et l\u2019h\u00e9patite C contr\u00f4le r\u00e9guli\u00e8rement le syst\u00e8me d\u2019inventaire. Si un site semble commander trop de fournitures ou utiliser des tests de d\u00e9pistage p\u00e9rim\u00e9s, le minist\u00e8re m\u00e8nera une enqu\u00eate. Pendant l\u2019enqu\u00eate, toute nouvelle commande sera refus\u00e9e.<\/p><\/blockquote>\n","protected":false},"excerpt":{"rendered":"<p>Portail de Gestion de l\u2019Inventaire du Programme de D\u00e9pistage Rapide du VIH Les sites de d\u00e9pistage g\u00e8rent un grand nombre de leurs fournitures par l\u2019interm\u00e9diaire du&nbsp;portail&nbsp;de gestion des stocks du programme de d\u00e9pistage rapide du VIH. Les trousses de d\u00e9pistages du VIH pour les points de service sont exp\u00e9di\u00e9es en Ontario par le fabricant. Elles [&hellip;]<\/p>\n","protected":false},"author":6,"featured_media":0,"parent":1441,"menu_order":0,"comment_status":"closed","ping_status":"closed","template":"","meta":{"footnotes":"","_links_to":"","_links_to_target":""},"class_list":["post-1568","page","type-page","status-publish","hentry"],"_links":{"self":[{"href":"https:\/\/hivtestingontario.ca\/fr\/wp-json\/wp\/v2\/pages\/1568","targetHints":{"allow":["GET"]}}],"collection":[{"href":"https:\/\/hivtestingontario.ca\/fr\/wp-json\/wp\/v2\/pages"}],"about":[{"href":"https:\/\/hivtestingontario.ca\/fr\/wp-json\/wp\/v2\/types\/page"}],"author":[{"embeddable":true,"href":"https:\/\/hivtestingontario.ca\/fr\/wp-json\/wp\/v2\/users\/6"}],"replies":[{"embeddable":true,"href":"https:\/\/hivtestingontario.ca\/fr\/wp-json\/wp\/v2\/comments?post=1568"}],"version-history":[{"count":1,"href":"https:\/\/hivtestingontario.ca\/fr\/wp-json\/wp\/v2\/pages\/1568\/revisions"}],"predecessor-version":[{"id":1894,"href":"https:\/\/hivtestingontario.ca\/fr\/wp-json\/wp\/v2\/pages\/1568\/revisions\/1894"}],"up":[{"embeddable":true,"href":"https:\/\/hivtestingontario.ca\/fr\/wp-json\/wp\/v2\/pages\/1441"}],"wp:attachment":[{"href":"https:\/\/hivtestingontario.ca\/fr\/wp-json\/wp\/v2\/media?parent=1568"}],"curies":[{"name":"wp","href":"https:\/\/api.w.org\/{rel}","templated":true}]}}