{"id":1558,"date":"2021-08-29T19:48:45","date_gmt":"2021-08-29T19:48:45","guid":{"rendered":"https:\/\/hivtestingontario.ca\/stage\/1531-2\/"},"modified":"2025-07-09T17:46:43","modified_gmt":"2025-07-09T17:46:43","slug":"frhome","status":"publish","type":"page","link":"https:\/\/hivtestingontario.ca\/fr\/","title":{"rendered":"French home"},"content":{"rendered":"\n<div class=\"wp-block-columns is-layout-flex wp-container-core-columns-is-layout-9d6595d7 wp-block-columns-is-layout-flex\">\n<div class=\"wp-block-column frontcard3 is-layout-flow wp-block-column-is-layout-flow\">\n<figure class=\"wp-block-image size-full\"><img loading=\"lazy\" decoding=\"async\" width=\"814\" height=\"520\" src=\"https:\/\/hivtestingontario.ca\/wp-content\/uploads\/2024\/05\/doctor.png\" alt=\"\" class=\"wp-image-2412\" srcset=\"https:\/\/hivtestingontario.ca\/wp-content\/uploads\/2024\/05\/doctor.png 814w, https:\/\/hivtestingontario.ca\/wp-content\/uploads\/2024\/05\/doctor-300x192.png 300w, https:\/\/hivtestingontario.ca\/wp-content\/uploads\/2024\/05\/doctor-768x491.png 768w\" sizes=\"auto, (max-width: 814px) 100vw, 814px\" \/><\/figure>\n\n\n\n<h1 class=\"wp-block-heading front-page-header has-text-color\" style=\"color:#b32126\"><a href=\"https:\/\/hivtestingontario.ca\/fr\/linges-directrices-ontariennes-a-des-presetataires-de-soins-qui-offrent-le-depistage-du-vih\/\" target=\"_blank\" rel=\"noreferrer noopener\">Lignes directrices de l&#8217;Ontario \u00e0 l&#8217;intention des prestataires de services de d\u00e9pistage du VIH<\/a><\/h1>\n\n\n\n<p>De nouvelles lignes directrices en mati\u00e8re de tests pour 2023 ont \u00e9t\u00e9 \u00e9labor\u00e9es sp\u00e9cifiquement pour l\u2019Ontario afin d\u2019aider \u00e0 atteindre les personnes non diagnostiqu\u00e9es.<\/p>\n<\/div>\n\n\n\n<div class=\"wp-block-column frontcard3 is-layout-flow wp-block-column-is-layout-flow\">\n<figure class=\"wp-block-image size-full\"><a href=\"https:\/\/hivtestingontario.ca\/poc\/counsellor-training\/\"><img loading=\"lazy\" decoding=\"async\" width=\"352\" height=\"225\" src=\"https:\/\/hivtestingontario.ca\/wp-content\/uploads\/2020\/04\/training.php-2.png\" alt=\"\" class=\"wp-image-656\" srcset=\"https:\/\/hivtestingontario.ca\/wp-content\/uploads\/2020\/04\/training.php-2.png 352w, https:\/\/hivtestingontario.ca\/wp-content\/uploads\/2020\/04\/training.php-2-300x192.png 300w\" sizes=\"auto, (max-width: 352px) 100vw, 352px\" \/><\/a><\/figure>\n\n\n\n<h1 class=\"wp-block-heading front-page-header\"><a href=\"https:\/\/hivtestingontario.ca\/poc\/counsellor-training\/\" target=\"_blank\" rel=\"noreferrer noopener\">Formation aux tests au point de service<\/a><\/h1>\n\n\n\n<p>Mat\u00e9riel de formation et informations pour garantir les normes de qualit\u00e9 et les meilleures pratiques pour les sites de tests au point de service.<\/p>\n<\/div>\n\n\n\n<div class=\"wp-block-column frontcard3 is-layout-flow wp-block-column-is-layout-flow\">\n<figure class=\"wp-block-image size-full\"><a href=\"https:\/\/hivtestingontario.ca\/self-testing\/\"><img loading=\"lazy\" decoding=\"async\" width=\"731\" height=\"472\" src=\"https:\/\/hivtestingontario.ca\/wp-content\/uploads\/2020\/08\/self-test2.jpg\" alt=\"\" class=\"wp-image-1315\" srcset=\"https:\/\/hivtestingontario.ca\/wp-content\/uploads\/2020\/08\/self-test2.jpg 731w, https:\/\/hivtestingontario.ca\/wp-content\/uploads\/2020\/08\/self-test2-300x194.jpg 300w\" sizes=\"auto, (max-width: 731px) 100vw, 731px\" \/><\/a><\/figure>\n\n\n\n<h1 class=\"wp-block-heading front-page-header\"><a href=\"https:\/\/hivtestingontario.ca\/self-testing\/\">Autodepistage<\/a><\/h1>\n\n\n\n<p>Le Canada a approuv\u00e9 son premier autotest\/test \u00e0 domicile pour le VIH le 3 novembre 2020.<\/p>\n<\/div>\n<\/div>\n\n\n\n<hr class=\"wp-block-separator has-css-opacity\"\/>\n\n\n\n<h2 class=\"wp-block-heading\">Ontario HIV Resources<\/h2>\n\n\n\n<div class=\"wp-block-columns is-layout-flex wp-container-core-columns-is-layout-9d6595d7 wp-block-columns-is-layout-flex\">\n<div class=\"wp-block-column is-layout-flow wp-block-column-is-layout-flow\">\n<figure class=\"wp-block-image\"><a href=\"https:\/\/www.ohesi.ca\/\"><img loading=\"lazy\" decoding=\"async\" width=\"150\" height=\"70\" src=\"https:\/\/hivtestingontario.ca\/wp-content\/uploads\/2019\/03\/ohesi.jpg\" alt=\"\" class=\"wp-image-139\"\/><\/a><\/figure>\n<\/div>\n\n\n\n<div class=\"wp-block-column is-layout-flow wp-block-column-is-layout-flow\">\n<figure class=\"wp-block-image\"><a href=\"http:\/\/www.ohtn.on.ca\/\"><img loading=\"lazy\" decoding=\"async\" width=\"150\" height=\"70\" src=\"https:\/\/hivtestingontario.ca\/wp-content\/uploads\/2019\/03\/ohtn.jpg\" alt=\"\" class=\"wp-image-140\"\/><\/a><\/figure>\n<\/div>\n\n\n\n<div class=\"wp-block-column is-layout-flow wp-block-column-is-layout-flow\">\n<figure class=\"wp-block-image\"><a href=\"https:\/\/occguidelines.com\/\"><img decoding=\"async\" src=\"https:\/\/hivtestingontario.ca\/wp-content\/uploads\/2019\/03\/occ.jpg\" alt=\"\"\/><\/a><\/figure>\n<\/div>\n\n\n\n<div class=\"wp-block-column is-layout-flow wp-block-column-is-layout-flow\"><div class=\"wp-block-image\">\n<figure class=\"aligncenter is-resized\"><a href=\"https:\/\/ontarioprep.ca\/\"><img decoding=\"async\" src=\"https:\/\/hivtestingontario.ca\/wp-content\/uploads\/2020\/03\/PrEP_Logo_Blue.png\" alt=\"OntarioPrEP\" style=\"width:68px;height:68px\"\/><\/a><\/figure><\/div><\/div>\n\n\n\n<div class=\"wp-block-column is-layout-flow wp-block-column-is-layout-flow\">\n<figure class=\"wp-block-image\"><a href=\"https:\/\/hivevidence.org\/\"><img decoding=\"async\" src=\"https:\/\/hivtestingontario.ca\/wp-content\/uploads\/2019\/11\/sharelogo.jpg\" alt=\"share\"\/><\/a><\/figure>\n<\/div>\n<\/div>\n","protected":false},"excerpt":{"rendered":"<p>Lignes directrices de l&#8217;Ontario \u00e0 l&#8217;intention des prestataires de services de d\u00e9pistage du VIH De nouvelles lignes directrices en mati\u00e8re de tests pour 2023 ont \u00e9t\u00e9 \u00e9labor\u00e9es sp\u00e9cifiquement pour l\u2019Ontario afin d\u2019aider \u00e0 atteindre les personnes non diagnostiqu\u00e9es. Formation aux tests au point de service Mat\u00e9riel de formation et informations pour garantir les normes de [&hellip;]<\/p>\n","protected":false},"author":6,"featured_media":0,"parent":0,"menu_order":0,"comment_status":"closed","ping_status":"closed","template":"","meta":{"footnotes":"","_links_to":"","_links_to_target":""},"class_list":["post-1558","page","type-page","status-publish","hentry"],"_links":{"self":[{"href":"https:\/\/hivtestingontario.ca\/fr\/wp-json\/wp\/v2\/pages\/1558","targetHints":{"allow":["GET"]}}],"collection":[{"href":"https:\/\/hivtestingontario.ca\/fr\/wp-json\/wp\/v2\/pages"}],"about":[{"href":"https:\/\/hivtestingontario.ca\/fr\/wp-json\/wp\/v2\/types\/page"}],"author":[{"embeddable":true,"href":"https:\/\/hivtestingontario.ca\/fr\/wp-json\/wp\/v2\/users\/6"}],"replies":[{"embeddable":true,"href":"https:\/\/hivtestingontario.ca\/fr\/wp-json\/wp\/v2\/comments?post=1558"}],"version-history":[{"count":6,"href":"https:\/\/hivtestingontario.ca\/fr\/wp-json\/wp\/v2\/pages\/1558\/revisions"}],"predecessor-version":[{"id":2667,"href":"https:\/\/hivtestingontario.ca\/fr\/wp-json\/wp\/v2\/pages\/1558\/revisions\/2667"}],"wp:attachment":[{"href":"https:\/\/hivtestingontario.ca\/fr\/wp-json\/wp\/v2\/media?parent=1558"}],"curies":[{"name":"wp","href":"https:\/\/api.w.org\/{rel}","templated":true}]}}