{"id":1529,"date":"2021-08-29T19:25:11","date_gmt":"2021-08-29T19:25:11","guid":{"rendered":"https:\/\/hivtestingontario.ca\/stage\/?page_id=1529"},"modified":"2021-08-29T23:52:08","modified_gmt":"2021-08-29T23:52:08","slug":"conditions-dutilisation","status":"publish","type":"page","link":"https:\/\/hivtestingontario.ca\/fr\/conditions-dutilisation\/","title":{"rendered":"Conditions d\u2019utilisation"},"content":{"rendered":"\n<h1 class=\"wp-block-heading\">Conditions d\u2019utilisation<\/h1>\n\n\n\n<p>Les conditions d\u2019utilisation suivantes s\u2019appliquent lorsque vous naviguez sur le site hivtestingOntario&nbsp;:<\/p>\n\n\n\n<ul class=\"wp-block-list\"><li>Le contenu affich\u00e9 sur les pages Web de hivtestingOntario est fourni uniquement \u00e0 titre informatif et n\u2019est pas destin\u00e9 \u00e0 servir d\u2019avis m\u00e9dical ou juridique. Consultez toujours un m\u00e9decin ou un avocat agr\u00e9\u00e9 avant de prendre des d\u00e9cisions ayant des implications m\u00e9dicales ou juridiques.<\/li><li>Bien que nous fassions de notre mieux pour nous assurer que le contenu est exact au moment de sa publication, des erreurs peuvent survenir. Des informations peuvent \u00e9galement devenir obsol\u00e8tes. Le contenu des pages Web, des documents PDF et d\u2019autres \u00e9l\u00e9ments des pages du site hivtestingOntario peut changer p\u00e9riodiquement sans pr\u00e9avis.<\/li><li>Le contenu pr\u00e9sent\u00e9 dans les pages du site hivtestingOntario n\u2019est pas destin\u00e9 \u00e0 un usage commercial. Le contenu et les outils pr\u00e9sent\u00e9 dans ces pages visent \u00e0 favoriser la mise en \u0153uvre des meilleures pratiques en mati\u00e8re de d\u00e9pistage du VIH en Ontario. Ils peuvent \u00eatre utilis\u00e9s et partag\u00e9s librement \u00e0 cette fin.<\/li><li>Le contenu pr\u00e9sent\u00e9 dans les pages du site hivtestingOntario peut contenir des opinions exprim\u00e9es par des chercheurs, des cliniciens, des travailleurs de soutien, des membres de la communaut\u00e9, des d\u00e9cideurs et d\u2019autres intervenants de l\u2019OHTN. Bien que nous respections ces opinions, leur inclusion ne devrait pas \u00eatre consid\u00e9r\u00e9e comme une approbation par l\u2019OHTN ou le minist\u00e8re de la Sant\u00e9.<\/li><\/ul>\n\n\n\n<p>Veuillez contacter <a href=\"mailto:info@ohtn.on.ca\">info@ohtn.on.ca<\/a> pour toute question ou pr\u00e9occupation concernant ces conditions d\u2019utilisation.<\/p>\n","protected":false},"excerpt":{"rendered":"<p>Conditions d\u2019utilisation Les conditions d\u2019utilisation suivantes s\u2019appliquent lorsque vous naviguez sur le site hivtestingOntario&nbsp;: Le contenu affich\u00e9 sur les pages Web de hivtestingOntario est fourni uniquement \u00e0 titre informatif et n\u2019est pas destin\u00e9 \u00e0 servir d\u2019avis m\u00e9dical ou juridique. Consultez toujours un m\u00e9decin ou un avocat agr\u00e9\u00e9 avant de prendre des d\u00e9cisions ayant des implications [&hellip;]<\/p>\n","protected":false},"author":6,"featured_media":0,"parent":0,"menu_order":0,"comment_status":"closed","ping_status":"closed","template":"","meta":{"footnotes":"","_links_to":"","_links_to_target":""},"class_list":["post-1529","page","type-page","status-publish","hentry"],"_links":{"self":[{"href":"https:\/\/hivtestingontario.ca\/fr\/wp-json\/wp\/v2\/pages\/1529","targetHints":{"allow":["GET"]}}],"collection":[{"href":"https:\/\/hivtestingontario.ca\/fr\/wp-json\/wp\/v2\/pages"}],"about":[{"href":"https:\/\/hivtestingontario.ca\/fr\/wp-json\/wp\/v2\/types\/page"}],"author":[{"embeddable":true,"href":"https:\/\/hivtestingontario.ca\/fr\/wp-json\/wp\/v2\/users\/6"}],"replies":[{"embeddable":true,"href":"https:\/\/hivtestingontario.ca\/fr\/wp-json\/wp\/v2\/comments?post=1529"}],"version-history":[{"count":1,"href":"https:\/\/hivtestingontario.ca\/fr\/wp-json\/wp\/v2\/pages\/1529\/revisions"}],"predecessor-version":[{"id":1783,"href":"https:\/\/hivtestingontario.ca\/fr\/wp-json\/wp\/v2\/pages\/1529\/revisions\/1783"}],"wp:attachment":[{"href":"https:\/\/hivtestingontario.ca\/fr\/wp-json\/wp\/v2\/media?parent=1529"}],"curies":[{"name":"wp","href":"https:\/\/api.w.org\/{rel}","templated":true}]}}