{"id":1525,"date":"2021-08-29T19:21:40","date_gmt":"2021-08-29T19:21:40","guid":{"rendered":"https:\/\/hivtestingontario.ca\/stage\/?page_id=1525"},"modified":"2022-02-10T20:45:22","modified_gmt":"2022-02-10T20:45:22","slug":"sur","status":"publish","type":"page","link":"https:\/\/hivtestingontario.ca\/fr\/sur\/","title":{"rendered":"\u00c0 propos de ce site"},"content":{"rendered":"\n<p>Le site Web sur le d\u00e9pistage du VIH en Ontario a \u00e9t\u00e9 cr\u00e9\u00e9 par le R\u00e9seau ontarien de traitement du VIH <a href=\"https:\/\/www.ohtn.on.ca\/\" data-type=\"URL\" data-id=\"https:\/\/www.ohtn.on.ca\/\">(OHTN<\/a>), en collaboration avec les Programmes sur le sida et l\u2019h\u00e9patite C du minist\u00e8re de la Sant\u00e9 et avec des prestataires de soins de premi\u00e8re ligne des quatre coins de l\u2019Ontario. Il vise \u00e0 soutenir le d\u00e9pistage du VIH dans divers contextes et \u00e0 faire en sorte que ces services soient toujours <a href=\"https:\/\/hivtestingontario.ca\/fr\/en-ontario-le-depistage-du-vih-est-arcch\/\" data-type=\"URL\" data-id=\"https:\/\/hivtestingontario.ca\/fr\/en-ontario-le-depistage-du-vih-est-arcch\/\">ARCCH.<\/a> Nous tenons \u00e9galement \u00e0 souligner l\u2019apport du cabinet du m\u00e9decin hygi\u00e9niste en chef et de Sant\u00e9 Publique Ontario.<\/p>\n\n\n\n<p>Nous remercions les conseillers b\u00e9n\u00e9voles qui ont contribu\u00e9 \u00e0 la pr\u00e9paration et \u00e0 la r\u00e9vision du contenu de ce site&nbsp;:<\/p>\n\n\n\n<h3 class=\"wp-block-heading\">Modules de formation pour les conseillers en d\u00e9pistage au point de service<\/h3>\n\n\n\n<p>Ces documents de formation ont \u00e9t\u00e9 examin\u00e9s par les personnes suivantes des sites de d\u00e9pistage au point de service en Ontario&nbsp;:<\/p>\n\n\n\n<ul class=\"wp-block-list\"><li>Linda Blake-Evans, superviseure des cliniques de la Ville d\u2019Hamilton<\/li><li>Tyler Boyce, coordonnateur du programme de p\u00e9pistage anonyme du VIH d\u2019Ottawa<\/li><li>Jane Greer, directrice, Hassle Free Clinic, Toronto<\/li><li>Richard MacDonagh, coordonnateur de programme, Options Cliniques, London<\/li><li>Leo Mitterni, directeur, Hassle Free Clinic, Toronto<\/li><li>Damian Power, superviseur, Programme de sexualit\u00e9 saine et sant\u00e9 publique de Peel.<\/li><\/ul>\n\n\n\n<p>Heather Jamieson et Zavare Tengra, responsables du d\u00e9pistage du VIH \u00e0 la Hassle Free Clinic, ont fourni de pr\u00e9cieux conseils sur l\u2019\u00e9laboration de nombreux documents de formation.<\/p>\n\n\n\n<p>Le contenu et les outils pr\u00e9sent\u00e9s dans ces pages visent \u00e0 appuyer la mise en \u0153uvre des meilleures pratiques de d\u00e9pistage du VIH en Ontario. Ils peuvent \u00eatre utilis\u00e9s et partag\u00e9s librement \u00e0 cette fin.<\/p>\n\n\n\n<p>Traduction fran\u00e7aise des pages Web par Kadidja Mon\u00e9.<\/p>\n","protected":false},"excerpt":{"rendered":"<p>Le site Web sur le d\u00e9pistage du VIH en Ontario a \u00e9t\u00e9 cr\u00e9\u00e9 par le R\u00e9seau ontarien de traitement du VIH (OHTN), en collaboration avec les Programmes sur le sida et l\u2019h\u00e9patite C du minist\u00e8re de la Sant\u00e9 et avec des prestataires de soins de premi\u00e8re ligne des quatre coins de l\u2019Ontario. Il vise \u00e0 [&hellip;]<\/p>\n","protected":false},"author":6,"featured_media":0,"parent":0,"menu_order":0,"comment_status":"closed","ping_status":"closed","template":"","meta":{"footnotes":"","_links_to":"","_links_to_target":""},"class_list":["post-1525","page","type-page","status-publish","hentry"],"_links":{"self":[{"href":"https:\/\/hivtestingontario.ca\/fr\/wp-json\/wp\/v2\/pages\/1525","targetHints":{"allow":["GET"]}}],"collection":[{"href":"https:\/\/hivtestingontario.ca\/fr\/wp-json\/wp\/v2\/pages"}],"about":[{"href":"https:\/\/hivtestingontario.ca\/fr\/wp-json\/wp\/v2\/types\/page"}],"author":[{"embeddable":true,"href":"https:\/\/hivtestingontario.ca\/fr\/wp-json\/wp\/v2\/users\/6"}],"replies":[{"embeddable":true,"href":"https:\/\/hivtestingontario.ca\/fr\/wp-json\/wp\/v2\/comments?post=1525"}],"version-history":[{"count":2,"href":"https:\/\/hivtestingontario.ca\/fr\/wp-json\/wp\/v2\/pages\/1525\/revisions"}],"predecessor-version":[{"id":1980,"href":"https:\/\/hivtestingontario.ca\/fr\/wp-json\/wp\/v2\/pages\/1525\/revisions\/1980"}],"wp:attachment":[{"href":"https:\/\/hivtestingontario.ca\/fr\/wp-json\/wp\/v2\/media?parent=1525"}],"curies":[{"name":"wp","href":"https:\/\/api.w.org\/{rel}","templated":true}]}}