{"id":1522,"date":"2021-08-29T19:15:41","date_gmt":"2021-08-29T19:15:41","guid":{"rendered":"https:\/\/hivtestingontario.ca\/stage\/?page_id=1522"},"modified":"2022-06-03T17:18:24","modified_gmt":"2022-06-03T17:18:24","slug":"orientations-prevention-soutien","status":"publish","type":"page","link":"https:\/\/hivtestingontario.ca\/fr\/orientations-prevention-soutien\/","title":{"rendered":"Orientations pr\u00e9vention\/soutien"},"content":{"rendered":"\n<h1 class=\"wp-block-heading\">Pr\u00e9vention du VIH et orientation vers des services de soutien<\/h1>\n\n\n\n<p>Le d\u00e9pistage du VIH fait partie d\u2019un continuum de services de haute qualit\u00e9 offerts dans la province de l\u2019Ontario. Il s\u2019agit notamment des services de pr\u00e9vention pour aider \u00e0 pr\u00e9venir l\u2019infection par le VIH et \u00e0 la mise en contact avec une gamme de services de soins et de soutien cliniques pour les personnes s\u00e9ropositives. Le d\u00e9pistage du VIH est une passerelle importante vers tous ces services.<\/p>\n\n\n\n<p>Les prestataires de d\u00e9pistage du VIH sont encourag\u00e9s \u00e0 apprendre davantage sur les services d\u2019\u00e9ducation, de pr\u00e9vention et de soins en mati\u00e8re de VIH offerts en Ontario, et sur les services qui existent localement.<\/p>\n\n\n\n<p>Les organismes locaux de lutte contre le VIH fournissent&nbsp;:<\/p>\n\n\n\n<ul class=\"wp-block-list\"><li>des services de pr\u00e9vention et d\u2019\u00e9ducation pour aider \u00e0 pr\u00e9venir les infections, notamment par des groupes de soutien et du mat\u00e9riel de r\u00e9duction des m\u00e9faits<\/li><li>un soutien \u00e9motionnel et social aux personnes qui ont re\u00e7u un diagnostic de VIH afin de d\u00e9terminer ce que ce diagnostic signifie dans leur vie<\/li><li>des conseils pour trouver des services sociaux et de sant\u00e9 appropri\u00e9s, le cas \u00e9ch\u00e9ant.<\/li><\/ul>\n\n\n\n<p>Pour trouver des organismes locaux de services li\u00e9s au VIH, contactez <a href=\"https:\/\/211ontario.ca\/fr\/\">Ontario\u00a0211<\/a> (ou composez le 211 sur votre t\u00e9l\u00e9phone). Vous pouvez \u00e9galement consulter <a href=\"https:\/\/hiv411.ca\/fr\/\">VIH\u00a0411<\/a>, un service national g\u00e9r\u00e9 par <a href=\"https:\/\/www.catie.ca\/\">CATIE<\/a> pour aider les personnes \u00e0 trouver des organismes de services et de soutien li\u00e9s au VIH et \u00e0 l\u2019h\u00e9patite C. CATIE offre \u00e9galement un large \u00e9ventail de ressources d\u2019information sur le VIH et l\u2019h\u00e9patite C qui peuvent \u00eatre utiles aux personnes et aux prestataires de soins, y compris ces <a href=\"https:\/\/www.catie.ca\/fr\/vous-et-votre-sante\/ou-commencer\">resources pour les personnes nouvellement diagnostiqu\u00e9es<\/a>.<\/p>\n","protected":false},"excerpt":{"rendered":"<p>Pr\u00e9vention du VIH et orientation vers des services de soutien Le d\u00e9pistage du VIH fait partie d\u2019un continuum de services de haute qualit\u00e9 offerts dans la province de l\u2019Ontario. Il s\u2019agit notamment des services de pr\u00e9vention pour aider \u00e0 pr\u00e9venir l\u2019infection par le VIH et \u00e0 la mise en contact avec une gamme de services [&hellip;]<\/p>\n","protected":false},"author":6,"featured_media":0,"parent":0,"menu_order":0,"comment_status":"closed","ping_status":"closed","template":"","meta":{"footnotes":"","_links_to":"","_links_to_target":""},"class_list":["post-1522","page","type-page","status-publish","hentry"],"_links":{"self":[{"href":"https:\/\/hivtestingontario.ca\/fr\/wp-json\/wp\/v2\/pages\/1522","targetHints":{"allow":["GET"]}}],"collection":[{"href":"https:\/\/hivtestingontario.ca\/fr\/wp-json\/wp\/v2\/pages"}],"about":[{"href":"https:\/\/hivtestingontario.ca\/fr\/wp-json\/wp\/v2\/types\/page"}],"author":[{"embeddable":true,"href":"https:\/\/hivtestingontario.ca\/fr\/wp-json\/wp\/v2\/users\/6"}],"replies":[{"embeddable":true,"href":"https:\/\/hivtestingontario.ca\/fr\/wp-json\/wp\/v2\/comments?post=1522"}],"version-history":[{"count":2,"href":"https:\/\/hivtestingontario.ca\/fr\/wp-json\/wp\/v2\/pages\/1522\/revisions"}],"predecessor-version":[{"id":2102,"href":"https:\/\/hivtestingontario.ca\/fr\/wp-json\/wp\/v2\/pages\/1522\/revisions\/2102"}],"wp:attachment":[{"href":"https:\/\/hivtestingontario.ca\/fr\/wp-json\/wp\/v2\/media?parent=1522"}],"curies":[{"name":"wp","href":"https:\/\/api.w.org\/{rel}","templated":true}]}}