{"id":1520,"date":"2021-08-29T18:46:14","date_gmt":"2021-08-29T18:46:14","guid":{"rendered":"https:\/\/hivtestingontario.ca\/stage\/?page_id=1520"},"modified":"2022-06-03T17:20:56","modified_gmt":"2022-06-03T17:20:56","slug":"soins-cliniques-pour-le-vih","status":"publish","type":"page","link":"https:\/\/hivtestingontario.ca\/fr\/soins-cliniques-pour-le-vih\/","title":{"rendered":"Soins cliniques pour le VIH"},"content":{"rendered":"\n<h1 class=\"wp-block-heading\">Soins cliniques pour les personnes vivant avec le VIH<\/h1>\n\n\n\n<p>Des soins de haute qualit\u00e9, r\u00e9guliers et accessibles sont essentiels pour les personnes s\u00e9ropositives. Gr\u00e2ce \u00e0 des traitements et \u00e0 des soins efficaces, les personnes s\u00e9ropositives peuvent \u00eatre en bonne sant\u00e9 et avoir une esp\u00e9rance de vie pratiquement \u00e9gale \u00e0 celle de la population g\u00e9n\u00e9rale. Faire le pont entre les personnes nouvellement diagnostiqu\u00e9es et les soins primaires en VIH est une responsabilit\u00e9 cl\u00e9 des personnes qui effectuent le d\u00e9pistage du VIH. Les sites de d\u00e9pistage devraient soit \u00eatre en mesure de fournir eux-m\u00eames des soins primaires continus pour le VIH, soit \u00eatre familiers avec des ressources de soins primaires pour le VIH dans leur r\u00e9gion et faciliter la prise de rendez-vous dans ces cliniques pour leurs patients.<\/p>\n\n\n\n<p>Des lignes directrices compl\u00e8tes sur les soins \u00e0 prodiguer aux patients s\u00e9ropositifs sont accessibles \u00e0 <a href=\"http:\/\/occguidelines.com\/\">http:\/\/occguidelines.com\/<\/a>.<\/p>\n\n\n\n<p>La suppression compl\u00e8te et efficace de l\u2019ARN plasmatique du VIH-1 (charge virale) par l\u2019utilisation d\u2019un traitement antir\u00e9troviral peut r\u00e9duire consid\u00e9rablement les risques de mortalit\u00e9 et de morbidit\u00e9. Les plus r\u00e9centes donn\u00e9es indiquent qu\u2019il est souhaitable d\u2019amorcer rapidement le traitement antir\u00e9troviral apr\u00e8s le diagnostic, le plus t\u00f4t possible apr\u00e8s l\u2019infection.<\/p>\n\n\n\n<h3 class=\"wp-block-heading\">Conseils d\u2019experts en mati\u00e8re de soins cliniques pour le VIH<\/h3>\n\n\n\n<p><a href=\"https:\/\/otn.ca\/fr\/providers\/\">otnhub.ca<\/a> est un outil Web s\u00e9curis\u00e9 qui permet aux m\u00e9decins et aux infirmi\u00e8res praticiennes d\u2019acc\u00e9der rapidement \u00e0 des conseils sp\u00e9cialis\u00e9s. Les prestataires de soins qui souhaitent obtenir des conseils sur la prise en charge des personnes vivant avec le VIH peuvent utiliser cette ressource pour consulter des prestataires de soins exp\u00e9riment\u00e9s en mati\u00e8re de VIH ou d\u2019autres sp\u00e9cialistes du VIH.<\/p>\n\n\n\n<p>Si vous n\u2019avez pas encore acc\u00e8s \u00e0 ce service et souhaitez b\u00e9n\u00e9ficier de ce soutien, veiller contactez <a href=\"mailto:eConsultCOE@toh.ca\">eConsultCOE@toh.ca<\/a>;&nbsp;un coordonnateur de programme vous inscrira.<\/p>\n\n\n\n<h3 class=\"wp-block-heading\">Ressources suppl\u00e9mentaires (en anglais seulement)<\/h3>\n\n\n\n<p>Les lignes directrices canadiennes sur la <a href=\"https:\/\/www.cps.ca\/uploads\/committees\/16160_bitn.pdf\">pr\u00e9vention de la transmission verticale du VIH et la prise en charge du nourrisson expos\u00e9 au VIH au Canada<\/a> ont \u00e9t\u00e9 cr\u00e9\u00e9es par le Groupe canadien de recherche sur le sida p\u00e9diatrique et p\u00e9rinatal et le Comit\u00e9 des maladies infectieuses de la Soci\u00e9t\u00e9 des obst\u00e9triciens et gyn\u00e9cologues du Canada. La derni\u00e8re mise \u00e0 jour de ces lignes directrices date de 2014.<\/p>\n\n\n\n<p>Action Canada offre un <a href=\"https:\/\/www.actioncanadashr.org\/sites\/default\/files\/2019-04\/ActionCanadaSHR-SRH2017-Handbook-EN.pdf\">guide \u00e0 l\u2019intention des prestataires de soins de sant\u00e9 qui travaillent aupr\u00e8s des clients de diverses communaut\u00e9s<\/a> (en anglais).<\/p>\n\n\n\n<p>Le site OntarioPrEP offre \u00e9galement un aper\u00e7u de la <a href=\"https:\/\/ontarioprep.ca\/for-health-care-providers\/prep-basics\/\">prestation de soins ax\u00e9s sur les LGBTQ<\/a>.<\/p>\n","protected":false},"excerpt":{"rendered":"<p>Soins cliniques pour les personnes vivant avec le VIH Des soins de haute qualit\u00e9, r\u00e9guliers et accessibles sont essentiels pour les personnes s\u00e9ropositives. Gr\u00e2ce \u00e0 des traitements et \u00e0 des soins efficaces, les personnes s\u00e9ropositives peuvent \u00eatre en bonne sant\u00e9 et avoir une esp\u00e9rance de vie pratiquement \u00e9gale \u00e0 celle de la population g\u00e9n\u00e9rale. Faire [&hellip;]<\/p>\n","protected":false},"author":6,"featured_media":0,"parent":0,"menu_order":0,"comment_status":"closed","ping_status":"closed","template":"","meta":{"footnotes":"","_links_to":"","_links_to_target":""},"class_list":["post-1520","page","type-page","status-publish","hentry"],"_links":{"self":[{"href":"https:\/\/hivtestingontario.ca\/fr\/wp-json\/wp\/v2\/pages\/1520","targetHints":{"allow":["GET"]}}],"collection":[{"href":"https:\/\/hivtestingontario.ca\/fr\/wp-json\/wp\/v2\/pages"}],"about":[{"href":"https:\/\/hivtestingontario.ca\/fr\/wp-json\/wp\/v2\/types\/page"}],"author":[{"embeddable":true,"href":"https:\/\/hivtestingontario.ca\/fr\/wp-json\/wp\/v2\/users\/6"}],"replies":[{"embeddable":true,"href":"https:\/\/hivtestingontario.ca\/fr\/wp-json\/wp\/v2\/comments?post=1520"}],"version-history":[{"count":2,"href":"https:\/\/hivtestingontario.ca\/fr\/wp-json\/wp\/v2\/pages\/1520\/revisions"}],"predecessor-version":[{"id":2104,"href":"https:\/\/hivtestingontario.ca\/fr\/wp-json\/wp\/v2\/pages\/1520\/revisions\/2104"}],"wp:attachment":[{"href":"https:\/\/hivtestingontario.ca\/fr\/wp-json\/wp\/v2\/media?parent=1520"}],"curies":[{"name":"wp","href":"https:\/\/api.w.org\/{rel}","templated":true}]}}