{"id":1517,"date":"2021-08-29T18:16:10","date_gmt":"2021-08-29T18:16:10","guid":{"rendered":"https:\/\/hivtestingontario.ca\/stage\/?page_id=1517"},"modified":"2022-06-03T17:15:18","modified_gmt":"2022-06-03T17:15:18","slug":"prise-en-charge-dautres-its","status":"publish","type":"page","link":"https:\/\/hivtestingontario.ca\/fr\/prise-en-charge-dautres-its\/","title":{"rendered":"Prise en charge d\u2019autres ITS"},"content":{"rendered":"\n<h1 class=\"wp-block-heading\">Prise en charge de la sant\u00e9 sexuelle<\/h1>\n\n\n\n<p>Les prestataires de services de d\u00e9pistage du VIH devraient favoriser des discussions franches avec leurs patients sur leurs pr\u00e9occupations en mati\u00e8re de sant\u00e9 sexuelle, de mani\u00e8re \u00e0 offrir des soins&nbsp;:<\/p>\n\n\n\n<ul class=\"wp-block-list\"><li><strong>A<\/strong>dapt\u00e9s \u00e0 leurs besoins<\/li><li><strong>R<\/strong>espectueux de leurs d\u00e9cisions et leurs priorit\u00e9s, sans jugements<\/li><li><strong>C<\/strong>onsentis, <strong>c<\/strong>onfidentiels et de <strong>h<\/strong>aute qualit\u00e9<\/li><\/ul>\n\n\n\n<p>Ces principes sont appel\u00e9s <a href=\"https:\/\/hivtestingontario.ca\/fr\/en-ontario-le-depistage-du-vih-est-arcch\/\">ARCCH<\/a>.<\/p>\n\n\n\n<p>Dans la pratique primaire, le d\u00e9pistage du VIH et des ITS est \u00e9troitement li\u00e9 aux discussions et au soutien g\u00e9n\u00e9ral en mati\u00e8re de sant\u00e9 sexuelle. Les <a href=\"https:\/\/www.canada.ca\/fr\/sante-publique\/services\/maladies-infectieuses\/sante-sexuelle-infections-transmissibles-sexuellement\/lignes-directrices-canadiennes\/infections-transmissibles-sexuellement\/lignes-directrices-canadiennes-infections-transmissibles-sexuellement-17.html#a4\">Lignes directrices canadiennes sur les infections transmissibles sexuellement<\/a> offrent des normes de soins compl\u00e8tes, notamment des conseils sur l\u2019\u00e9valuation, le diagnostic et le traitement des infections transmissibles sexuellement.<\/p>\n\n\n\n<p>Parfois les fournisseurs&nbsp; de services de d\u00e9pistage du VIH&nbsp;travaillent aupr\u00e8s de client-es \u00e0 forte anxi\u00e9t\u00e9 et \u00e0 risque faible ou nul (FARFN) au sujet de l\u2019infection par le VIH. Les client-es FARFN ont des besoins diff\u00e9rents des autres client-es qui se font d\u00e9pister.&nbsp;<a href=\"https:\/\/hivtestingontario.ca\/wp-content\/uploads\/2021\/12\/FARFN.pdf\">Lignes directrices sur le counseling aux client-es \u00e0 forte anxi\u00e9t\u00e9 et \u00e0 risque faible\/nul pour le VIH <\/a>(Hassle Free Clinic) vous aideront \u00e0 vous concentrer sur les facteurs cl\u00e9s qui alimentent l\u2019anxi\u00e9t\u00e9 d\u2019un-e client-e. Dans certains cas, ce changement d\u2019approche suffira \u00e0 l\u2019orienter vers une prise en charge de son anxi\u00e9t\u00e9. Dans tous les cas, il conviendrait de fournir de mani\u00e8re proactive des orientations vers des services de counseling ou de th\u00e9rapie plus intensifs.<\/p>\n\n\n\n<p>Les facteurs de risque associ\u00e9s \u00e0 l\u2019infection par le VIH sont communs \u00e0 de nombreuses autres ITS. Ces affections peuvent continuer \u00e0 avoir un impact sur la sant\u00e9 des personnes suivant une PrEP du VIH. Le <a href=\"https:\/\/ontarioprep.ca\/for-health-care-providers\/following-patients\/\">site Web sur la PrEP en Ontario offre des informations d\u00e9taill\u00e9es sur le d\u00e9pistage et le traitement des infections transmissibles sexuellement<\/a> pour ces clients, qui sont appropri\u00e9es pour tout client \u00e0 risque.<\/p>\n","protected":false},"excerpt":{"rendered":"<p>Prise en charge de la sant\u00e9 sexuelle Les prestataires de services de d\u00e9pistage du VIH devraient favoriser des discussions franches avec leurs patients sur leurs pr\u00e9occupations en mati\u00e8re de sant\u00e9 sexuelle, de mani\u00e8re \u00e0 offrir des soins&nbsp;: Adapt\u00e9s \u00e0 leurs besoins Respectueux de leurs d\u00e9cisions et leurs priorit\u00e9s, sans jugements Consentis, confidentiels et de haute [&hellip;]<\/p>\n","protected":false},"author":6,"featured_media":0,"parent":0,"menu_order":0,"comment_status":"closed","ping_status":"closed","template":"","meta":{"footnotes":"","_links_to":"","_links_to_target":""},"class_list":["post-1517","page","type-page","status-publish","hentry"],"_links":{"self":[{"href":"https:\/\/hivtestingontario.ca\/fr\/wp-json\/wp\/v2\/pages\/1517","targetHints":{"allow":["GET"]}}],"collection":[{"href":"https:\/\/hivtestingontario.ca\/fr\/wp-json\/wp\/v2\/pages"}],"about":[{"href":"https:\/\/hivtestingontario.ca\/fr\/wp-json\/wp\/v2\/types\/page"}],"author":[{"embeddable":true,"href":"https:\/\/hivtestingontario.ca\/fr\/wp-json\/wp\/v2\/users\/6"}],"replies":[{"embeddable":true,"href":"https:\/\/hivtestingontario.ca\/fr\/wp-json\/wp\/v2\/comments?post=1517"}],"version-history":[{"count":4,"href":"https:\/\/hivtestingontario.ca\/fr\/wp-json\/wp\/v2\/pages\/1517\/revisions"}],"predecessor-version":[{"id":2101,"href":"https:\/\/hivtestingontario.ca\/fr\/wp-json\/wp\/v2\/pages\/1517\/revisions\/2101"}],"wp:attachment":[{"href":"https:\/\/hivtestingontario.ca\/fr\/wp-json\/wp\/v2\/media?parent=1517"}],"curies":[{"name":"wp","href":"https:\/\/api.w.org\/{rel}","templated":true}]}}