{"id":1514,"date":"2021-08-29T17:53:03","date_gmt":"2021-08-29T17:53:03","guid":{"rendered":"https:\/\/hivtestingontario.ca\/stage\/?page_id=1514"},"modified":"2022-06-03T17:12:45","modified_gmt":"2022-06-03T17:12:45","slug":"prep","status":"publish","type":"page","link":"https:\/\/hivtestingontario.ca\/fr\/prep\/","title":{"rendered":"PrEP"},"content":{"rendered":"\n<h1 class=\"wp-block-heading\">Prescrire la prophylaxie pr\u00e9-exposition au VIH<\/h1>\n\n\n\n<p>La PrEP est une prophylaxie pr\u00e9-exposition au VIH. Elle consiste \u00e0 utiliser des m\u00e9dicaments antir\u00e9troviraux pour pr\u00e9venir l\u2019infection par le VIH. La PrEP peut \u00eatre utilis\u00e9e par des personnes s\u00e9ron\u00e9gatives qui sont \u00e0 risque d\u2019infection par le VIH, soit par exposition sexuelle ou par l\u2019injection de drogues.<\/p>\n\n\n\n<p>La PrEP est approuv\u00e9e par Sant\u00e9 Canada; les m\u00e9dicaments utilis\u00e9s pour la PrEP sont le fumarate de t\u00e9nofovir disoproxil et l\u2019emtricitabine (TDF\/FTC), qui sont combin\u00e9s en un seul comprim\u00e9. Ce m\u00e9dicament disponible sous forme g\u00e9n\u00e9rique en Ontario est approuv\u00e9 pour une utilisation en tant que PrEP.<\/p>\n\n\n\n<p>Des directives d\u00e9taill\u00e9es sur le moment et la mani\u00e8re de prescrire la PrEP sont accessibles \u00e0 <a href=\"https:\/\/ontarioprep.ca\/for-health-care-providers\/\">https:\/\/ontarioprep.ca\/for-health-care-providers\/<\/a>. Sur ce site, les cliniciens peuvent \u00e9galement demander une formation sur la prescription de la PrEP, <a href=\"https:\/\/hivprevention.talentlms.com\/shared\/start\/key:LZGIDNHR\">et un cours en ligne accr\u00e9dit\u00e9 de formation m\u00e9dicale continue sur la prescription de la PrEP<\/a> (en anglais) est aussi offert.<\/p>\n\n\n\n<p>Des lignes directrices canadiennes sur la PrEP et la PPE (prophylaxie post-exposition) sont disponibles.<\/p>\n","protected":false},"excerpt":{"rendered":"<p>Prescrire la prophylaxie pr\u00e9-exposition au VIH La PrEP est une prophylaxie pr\u00e9-exposition au VIH. Elle consiste \u00e0 utiliser des m\u00e9dicaments antir\u00e9troviraux pour pr\u00e9venir l\u2019infection par le VIH. La PrEP peut \u00eatre utilis\u00e9e par des personnes s\u00e9ron\u00e9gatives qui sont \u00e0 risque d\u2019infection par le VIH, soit par exposition sexuelle ou par l\u2019injection de drogues. La PrEP [&hellip;]<\/p>\n","protected":false},"author":6,"featured_media":0,"parent":0,"menu_order":0,"comment_status":"closed","ping_status":"closed","template":"","meta":{"footnotes":"","_links_to":"","_links_to_target":""},"class_list":["post-1514","page","type-page","status-publish","hentry"],"_links":{"self":[{"href":"https:\/\/hivtestingontario.ca\/fr\/wp-json\/wp\/v2\/pages\/1514","targetHints":{"allow":["GET"]}}],"collection":[{"href":"https:\/\/hivtestingontario.ca\/fr\/wp-json\/wp\/v2\/pages"}],"about":[{"href":"https:\/\/hivtestingontario.ca\/fr\/wp-json\/wp\/v2\/types\/page"}],"author":[{"embeddable":true,"href":"https:\/\/hivtestingontario.ca\/fr\/wp-json\/wp\/v2\/users\/6"}],"replies":[{"embeddable":true,"href":"https:\/\/hivtestingontario.ca\/fr\/wp-json\/wp\/v2\/comments?post=1514"}],"version-history":[{"count":2,"href":"https:\/\/hivtestingontario.ca\/fr\/wp-json\/wp\/v2\/pages\/1514\/revisions"}],"predecessor-version":[{"id":2100,"href":"https:\/\/hivtestingontario.ca\/fr\/wp-json\/wp\/v2\/pages\/1514\/revisions\/2100"}],"wp:attachment":[{"href":"https:\/\/hivtestingontario.ca\/fr\/wp-json\/wp\/v2\/media?parent=1514"}],"curies":[{"name":"wp","href":"https:\/\/api.w.org\/{rel}","templated":true}]}}