{"id":1511,"date":"2021-08-29T17:45:26","date_gmt":"2021-08-29T17:45:26","guid":{"rendered":"https:\/\/hivtestingontario.ca\/stage\/?page_id=1511"},"modified":"2021-08-30T01:03:24","modified_gmt":"2021-08-30T01:03:24","slug":"ligne-dinformation","status":"publish","type":"page","link":"https:\/\/hivtestingontario.ca\/fr\/ligne-dinformation\/","title":{"rendered":"Ligne d\u2019information"},"content":{"rendered":"\n<h1 class=\"wp-block-heading\">Sant\u00e9 sexuelle Ontario<\/h1>\n\n\n\n<p>Les fournisseurs de services peuvent orienter leurs patients vers <a href=\"https:\/\/sexualhealthontario.ca\/fr\/accueil\">Sant\u00e9 Sexuelle Ontario<\/a> pour plus d\u2019informations sur la protection de leur sant\u00e9 sexuelle.<\/p>\n\n\n\n<p>Sant\u00e9 sexuelle Ontario peut \u00e9galement aider les gens \u00e0 trouver des <a href=\"https:\/\/sexualhealthontario.ca\/fr\/trouver-une-clinique\">services de sant\u00e9 sexuelle<\/a> dans leur r\u00e9gion, y compris des sites de d\u00e9pistage anonyme du VIH; t\u00e9l\u00e9phonez \u00e0 la Ligne d\u2019information de Sant\u00e9 sexuelle Ontario (SHILO) au 1 800 668-2437 (partout en Ontario) ou au 416 392-2437 (\u00e0 Toronto), ou utilisez la fonction de clavardage offerte sur son site Web.<\/p>\n","protected":false},"excerpt":{"rendered":"<p>Sant\u00e9 sexuelle Ontario Les fournisseurs de services peuvent orienter leurs patients vers Sant\u00e9 Sexuelle Ontario pour plus d\u2019informations sur la protection de leur sant\u00e9 sexuelle. Sant\u00e9 sexuelle Ontario peut \u00e9galement aider les gens \u00e0 trouver des services de sant\u00e9 sexuelle dans leur r\u00e9gion, y compris des sites de d\u00e9pistage anonyme du VIH; t\u00e9l\u00e9phonez \u00e0 la [&hellip;]<\/p>\n","protected":false},"author":6,"featured_media":0,"parent":0,"menu_order":0,"comment_status":"closed","ping_status":"closed","template":"","meta":{"footnotes":"","_links_to":"","_links_to_target":""},"class_list":["post-1511","page","type-page","status-publish","hentry"],"_links":{"self":[{"href":"https:\/\/hivtestingontario.ca\/fr\/wp-json\/wp\/v2\/pages\/1511","targetHints":{"allow":["GET"]}}],"collection":[{"href":"https:\/\/hivtestingontario.ca\/fr\/wp-json\/wp\/v2\/pages"}],"about":[{"href":"https:\/\/hivtestingontario.ca\/fr\/wp-json\/wp\/v2\/types\/page"}],"author":[{"embeddable":true,"href":"https:\/\/hivtestingontario.ca\/fr\/wp-json\/wp\/v2\/users\/6"}],"replies":[{"embeddable":true,"href":"https:\/\/hivtestingontario.ca\/fr\/wp-json\/wp\/v2\/comments?post=1511"}],"version-history":[{"count":1,"href":"https:\/\/hivtestingontario.ca\/fr\/wp-json\/wp\/v2\/pages\/1511\/revisions"}],"predecessor-version":[{"id":1878,"href":"https:\/\/hivtestingontario.ca\/fr\/wp-json\/wp\/v2\/pages\/1511\/revisions\/1878"}],"wp:attachment":[{"href":"https:\/\/hivtestingontario.ca\/fr\/wp-json\/wp\/v2\/media?parent=1511"}],"curies":[{"name":"wp","href":"https:\/\/api.w.org\/{rel}","templated":true}]}}