{"id":1509,"date":"2021-08-29T17:43:19","date_gmt":"2021-08-29T17:43:19","guid":{"rendered":"https:\/\/hivtestingontario.ca\/stage\/?page_id=1509"},"modified":"2022-06-03T17:06:06","modified_gmt":"2022-06-03T17:06:06","slug":"autodepistage","status":"publish","type":"page","link":"https:\/\/hivtestingontario.ca\/fr\/autodepistage\/","title":{"rendered":"Autod\u00e9pistage du VIH en Ontario"},"content":{"rendered":"\n<h1 class=\"wp-block-heading\">Autod\u00e9pistage du VIH<\/h1>\n\n\n\n<p>L\u2019autod\u00e9pistage du VIH signifie qu\u2019une personne peut commander ou acheter sa propre trousse de d\u00e9pistage, se tester elle-m\u00eame et obtenir imm\u00e9diatement son r\u00e9sultat sans avoir \u00e0 se rendre dans une clinique ou au cabinet d\u2019un m\u00e9decin (comme pour un test de grossesse \u00e0 domicile). L\u2019autod\u00e9pistage est diff\u00e9rent des autres tests du VIH offerts au public, comme les tests par la poste qui exigent qu\u2019une personne envoie un \u00e9chantillon de son sang \u00e0 un laboratoire pour le faire analyser.<\/p>\n\n\n\n<p>Les Programmes sur le sida et l\u2019h\u00e9patite C du minist\u00e8re de la Sant\u00e9 de l\u2019Ontario ont publi\u00e9 un bulletin r\u00e9pondant aux questions fr\u00e9quentes sur l\u2019autod\u00e9pistage du VIH \u00e0 l\u2019intention des prestataires de soins de sant\u00e9 en milieu communautaire.<\/p>\n\n\n\n<ul class=\"wp-block-list\"><li><a href=\"https:\/\/hivtestingontario.ca\/wp-content\/uploads\/2020\/08\/Self_Testing_FAQ_Providers_Final_FR.pdf\">Bulletin, juillet 2020&nbsp;: Renseignements sur l\u2019autod\u00e9pistage du VIH pour les fournisseurs de soins de sant\u00e9 et de soins en milieu communautaire<\/a><\/li><\/ul>\n\n\n\n<h2 class=\"wp-block-heading\"><strong>Autotests du VIH approuv\u00e9s<\/strong><\/h2>\n\n\n\n<p>Actuellement, un seul dispositif d\u2019autotest pour le VIH est approuv\u00e9 au Canada. L\u2019autotest du VIH INSTI\u00ae, fabriqu\u00e9 par la compagnie canadienne bioLytical Laboratories, a \u00e9t\u00e9 approuv\u00e9 par Sant\u00e9 Canada le 3&nbsp;novembre&nbsp;2020. Il est pr\u00e9cis \u00e0 99,5&nbsp;%.<\/p>\n\n\n\n<p>Voir l\u2019<a href=\"https:\/\/can01.safelinks.protection.outlook.com\/?url=https%3A%2F%2Fbiolytical.com%2Fhealth-canada-approves-canadas-first-hiv-self-test%2F%3Fcountry%3DCA&amp;data=04%7C01%7Cken.english%40ontario.ca%7Ca64536448ddc4034394f08d88018cb86%7Ccddc1229ac2a4b97b78a0e5cacb5865c%7C0%7C0%7C637400191264407354%7CUnknown%7CTWFpbGZsb3d8eyJWIjoiMC4wLjAwMDAiLCJQIjoiV2luMzIiLCJBTiI6Ik1haWwiLCJXVCI6Mn0%3D%7C1000&amp;sdata=BZ6ovKnQngi%2FNHwAq%2FvFn0d4QhRx%2BrCvvzcPZdqs%2BZo%3D&amp;reserved=0\">annonce de bioLytical Laboratories<\/a> (en anglais)<\/p>\n\n\n\n<h2 class=\"wp-block-heading\"><strong>Les autotests du VIH et leur pr\u00e9cision<\/strong><\/h2>\n\n\n\n<p>L\u2019autod\u00e9pistage du VIH est rapide, simple et pr\u00e9cis. Un autotest peut s\u2019effectuer en moins de dix&nbsp;minutes! L\u2019autotest du VIH est consid\u00e9r\u00e9 comme un test de d\u00e9pistage, au m\u00eame titre qu\u2019un d\u00e9pistage du VIH au point de service. Un r\u00e9sultat r\u00e9actif (positif) \u00e0 l\u2019autotest doit donc \u00eatre confirm\u00e9 par une analyse en laboratoire.<\/p>\n\n\n\n<h2 class=\"wp-block-heading\"><strong>L\u2019autod\u00e9pistage et la p\u00e9riode fen\u00eatre du VIH<\/strong><\/h2>\n\n\n\n<p>Lorsqu\u2019une personne vient de contracter le VIH, il existe une <strong>p\u00e9riode fen\u00eatre<\/strong> pendant laquelle l\u2019infection ne peut \u00eatre d\u00e9tect\u00e9e dans son sang. La pr\u00e9cision de l\u2019autotest du VIH varie selon le temps \u00e9coul\u00e9 depuis l\u2019exposition au VIH.<\/p>\n\n\n\n<p>Si une personne a eu une exposition \u00e0 risque \u00e9lev\u00e9 pour le VIH, que ce soit par une activit\u00e9 sexuelle ou par la consommation de substances, il est recommand\u00e9 de lui offrir un test s\u00e9rologique de d\u00e9pistage du VIH en laboratoire apr\u00e8s trois semaines, et en cas de r\u00e9sultat n\u00e9gatif, de r\u00e9p\u00e9ter le d\u00e9pistage apr\u00e8s six semaines, puis apr\u00e8s trois mois (3-6-3). Si une personne choisit de se d\u00e9pister au moyen d\u2019un autotest pendant la p\u00e9riode fen\u00eatre, elle peut le faire trois semaines apr\u00e8s l\u2019exposition et, en cas de r\u00e9sultat n\u00e9gatif, r\u00e9p\u00e9ter le test apr\u00e8s six&nbsp;semaines, puis apr\u00e8s trois mois (3-6-3).<\/p>\n\n\n\n<h2 class=\"wp-block-heading\"><strong>L\u2019autod\u00e9pistage du VIH en Ontario<\/strong><\/h2>\n\n\n\n<p>Des trousses d\u2019autod\u00e9pistage du VIH sont disponibles aupr\u00e8s du fabricant et par le biais de partenariats avec des organismes communautaires, des pharmacies et des programmes de recherche provinciaux.<\/p>\n\n\n\n<ul class=\"wp-block-list\"><li><strong>GetaKit&nbsp;<\/strong>: Des trousses d\u2019autod\u00e9pistage du VIH gratuites et exp\u00e9di\u00e9es par la poste sont offertes sur le site Web <a href=\"https:\/\/getakit.ca\/fr\/\">www.getakit.ca\/fr<\/a>. GetaKit collabore avec des organismes communautaires \u00e0 fournir des trousses d\u2019autod\u00e9pistage en Ontario et \u00e0 assurer la liaison locale \u00e0 des services de soins et de pr\u00e9vention si n\u00e9cessaire. Sur le site Web, les participant-es peuvent identifier l\u2019organisme partenaire le plus pr\u00e8s, s\u2019inscrire en ligne et commander une trousse d\u2019autod\u00e9pistage qui leur sera livr\u00e9e \u00e0 domicile ou un autre lieu de cueillette. Une fois l\u2019autotest effectu\u00e9, la personne est encourag\u00e9e \u00e0 indiquer son r\u00e9sultat en ligne ou \u00e0 contacter son organisme partenaire pour obtenir de l\u2019aide. GetaKit est codirig\u00e9 par l\u2019Universit\u00e9 d\u2019Ottawa et le R\u00e9seau ontarien de traitement du VIH (OHTN). <a href=\"https:\/\/getakit.ca\/fr\/\">Renseignez-vous sur le projet GetaKit et commandez une trousse ici<\/a>.<\/li><\/ul>\n\n\n\n<ul class=\"wp-block-list\"><li><strong>J\u2019agis&nbsp;<\/strong>: Des trousses d\u2019autod\u00e9pistage du VIH gratuites et exp\u00e9di\u00e9es par la poste sont offertes sur le site Web <a href=\"https:\/\/www.readytoknow.ca\/fr\/home-francais\/\">www.readytoknow.ca\/fr\/home-francais<\/a>. \u00ab&nbsp;J\u2019agis&nbsp;\u00bb est un projet de recherche national sur l\u2019autod\u00e9pistage du VIH au Canada. Les participant-es peuvent s\u2019inscrire sur l\u2019application \u00ab&nbsp;J\u2019agis \u00ad\u2013 Je me d\u00e9piste&nbsp;\u00bb et commander jusqu\u2019\u00e0 trois trousses d\u2019autod\u00e9pistage du VIH qui leur seront livr\u00e9es \u00e0 domicile ou un autre lieu de cueillette. Une fois l\u2019autotest effectu\u00e9, les participant-es peuvent transmettre leur r\u00e9sultat de mani\u00e8re anonyme par l\u2019application. Il est \u00e9galement possible de parler avec un-e pair-e navigateur(-trice) pour obtenir du soutien par le biais du service de t\u00e9l\u00e9sant\u00e9 \u00ab&nbsp;J\u2019agis \u2013 J\u2019\u00e9change&nbsp;\u00bb. \u00ab&nbsp;J\u2019agis&nbsp;\u00bb est une initiative de REACH Nexus et du Centre MAP pour les solutions de sant\u00e9 urbaine de l\u2019H\u00f4pital St. Michael\u2019s. <a href=\"https:\/\/www.readytoknow.ca\/fr\/home-francais\">Renseignez-vous ici sur le programme \u00ab&nbsp;J\u2019agis&nbsp;\u00bb. <\/a>&nbsp;<\/li><\/ul>\n\n\n\n<ul class=\"wp-block-list\"><li><strong>bioLytical\u00a0<\/strong>: L\u2019autotest INSTI <a href=\"https:\/\/shop.insti.com\/insti-hiv-self-test\">peut \u00eatre achet\u00e9<\/a> (en anglais) directement aupr\u00e8s du fabricant.<\/li><\/ul>\n\n\n\n<ul class=\"wp-block-list\"><li><strong>Pharmacies et d\u00e9taillants&nbsp;<\/strong>: Il est possible d\u2019acheter des autotests du VIH dans certaines pharmacies. Pour conna\u00eetre leur disponibilit\u00e9, contactez votre pharmacie locale.<\/li><\/ul>\n\n\n\n<h2 class=\"wp-block-heading\"><strong>Pr\u00e9vention du VIH et orientation vers des services de soutien<\/strong><\/h2>\n\n\n\n<p>Veuillez consulter les ressources r\u00e9pertori\u00e9es dans la page \u00ab&nbsp;<a href=\"https:\/\/hivtestingontario.ca\/fr\/orientations-prevention-soutien\/\">Pr\u00e9vention du VIH et orientation vers des services de soutien<\/a>&nbsp;\u00bb de ce site Web pour aider des client-es utilisant l\u2019autotest \u00e0 trouver des services de soutien et de d\u00e9pistage de suivi (de confirmation), au besoin. Les m\u00e9decins de famille et les sites de d\u00e9pistage du VIH (unit\u00e9s de sant\u00e9 publique, centres de sant\u00e9 communautaire) sont en mesure d\u2019effectuer un d\u00e9pistage de suivi et de fournir un traitement et des soins pour le VIH ou des orientations vers ces services. La <a href=\"https:\/\/www.toronto.ca\/community-people\/health-wellness-care\/sexual-health-infoline-ontario\/\">Ligne d\u2019info de sant\u00e9 sexuelle de l\u2019Ontario<\/a> peut vous aider \u00e0 trouver un site de d\u00e9pistage de confirmation.<\/p>\n\n\n\n<h2 class=\"wp-block-heading\"><strong>Donn\u00e9es probantes sur l\u2019utilisation de l\u2019autod\u00e9pistage<\/strong><\/h2>\n\n\n\n<p>L\u2019autod\u00e9pistage du VIH s\u2019est r\u00e9v\u00e9l\u00e9 acceptable et capable de joindre efficacement des personnes que les programmes de d\u00e9pistage du VIH n\u2019ont pas r\u00e9ussi \u00e0 joindre jusqu\u2019ici. C\u2019est particuli\u00e8rement le cas dans le contexte des populations prioritaires \u00e0 risque \u00e9lev\u00e9 pour le VIH.<\/p>\n\n\n\n<p>L\u2019OHTN a publi\u00e9 de nombreuses r\u00e9ponses rapides r\u00e9sumant les r\u00e9sultats de recherches sur l\u2019application de l\u2019autod\u00e9pistage du VIH dans d\u2019autres pays, notamment&nbsp;:<\/p>\n\n\n\n<ul class=\"wp-block-list\"><li><a href=\"http:\/\/www.ohtn.on.ca\/rapid-response-free-hiv-self-testing-basic-practices-positivity-rates-and-associated-costs\/\">Free HIV self-testing&nbsp;: Best practices, positivity rates, and associated costs&nbsp;<\/a>(17&nbsp;ao\u00fbt&nbsp;2020)<\/li><li><a href=\"http:\/\/www.ohtn.on.ca\/rapid-response-hiv-self-testing-in-high-income-settings\/\">HIV self-testing in high-income settings: Acceptability, potential benefits and harms, issues related to linkage to care, interventions to increase HIV self-testing&nbsp;<\/a>(28&nbsp;nov.&nbsp;2019)<\/li><li><a href=\"http:\/\/www.ohtn.on.ca\/rapid-response-the-risk-of-coercion-in-the-context-of-hiv-self-testing\/\">The risk of coercion in the context of HIV self-testing&nbsp;<\/a>(24&nbsp;sept.&nbsp;2019)<\/li><li><a href=\"http:\/\/www.ohtn.on.ca\/the-acceptability-and-use-of-hiv-self-testing-among-men-who-have-sex-with-men-in-high-income-countries\/\">The acceptability and use of HIV self-testing among men who have sex with men in high-income countries&nbsp;<\/a>(27 f\u00e9v. 2017)<\/li><\/ul>\n\n\n\n<p>D\u2019autres <a href=\"http:\/\/www.ohtn.on.ca\/hiv-research-and-interventions-browse-by-resource-type\/#RR\">r\u00e9ponses rapides de l\u2019OHTN<\/a> sur des sujets reli\u00e9s au d\u00e9pistage sont accessibles ici.<\/p>\n\n\n\n<h2 class=\"wp-block-heading\"><strong>Ressources additionnelles<\/strong><\/h2>\n\n\n\n<ul class=\"wp-block-list\"><li><a href=\"https:\/\/fr.cbrc.net\/resultats_du_sondage_national_sur_l_autotest_du_vih\">R\u00e9sultats du sondage national sur l\u2019autotest du VIH&nbsp;: savoirs, acc\u00e8s, utilit\u00e9, soutiens et barri\u00e8res<\/a><\/li><li><a href=\"https:\/\/www.halco.org\/areas-of-law\/health\/hiv-testing\">HIV Testing and Reporting in Ontario<\/a><\/li><li><a href=\"https:\/\/whai.ca\/fr\/lautodepistage\/\">L\u2019autod\u00e9pistage du VIH et les femmes<\/a><\/li><\/ul>\n","protected":false},"excerpt":{"rendered":"<p>Autod\u00e9pistage du VIH L\u2019autod\u00e9pistage du VIH signifie qu\u2019une personne peut commander ou acheter sa propre trousse de d\u00e9pistage, se tester elle-m\u00eame et obtenir imm\u00e9diatement son r\u00e9sultat sans avoir \u00e0 se rendre dans une clinique ou au cabinet d\u2019un m\u00e9decin (comme pour un test de grossesse \u00e0 domicile). L\u2019autod\u00e9pistage est diff\u00e9rent des autres tests du VIH [&hellip;]<\/p>\n","protected":false},"author":6,"featured_media":0,"parent":0,"menu_order":0,"comment_status":"closed","ping_status":"closed","template":"","meta":{"footnotes":"","_links_to":"","_links_to_target":""},"class_list":["post-1509","page","type-page","status-publish","hentry"],"_links":{"self":[{"href":"https:\/\/hivtestingontario.ca\/fr\/wp-json\/wp\/v2\/pages\/1509","targetHints":{"allow":["GET"]}}],"collection":[{"href":"https:\/\/hivtestingontario.ca\/fr\/wp-json\/wp\/v2\/pages"}],"about":[{"href":"https:\/\/hivtestingontario.ca\/fr\/wp-json\/wp\/v2\/types\/page"}],"author":[{"embeddable":true,"href":"https:\/\/hivtestingontario.ca\/fr\/wp-json\/wp\/v2\/users\/6"}],"replies":[{"embeddable":true,"href":"https:\/\/hivtestingontario.ca\/fr\/wp-json\/wp\/v2\/comments?post=1509"}],"version-history":[{"count":3,"href":"https:\/\/hivtestingontario.ca\/fr\/wp-json\/wp\/v2\/pages\/1509\/revisions"}],"predecessor-version":[{"id":2097,"href":"https:\/\/hivtestingontario.ca\/fr\/wp-json\/wp\/v2\/pages\/1509\/revisions\/2097"}],"wp:attachment":[{"href":"https:\/\/hivtestingontario.ca\/fr\/wp-json\/wp\/v2\/media?parent=1509"}],"curies":[{"name":"wp","href":"https:\/\/api.w.org\/{rel}","templated":true}]}}