{"id":1505,"date":"2021-08-29T17:27:31","date_gmt":"2021-08-29T17:27:31","guid":{"rendered":"https:\/\/hivtestingontario.ca\/stage\/?page_id=1505"},"modified":"2022-06-03T16:58:26","modified_gmt":"2022-06-03T16:58:26","slug":"offrir-des-soins-optimaux-pour-le-vih","status":"publish","type":"page","link":"https:\/\/hivtestingontario.ca\/fr\/fournisseurs-des-soins-de-sante\/offrir-des-soins-optimaux-pour-le-vih\/","title":{"rendered":"Offrir des soins optimaux pour le VIH"},"content":{"rendered":"\n<h1 class=\"wp-block-heading\">Offrir des soins optimaux pour le VIH &nbsp;<\/h1>\n\n\n\n<p>Des soins de grande qualit\u00e9, r\u00e9guliers et accessibles sont essentiels pour les personnes s\u00e9ropositives au VIH. Gr\u00e2ce \u00e0 des traitements et des soins efficaces, les personnes s\u00e9ropositives peuvent \u00eatre en bonne sant\u00e9 et avoir une esp\u00e9rance de vie pratiquement normale.<\/p>\n\n\n\n<p>Des lignes directrices compl\u00e8tes sur les soins \u00e0 apporter \u00e0 un patient diagnostiqu\u00e9 du VIH sont disponibles \u00e0 l\u2019adresse suivante&nbsp;: <a href=\"http:\/\/occguidelines.com\/\">http:\/\/occguidelines.com\/<\/a><\/p>\n\n\n\n<p>L\u2019\u00e9valuation initiale d\u2019une personne diagnostiqu\u00e9e du VIH devrait comprendre&nbsp;:<\/p>\n\n\n\n<ul class=\"wp-block-list\"><li>Un examen complet des ant\u00e9c\u00e9dents m\u00e9dicaux actuels et ant\u00e9rieurs, un examen physique, la prise des ant\u00e9c\u00e9dents pharmacologiques\/psychosociaux\/familiaux, un examen des syst\u00e8mes et une \u00e9valuation de la sant\u00e9 sexuelle et g\u00e9n\u00e9sique et de la consommation de substances.<\/li><li>Une s\u00e9rologie de confirmation, un g\u00e9notypage et une analyse des marqueurs immunitaires tels que les CD4 et la charge virale<\/li><li>Un d\u00e9pistage des comorbidit\u00e9s et d\u2019autres infections transmissibles sexuellement<\/li><li>D\u2019autres examens de laboratoire pour mieux g\u00e9rer le r\u00e9gime de traitement antir\u00e9troviral (ARV) et d\u2019autres risques<\/li><li>Une \u00e9valuation des besoins sociaux<\/li><li>Un counseling individuel et aux partenaires<\/li><\/ul>\n\n\n\n<p>La suppression compl\u00e8te et efficace de l\u2019ARN plasmatique du VIH-1 (charge virale) par l\u2019utilisation d\u2019un traitement antir\u00e9troviral peut r\u00e9duire consid\u00e9rablement les risques de mortalit\u00e9 et de morbidit\u00e9. <strong>Le traitement doit \u00eatre amorc\u00e9 le plus rapidement possible.<\/strong><\/p>\n\n\n\n<h3 class=\"wp-block-heading\">Conseils d\u2019experts<\/h3>\n\n\n\n<p><a href=\"https:\/\/otn.ca\/fr\/providers\/\">otnhub.ca<\/a> est un outil Web s\u00e9curis\u00e9 qui permet aux m\u00e9decins et aux infirmi\u00e8res praticiennes d\u2019avoir acc\u00e8s en temps opportun \u00e0 des conseils de sp\u00e9cialistes. Les prestataires de soins qui souhaitent obtenir des conseils sur la prise en charge des personnes vivant avec le VIH peuvent utiliser cette ressource pour consulter des prestataires de soins exp\u00e9riment\u00e9s ou d\u2019autres sp\u00e9cialistes du VIH.<\/p>\n\n\n\n<p>Si vous n\u2019avez pas encore acc\u00e8s \u00e0 ce service et souhaitez b\u00e9n\u00e9ficier de ce soutien, contactez <a href=\"mailto:eConsultCOE@toh.ca\">eConsultCOE@toh.ca<\/a>; un coordonnateur de programme vous inscrira.<\/p>\n","protected":false},"excerpt":{"rendered":"<p>Offrir des soins optimaux pour le VIH &nbsp; Des soins de grande qualit\u00e9, r\u00e9guliers et accessibles sont essentiels pour les personnes s\u00e9ropositives au VIH. Gr\u00e2ce \u00e0 des traitements et des soins efficaces, les personnes s\u00e9ropositives peuvent \u00eatre en bonne sant\u00e9 et avoir une esp\u00e9rance de vie pratiquement normale. Des lignes directrices compl\u00e8tes sur les soins [&hellip;]<\/p>\n","protected":false},"author":6,"featured_media":0,"parent":1498,"menu_order":0,"comment_status":"closed","ping_status":"closed","template":"","meta":{"footnotes":"","_links_to":"","_links_to_target":""},"class_list":["post-1505","page","type-page","status-publish","hentry"],"_links":{"self":[{"href":"https:\/\/hivtestingontario.ca\/fr\/wp-json\/wp\/v2\/pages\/1505","targetHints":{"allow":["GET"]}}],"collection":[{"href":"https:\/\/hivtestingontario.ca\/fr\/wp-json\/wp\/v2\/pages"}],"about":[{"href":"https:\/\/hivtestingontario.ca\/fr\/wp-json\/wp\/v2\/types\/page"}],"author":[{"embeddable":true,"href":"https:\/\/hivtestingontario.ca\/fr\/wp-json\/wp\/v2\/users\/6"}],"replies":[{"embeddable":true,"href":"https:\/\/hivtestingontario.ca\/fr\/wp-json\/wp\/v2\/comments?post=1505"}],"version-history":[{"count":2,"href":"https:\/\/hivtestingontario.ca\/fr\/wp-json\/wp\/v2\/pages\/1505\/revisions"}],"predecessor-version":[{"id":2096,"href":"https:\/\/hivtestingontario.ca\/fr\/wp-json\/wp\/v2\/pages\/1505\/revisions\/2096"}],"up":[{"embeddable":true,"href":"https:\/\/hivtestingontario.ca\/fr\/wp-json\/wp\/v2\/pages\/1498"}],"wp:attachment":[{"href":"https:\/\/hivtestingontario.ca\/fr\/wp-json\/wp\/v2\/media?parent=1505"}],"curies":[{"name":"wp","href":"https:\/\/api.w.org\/{rel}","templated":true}]}}