{"id":1502,"date":"2021-08-29T17:16:35","date_gmt":"2021-08-29T17:16:35","guid":{"rendered":"https:\/\/hivtestingontario.ca\/stage\/?page_id=1502"},"modified":"2022-06-03T16:56:07","modified_gmt":"2022-06-03T16:56:07","slug":"tests-prenatals","status":"publish","type":"page","link":"https:\/\/hivtestingontario.ca\/fr\/fournisseurs-des-soins-de-sante\/tests-prenatals\/","title":{"rendered":"Tests pr\u00e9natals"},"content":{"rendered":"\n<h1 class=\"wp-block-heading\">Programme de d\u00e9pistage pr\u00e9natal du VIH en Ontario<\/h1>\n\n\n\n<p>Le Programme de d\u00e9pistage pr\u00e9natal du VIH en Ontario offre le test de d\u00e9pistage universel du VIH \u00e0 toutes les femmes enceintes et \u00e0 celles qui envisagent de le devenir. Depuis le d\u00e9but du programme en 1998, pr\u00e8s de 200&nbsp;infections infantiles par le VIH ont \u00e9t\u00e9 \u00e9vit\u00e9es et le programme a contribu\u00e9 \u00e0 faire en sorte que les femmes s\u00e9ropositives identifi\u00e9es ne d\u00e9veloppent jamais le sida. Plus de 98&nbsp;% des femmes en Ontario qui subissent un test sanguin pr\u00e9natal sont \u00e0 pr\u00e9sent d\u00e9pist\u00e9es pour le VIH.<\/p>\n\n\n\n<h3 class=\"wp-block-heading\">En quoi est-ce important?<\/h3>\n\n\n\n<p>Lorsqu\u2019une femme s\u00e9ropositive accouche sans avoir re\u00e7u de traitement pr\u00e9alable contre le VIH, le risque de transmission p\u00e9rinatale \u00e0 son nourrisson varie entre 25 et 40&nbsp;%. Les femmes auxquelles on a prescrit des m\u00e9dicaments antir\u00e9troviraux modernes contre le VIH quatre semaines ou plus avant l\u2019accouchement pr\u00e9sentent un taux de transmission p\u00e9rinatale de 0,1&nbsp;% [1]. Un traitement maternel rapide pr\u00e9vient l\u2019infection du nourrisson, tandis qu\u2019un traitement continu prot\u00e8ge la sant\u00e9 de la m\u00e8re. Les traitements actuels peuvent r\u00e9duire la quantit\u00e9 de VIH dans le corps d\u2019une personne \u00e0 un niveau ind\u00e9tectable, emp\u00eachant toute transmission future par voie sexuelle.<\/p>\n\n\n\n<h3 class=\"wp-block-heading\">Comment se d\u00e9roule le d\u00e9pistage?<\/h3>\n\n\n\n<p>Le test de d\u00e9pistage du VIH est inclus dans la demande de <a href=\"https:\/\/www.publichealthontario.ca\/fr\/laboratory-services\/test-information-index\/prenatal-serology\">d\u00e9pistage pr\u00e9natal standard<\/a> disponible aupr\u00e8s de Sant\u00e9 publique Ontario, et peut \u00eatre effectu\u00e9 \u00e0 tout moment de la grossesse. Le laboratoire utilisera le m\u00eame \u00e9chantillon de sang (tube rouge) que pour les autres tests pr\u00e9natals de d\u00e9pistage de la rub\u00e9ole, de la syphilis et de l\u2019h\u00e9patite B. Les femmes d\u00e9pist\u00e9es pour le VIH doivent avoir donn\u00e9 leur consentement explicite et comprendre que\u00a0:<\/p>\n\n\n\n<ul class=\"wp-block-list\"><li>Si elles sont s\u00e9ropositives, la transmission du VIH \u00e0 leur nourrisson peut \u00eatre pr\u00e9venue.<\/li><li>Le VIH ne conduit pas in\u00e9vitablement au sida. C\u2019est une maladie chronique, et elles devront prendre des m\u00e9dicaments pour le reste de leur vie afin de rester en bonne sant\u00e9.<\/li><li>Un r\u00e9sultat positif doit \u00eatre d\u00e9clar\u00e9. Le personnel de sant\u00e9 publique assurera le suivi de votre patient pour lui offrir des soins et du soutien, de m\u00eame que le d\u00e9pistage de son ou ses partenaires.<\/li><\/ul>\n\n\n\n<p>Rassurez vos patientes en leur disant que, si elles obtiennent un r\u00e9sultat positif, vous les aiderez \u00e0 amorcer des soins. En savoir plus sur la prestation de <a href=\"https:\/\/hivtestingontario.ca\/fr\/prise-en-charge-dautres-its\/\">soins optimaux en VIH<\/a> et sur les ressources \u00e0 votre disposition.<\/p>\n\n\n\n<p>Si votre patiente veut faire un test de d\u00e9pistage du VIH sans utiliser son nom, vous ou votre patiente pouvez t\u00e9l\u00e9phoner \u00e0 la <a href=\"https:\/\/hivtestingontario.ca\/fr\/continuum-a-soins\/ligne-dinformation\/\">Ligne d\u2019information de Sant\u00e9 sexuelle Ontario<\/a>, sans frais au 1-800-668-2437, pour trouver la clinique de d\u00e9pistage anonyme du VIH la plus pr\u00e8s.<\/p>\n\n\n\n<p>Si vous ne demandez pas de test de d\u00e9pistage du VIH dans le cadre du d\u00e9pistage pr\u00e9natal, vous recevrez une lettre de rappel.<\/p>\n\n\n\n<hr class=\"wp-block-separator\"\/>\n\n\n\n<p><a href=\"#_ftnref1\">[1]<\/a> Bitnum A. et coll. Prevention of vertical HIV transmission and management of the HIV-exposed infant in Canada in 2014. Can J Infect Dis Med Microbiol. Mars\/avril 2014; 25(2). Accessible \u00e0&nbsp;: <a href=\"https:\/\/www.cps.ca\/uploads\/committees\/16160_bitn.pdf\">https:\/\/www.cps.ca\/uploads\/committees\/16160_bitn.pdf<\/a><\/p>\n","protected":false},"excerpt":{"rendered":"<p>Programme de d\u00e9pistage pr\u00e9natal du VIH en Ontario Le Programme de d\u00e9pistage pr\u00e9natal du VIH en Ontario offre le test de d\u00e9pistage universel du VIH \u00e0 toutes les femmes enceintes et \u00e0 celles qui envisagent de le devenir. Depuis le d\u00e9but du programme en 1998, pr\u00e8s de 200&nbsp;infections infantiles par le VIH ont \u00e9t\u00e9 \u00e9vit\u00e9es [&hellip;]<\/p>\n","protected":false},"author":6,"featured_media":0,"parent":1498,"menu_order":0,"comment_status":"closed","ping_status":"closed","template":"","meta":{"footnotes":"","_links_to":"","_links_to_target":""},"class_list":["post-1502","page","type-page","status-publish","hentry"],"_links":{"self":[{"href":"https:\/\/hivtestingontario.ca\/fr\/wp-json\/wp\/v2\/pages\/1502","targetHints":{"allow":["GET"]}}],"collection":[{"href":"https:\/\/hivtestingontario.ca\/fr\/wp-json\/wp\/v2\/pages"}],"about":[{"href":"https:\/\/hivtestingontario.ca\/fr\/wp-json\/wp\/v2\/types\/page"}],"author":[{"embeddable":true,"href":"https:\/\/hivtestingontario.ca\/fr\/wp-json\/wp\/v2\/users\/6"}],"replies":[{"embeddable":true,"href":"https:\/\/hivtestingontario.ca\/fr\/wp-json\/wp\/v2\/comments?post=1502"}],"version-history":[{"count":3,"href":"https:\/\/hivtestingontario.ca\/fr\/wp-json\/wp\/v2\/pages\/1502\/revisions"}],"predecessor-version":[{"id":2095,"href":"https:\/\/hivtestingontario.ca\/fr\/wp-json\/wp\/v2\/pages\/1502\/revisions\/2095"}],"up":[{"embeddable":true,"href":"https:\/\/hivtestingontario.ca\/fr\/wp-json\/wp\/v2\/pages\/1498"}],"wp:attachment":[{"href":"https:\/\/hivtestingontario.ca\/fr\/wp-json\/wp\/v2\/media?parent=1502"}],"curies":[{"name":"wp","href":"https:\/\/api.w.org\/{rel}","templated":true}]}}