{"id":1498,"date":"2021-08-29T15:47:01","date_gmt":"2021-08-29T15:47:01","guid":{"rendered":"https:\/\/hivtestingontario.ca\/stage\/?page_id=1498"},"modified":"2022-06-03T16:53:19","modified_gmt":"2022-06-03T16:53:19","slug":"fournisseurs-des-soins-de-sante","status":"publish","type":"page","link":"https:\/\/hivtestingontario.ca\/fr\/fournisseurs-des-soins-de-sante\/","title":{"rendered":"D\u00e9pistage par des fournisseurs des soins de sant\u00e9"},"content":{"rendered":"\n<h1 class=\"wp-block-heading\">D\u00e9pistage par des fournisseurs des soins de sant\u00e9<\/h1>\n\n\n\n<p>La grande majorit\u00e9 des d\u00e9pistages du VIH en Ontario sont effectu\u00e9s par des fournisseurs de soins primaires, en particulier des m\u00e9decins de famille. Ces fournisseurs de soins, dignes de confiance, sont la ressource vers laquelle la plupart des Ontariens se tournent lorsqu\u2019ils craignent d\u2019avoir \u00e9t\u00e9 expos\u00e9s au VIH. En moyenne, 16&nbsp;d\u00e9pistages du VIH sur 1&nbsp;000 effectu\u00e9s en Ontario s\u2019av\u00e8rent positifs. Pour plus de donn\u00e9es sur l\u2019\u00e9pid\u00e9mie du VIH en Ontario, consultez le site&nbsp;: <a href=\"http:\/\/www.ohesi.ca\">www.ohesi.ca<\/a><\/p>\n\n\n\n<p>Les fournisseurs de soins de sant\u00e9 sont encourag\u00e9s \u00e0&nbsp;:<\/p>\n\n\n\n<ul class=\"wp-block-list\"><li>Effectuer un d\u00e9pistage \u00e0 chaque fois qu\u2019un patient en fait la demande.<\/li><li>Envisager de faire un d\u00e9pistage du VIH lorsqu\u2019une autre infection transmissible sexuellement (ITS) est diagnostiqu\u00e9e, en particulier les ITS rectales.<\/li><li>Proposer un d\u00e9pistage du VIH <strong>trois semaines, six semaines<\/strong> et <strong>trois mois<\/strong>* apr\u00e8s toute exposition \u00e0 risque \u00e9lev\u00e9 pour le VIH. (Voir ce <a href=\"http:\/\/www.ohtn.on.ca\/wp-content\/uploads\/2019\/09\/2_L_evaluation_risque.pdf\">module de formation sur l\u2019\u00e9valuation du risque pour le VIH<\/a> pour plus de d\u00e9tails sur la d\u00e9finition d\u2019une exposition \u00e0 risque \u00e9lev\u00e9). Une exposition \u00e0 risque \u00e9lev\u00e9 implique un \u00e9change de fluides corporels avec des partenaires sexuels ou de consommation de drogues, sans protection efficace, lorsque l\u2019un d\u2019eux peut avoir une charge virale du VIH d\u00e9tectable. En Ontario, les personnes appartenant \u00e0 cinq <a href=\"https:\/\/hivtestingontario.ca\/fr\/test-parler\/populations-prioritaires-de-lontario\/\">populations prioritaires<\/a> sp\u00e9cifiques ont un risque plus \u00e9lev\u00e9 de VIH.<\/li><li>Envisagez de prescrire une <a href=\"https:\/\/hivtestingontario.ca\/fr\/continuum-a-soins\/prep\/\">prophylaxie pr\u00e9-exposition au VIH<\/a> (PrEP) aux patients ayant des expositions r\u00e9p\u00e9t\u00e9es \u00e0 risque \u00e9lev\u00e9. Pour en savoir plus sur la prescription de la PrEP, consultez le site [adresse manquante]<\/li><li>Envisagez de prescrire une <a href=\"https:\/\/hivtestingontario.ca\/fr\/pep-2\/\">prophylaxie post-exposition<\/a> (PPE) pour toute exposition \u00e0 risque \u00e9lev\u00e9 dans les derni\u00e8res 72\u00a0heures.<\/li><\/ul>\n\n\n\n<p>Remplissez la <a href=\"https:\/\/www.publichealthontario.ca\/fr\/laboratory-services\/test-information-index\/hiv-diagnostic-serology\">formulaire de s\u00e9rologie du VIH<\/a> du mieux que vous le pouvez; cela fournit des informations essentielles pour les programmes de d\u00e9pistage en Ontario.<\/p>\n\n\n\n<p>Les fournisseurs de soins de sant\u00e9 sont invit\u00e9s \u00e0 discuter avec leurs patients de la sant\u00e9 sexuelle et du risque de contracter le VIH et des ITS. Les patients seront ainsi encourag\u00e9s \u00e0 fournir des renseignements sur leurs expositions possibles et \u00e0 demander des conseils sur les moyens de se prot\u00e9ger. Les <a href=\"https:\/\/www.canada.ca\/fr\/sante-publique\/services\/maladies-infectieuses\/sante-sexuelle-infections-transmissibles-sexuellement\/lignes-directrices-canadiennes.html\">Lignes directrices canadiennes sur les infections transmissibles sexuellement<\/a> contiennent des <a href=\"https:\/\/www.canada.ca\/fr\/sante-publique\/services\/maladies-infectieuses\/sante-sexuelle-infections-transmissibles-sexuellement\/lignes-directrices-canadiennes\/infections-transmissibles-sexuellement\/lignes-directrices-canadiennes-infections-transmissibles-sexuellement-17.html#a3\">conseils sur la fa\u00e7on d\u2019effectuer une br\u00e8ve \u00e9valuation des ant\u00e9c\u00e9dents du patient et des risques d\u2019ITS<\/a>, de m\u00eame que <a href=\"https:\/\/www.canada.ca\/fr\/sante-publique\/services\/maladies-infectieuses\/sante-sexuelle-infections-transmissibles-sexuellement\/lignes-directrices-canadiennes\/infections-transmissibles-sexuellement\/lignes-directrices-canadiennes-infections-transmissibles-sexuellement-17.html#a4\">sur l\u2019\u00e9ducation et les conseils ax\u00e9s sur le patient<\/a>.<\/p>\n","protected":false},"excerpt":{"rendered":"<p>D\u00e9pistage par des fournisseurs des soins de sant\u00e9 La grande majorit\u00e9 des d\u00e9pistages du VIH en Ontario sont effectu\u00e9s par des fournisseurs de soins primaires, en particulier des m\u00e9decins de famille. Ces fournisseurs de soins, dignes de confiance, sont la ressource vers laquelle la plupart des Ontariens se tournent lorsqu\u2019ils craignent d\u2019avoir \u00e9t\u00e9 expos\u00e9s au [&hellip;]<\/p>\n","protected":false},"author":6,"featured_media":0,"parent":0,"menu_order":0,"comment_status":"closed","ping_status":"closed","template":"","meta":{"footnotes":"","_links_to":"","_links_to_target":""},"class_list":["post-1498","page","type-page","status-publish","hentry"],"_links":{"self":[{"href":"https:\/\/hivtestingontario.ca\/fr\/wp-json\/wp\/v2\/pages\/1498","targetHints":{"allow":["GET"]}}],"collection":[{"href":"https:\/\/hivtestingontario.ca\/fr\/wp-json\/wp\/v2\/pages"}],"about":[{"href":"https:\/\/hivtestingontario.ca\/fr\/wp-json\/wp\/v2\/types\/page"}],"author":[{"embeddable":true,"href":"https:\/\/hivtestingontario.ca\/fr\/wp-json\/wp\/v2\/users\/6"}],"replies":[{"embeddable":true,"href":"https:\/\/hivtestingontario.ca\/fr\/wp-json\/wp\/v2\/comments?post=1498"}],"version-history":[{"count":4,"href":"https:\/\/hivtestingontario.ca\/fr\/wp-json\/wp\/v2\/pages\/1498\/revisions"}],"predecessor-version":[{"id":2093,"href":"https:\/\/hivtestingontario.ca\/fr\/wp-json\/wp\/v2\/pages\/1498\/revisions\/2093"}],"wp:attachment":[{"href":"https:\/\/hivtestingontario.ca\/fr\/wp-json\/wp\/v2\/media?parent=1498"}],"curies":[{"name":"wp","href":"https:\/\/api.w.org\/{rel}","templated":true}]}}