{"id":1492,"date":"2021-08-29T15:06:16","date_gmt":"2021-08-29T15:06:16","guid":{"rendered":"https:\/\/hivtestingontario.ca\/stage\/?page_id=1492"},"modified":"2021-08-30T00:03:52","modified_gmt":"2021-08-30T00:03:52","slug":"sites-de-depistage-anonyme-designes","status":"publish","type":"page","link":"https:\/\/hivtestingontario.ca\/fr\/cep\/sites-de-depistage-anonyme-designes\/","title":{"rendered":"Sites de d\u00e9pistage anonyme d\u00e9sign\u00e9s"},"content":{"rendered":"\n<h1 class=\"wp-block-heading\">Sites de d\u00e9pistage anonyme d\u00e9sign\u00e9s<\/h1>\n\n\n\n<p>L\u2019infection \u00e0 VIH est consid\u00e9r\u00e9e comme une affection \u00ab&nbsp;d\u2019importance pour la sant\u00e9 publique&nbsp;\u00bb en vertu de la loi en Ontario. Un r\u00e9sultat positif \u00e0 un test standard de d\u00e9pistage du VIH en laboratoire (un test \u00ab&nbsp;nominatif&nbsp;\u00bb qui utilise le nom du client) est automatiquement signal\u00e9 par le Laboratoire de sant\u00e9 publique aux autorit\u00e9s locales de sant\u00e9 publique. Cette d\u00e9claration permet au service de sant\u00e9 publique local de faire un suivi aupr\u00e8s du patient pour lui offrir du soutien, l\u2019orienter vers des soins et notifier ses anciens partenaires (sexuels et de consommation de drogues), sans toutefois r\u00e9v\u00e9ler son identit\u00e9. <\/p>\n\n\n\n<p>Le d\u00e9pistage anonyme permet \u00e0 une personne de se faire d\u00e9pister pour le VIH sans fournir son nom ou d\u2019autres informations permettant de l\u2019identifier. Un formulaire de r\u00e9quisition de test du VIH anonyme est utilis\u00e9 afin que le r\u00e9sultat du client ne puisse pas \u00eatre reli\u00e9 \u00e0 son identit\u00e9. Toutes les informations relatives aux tests anonymes sont conserv\u00e9es dans des fichiers s\u00e9par\u00e9s des dossiers nominatifs. Bien que les conseillers en d\u00e9pistage soient au courant de l\u2019identit\u00e9 de la personne qu\u2019ils testent, les autorit\u00e9s locales de sant\u00e9 publique ne le seront pas. Seules les cliniques\/sites d\u00e9sign\u00e9s pour effectuer des tests de d\u00e9pistage anonymes en vertu de la loi sur la protection et la promotion de la sant\u00e9 en Ontario peuvent effectuer des tests anonymes. <\/p>\n\n\n\n<p>Cette d\u00e9signation n\u2019est pas transf\u00e9rable \u00e0 d\u2019autres sites. Les personnes qui souhaitent obtenir des services de d\u00e9pistage anonyme peuvent contacter la <a href=\"https:\/\/hivtestingontario.ca\/fr\/continuum-a-soins\/ligne-dinformation\/\">Ligne d\u2019information de Sant\u00e9 sexuelle Ontario ou son service de clavardage<\/a> pour \u00eatre dirig\u00e9es vers le site de d\u00e9pistage anonyme le plus pr\u00e8s. <\/p>\n\n\n\n<p>Le d\u00e9pistage anonyme a \u00e9t\u00e9 introduit en Ontario en 1992. Il existe actuellement 38&nbsp;sites de d\u00e9pistage anonyme d\u00e9sign\u00e9s qui proposent des tests standard en laboratoire et\/ou des tests rapides au point de service dans les communaut\u00e9s en Ontario. Le test anonyme r\u00e9pond aux pr\u00e9occupations de confidentialit\u00e9 de nombreux clients \u00e0 risque et permet aux clients qui ne b\u00e9n\u00e9ficient pas d\u2019une couverture m\u00e9dicale en Ontario de se faire d\u00e9pister. <\/p>\n\n\n\n<p>Le d\u00e9pistage anonyme est un moyen tr\u00e8s efficace de joindre les populations prioritaires qui craignent la stigmatisation li\u00e9e au VIH et qui pourraient d\u00e9j\u00e0 rencontrer de la discrimination (comme l\u2019homophobie, la stigmatisation li\u00e9e \u00e0 l\u2019immigration ou \u00e0 la consommation de drogues). Bien que moins de 3&nbsp;% de tous les tests de d\u00e9pistage du VIH effectu\u00e9s en Ontario soient anonymes, les personnes qui font un test anonyme ont pr\u00e8s de cinq fois plus de chances d\u2019obtenir un r\u00e9sultat positif que celles qui font un test nominatif (en utilisant leur nom). <a href=\"https:\/\/hivtestingontario.ca\/fr\/test-parler\/test-progres-en-ontario\/\">En savoir plus sur les r\u00e9sultats des tests et des diagnostics en Ontario<\/a>.<\/p>\n","protected":false},"excerpt":{"rendered":"<p>Sites de d\u00e9pistage anonyme d\u00e9sign\u00e9s L\u2019infection \u00e0 VIH est consid\u00e9r\u00e9e comme une affection \u00ab&nbsp;d\u2019importance pour la sant\u00e9 publique&nbsp;\u00bb en vertu de la loi en Ontario. Un r\u00e9sultat positif \u00e0 un test standard de d\u00e9pistage du VIH en laboratoire (un test \u00ab&nbsp;nominatif&nbsp;\u00bb qui utilise le nom du client) est automatiquement signal\u00e9 par le Laboratoire de sant\u00e9 [&hellip;]<\/p>\n","protected":false},"author":6,"featured_media":0,"parent":1441,"menu_order":0,"comment_status":"closed","ping_status":"closed","template":"","meta":{"footnotes":"","_links_to":"","_links_to_target":""},"class_list":["post-1492","page","type-page","status-publish","hentry"],"_links":{"self":[{"href":"https:\/\/hivtestingontario.ca\/fr\/wp-json\/wp\/v2\/pages\/1492","targetHints":{"allow":["GET"]}}],"collection":[{"href":"https:\/\/hivtestingontario.ca\/fr\/wp-json\/wp\/v2\/pages"}],"about":[{"href":"https:\/\/hivtestingontario.ca\/fr\/wp-json\/wp\/v2\/types\/page"}],"author":[{"embeddable":true,"href":"https:\/\/hivtestingontario.ca\/fr\/wp-json\/wp\/v2\/users\/6"}],"replies":[{"embeddable":true,"href":"https:\/\/hivtestingontario.ca\/fr\/wp-json\/wp\/v2\/comments?post=1492"}],"version-history":[{"count":1,"href":"https:\/\/hivtestingontario.ca\/fr\/wp-json\/wp\/v2\/pages\/1492\/revisions"}],"predecessor-version":[{"id":1792,"href":"https:\/\/hivtestingontario.ca\/fr\/wp-json\/wp\/v2\/pages\/1492\/revisions\/1792"}],"up":[{"embeddable":true,"href":"https:\/\/hivtestingontario.ca\/fr\/wp-json\/wp\/v2\/pages\/1441"}],"wp:attachment":[{"href":"https:\/\/hivtestingontario.ca\/fr\/wp-json\/wp\/v2\/media?parent=1492"}],"curies":[{"name":"wp","href":"https:\/\/api.w.org\/{rel}","templated":true}]}}