{"id":1487,"date":"2021-08-29T15:02:40","date_gmt":"2021-08-29T15:02:40","guid":{"rendered":"https:\/\/hivtestingontario.ca\/stage\/?page_id=1487"},"modified":"2022-06-03T15:59:42","modified_gmt":"2022-06-03T15:59:42","slug":"modules-de-formation-pour-conseillers-en-depistage-au-point-de-service","status":"publish","type":"page","link":"https:\/\/hivtestingontario.ca\/fr\/cep\/modules-de-formation-pour-conseillers-en-depistage-au-point-de-service\/","title":{"rendered":"Modules de formation pour conseillers en d\u00e9pistage au point de service"},"content":{"rendered":"\n<h1 class=\"wp-block-heading\">Modules de formation pour conseillers en d\u00e9pistage au point de service<\/h1>\n\n\n\n<p>Chaque site de d\u00e9pistage rapide du VIH en Ontario a la responsabilit\u00e9 de former les conseillers en d\u00e9pistage du VIH qu\u2019il emploie. Le minist\u00e8re de la Sant\u00e9 et des Soins de longue dur\u00e9e a travaill\u00e9 avec le R\u00e9seau ontarien de traitement du VIH (OHTN) au d\u00e9veloppement de ce mat\u00e9riel de formation pour les conseillers en d\u00e9pistage du VIH afin de favoriser une formation claire et uniforme dans l\u2019ensemble de la province. En cours de d\u00e9veloppement, ces documents ont \u00e9t\u00e9 examin\u00e9s par des intervenants exp\u00e9riment\u00e9s dans le d\u00e9pistage du VIH, de plusieurs sites de l\u2019Ontario, puis r\u00e9vis\u00e9s d\u2019apr\u00e8s leurs commentaires. La formation et sa formule rel\u00e8vent de la responsabilit\u00e9 de chaque site. <a href=\"https:\/\/hivtestingontario.ca\/wp-content\/uploads\/2020\/07\/Agenda_Formation_en_d\u00e9pistage_rapide.pdf\">Voici des mani\u00e8res par lesquelles la formation peut s\u2019effectuer<\/a>.<\/p>\n\n\n\n<p>Dans les sites de d\u00e9pistage rapide de toute la province, les conseillers en d\u00e9pistage du VIH s\u2019assurent de&nbsp;:<\/p>\n\n\n\n<ul class=\"wp-block-list\"><li>Conna\u00eetre les besoins de chaque client et l\u2019aider \u00e0 \u00e9valuer son risque d\u2019infection par le VIH<\/li><li>Expliquer le d\u00e9pistage et s\u2019assurer que le client y consent, avant d\u2019effectuer le d\u00e9pistage<\/li><li>Effectuer le d\u00e9pistage rapide du VIH et la d\u00e9claration<\/li><li>Fournir un soutien \u00e9motionnel, social et m\u00e9dical lorsqu\u2019une personne re\u00e7oit un r\u00e9sultat r\u00e9actif au d\u00e9pistage<\/li><li>Offrir du soutien \u00e0 la personne et lui recommander des services (y compris de pr\u00e9vention, de soins pour le VIH et de d\u00e9pistage d\u2019autres infections transmissibles sexuellement)<\/li><\/ul>\n\n\n\n<p>Les modules de formation offerts ici enseignent aux conseillers comment s\u2019acquitter de ces t\u00e2ches. La s\u00e9rie comporte actuellement sept modules de formation&nbsp;:<\/p>\n\n\n\n<hr class=\"wp-block-separator\"\/>\n\n\n\n<h2 class=\"wp-block-heading\"><a href=\"http:\/\/www.ohtn.on.ca\/wp-content\/uploads\/2019\/09\/1_Le_role_de_conseiller.pdf\"><\/a><strong><a href=\"https:\/\/hivtestingontario.ca\/wp-content\/uploads\/2021\/12\/1_Le_role_de_conseiller.pdf\" data-type=\"URL\" target=\"_blank\" rel=\"noreferrer noopener\">1&nbsp;: Le r\u00f4le de conseiller(-\u00e8re) en d\u00e9pistage du VIH<\/a><\/strong><\/h2>\n\n\n\n<p><a href=\"https:\/\/hivtestingontario.ca\/wp-content\/uploads\/2020\/07\/1_Guide_des_participant.pdf\">Guide des participants<\/a> | <a href=\"http:\/\/www.ohtn.on.ca\/wp-content\/uploads\/2019\/09\/french-checklist-HIV-test-counselling_final.pdf\">Aide-m\u00e9moire (complet) pour le counseling en d\u00e9pistage du VIH<\/a><br><a href=\"http:\/\/www.ohtn.on.ca\/questionnaire-sur-le-role-dun-e-conseiller-ere-en-vih\/\">Questionnaire<\/a><\/p>\n\n\n\n<p><strong><em>Mat\u00e9riel suppl\u00e9mentaire du module&nbsp;2 pour les animateurs&nbsp;:<br><\/em><\/strong><a href=\"https:\/\/hivtestingontario.ca\/wp-content\/uploads\/2020\/07\/1_Guide_de_lanimateur.pdf\">Guide de l\u2019animateur<\/a> | <a href=\"http:\/\/www.ohtn.on.ca\/wp-content\/uploads\/2019\/09\/1_Le_role_de_conseiller.pptx\">T\u00e9l\u00e9charger la pr\u00e9sent<\/a><a href=\"https:\/\/hivtestingontario.ca\/wp-content\/uploads\/2021\/12\/1_Le_role_de_conseiller.pptx\">ation et les diapositives PowerPoint<\/a><\/p>\n\n\n\n<hr class=\"wp-block-separator\"\/>\n\n\n\n<h2 class=\"wp-block-heading\"><a href=\"http:\/\/www.ohtn.on.ca\/wp-content\/uploads\/2019\/09\/2_L_evaluation_risque.pdf\"><\/a><a rel=\"noreferrer noopener\" href=\"http:\/\/www.ohtn.on.ca\/wp-content\/uploads\/2019\/09\/2_L_evaluation_risque.pdf\" target=\"_blank\"><strong>2&nbsp;: L\u2019\u00e9valuation du risque d\u2019infection par le VIH<\/strong><\/a><\/h2>\n\n\n\n<p><a href=\"http:\/\/www.ohtn.on.ca\/wp-content\/uploads\/2019\/10\/2_Guide_des_participant.pdf\">Guide des participants<\/a> | <a href=\"http:\/\/www.ohtn.on.ca\/questionnaire-sur-levaluation-du-risque\/\">Questionnaire<\/a><br><a href=\"http:\/\/www.ohtn.on.ca\/wp-content\/uploads\/2019\/09\/french-checklist-HIV-test-counselling_final.pdf\">Aide-m\u00e9moire (complet) pour le counseling en d\u00e9pistage du VIH<\/a><br><a href=\"https:\/\/hivtestingontario.ca\/wp-content\/uploads\/2020\/07\/Depistage-rapide.pdf\">Liste de contr\u00f4le des services de conseil au d\u00e9pistage du VIH (rapide)<\/a><\/p>\n\n\n\n<p><strong><em>Mat\u00e9riel suppl\u00e9mentaire du module&nbsp;2 pour les animateurs&nbsp;:<br><\/em><\/strong><a href=\"https:\/\/hivtestingontario.ca\/wp-content\/uploads\/2020\/07\/2_Guide_de_lanimateur.pdf\">Guide de l\u2019animateur<\/a> | <a href=\"http:\/\/www.ohtn.on.ca\/wp-content\/uploads\/2019\/09\/2_L_evaluation_risque.pptx\">T\u00e9l\u00e9charger la pr\u00e9sentation et les diapositives PowerPoint<\/a><\/p>\n\n\n\n<hr class=\"wp-block-separator\"\/>\n\n\n\n<h2 class=\"wp-block-heading\"><a href=\"http:\/\/www.ohtn.on.ca\/wp-content\/uploads\/2019\/09\/3_Annoncer_un_resultat-.pdf\"><\/a><strong><a href=\"http:\/\/www.ohtn.on.ca\/wp-content\/uploads\/2019\/09\/3_Annoncer_un_resultat-.pdf\" target=\"_blank\" rel=\"noreferrer noopener\">3&nbsp;: Annoncer un r\u00e9sultat et fournir du soutien<\/a><\/strong><\/h2>\n\n\n\n<p><a href=\"http:\/\/www.ohtn.on.ca\/wp-content\/uploads\/2019\/09\/3_Guide_des_participant.pdf\">Guide des participants<\/a><\/p>\n\n\n\n<p><strong><em>Mat\u00e9riel suppl\u00e9mentaire du module\u00a03 pour les animateurs\u00a0:<br><\/em><\/strong><a href=\"https:\/\/hivtestingontario.ca\/wp-content\/uploads\/2020\/07\/3_Guide-de-lanimateur.docx\">Guide de l\u2019animateur<\/a> | <a href=\"http:\/\/www.ohtn.on.ca\/wp-content\/uploads\/2019\/10\/3_Sc\u00e9narios-de-jeux-de-r\u00f4le.pdf\">Sc\u00e9narios de jeux de r\u00f4le<\/a> | <a href=\"http:\/\/www.ohtn.on.ca\/wp-content\/uploads\/2019\/09\/3_Annoncer_un_resultat-.pptx\">T\u00e9l\u00e9charger la pr\u00e9sentation et les diapositives PowerPoint<\/a><\/p>\n\n\n\n<hr class=\"wp-block-separator\"\/>\n\n\n\n<h2 class=\"wp-block-heading\"><a href=\"http:\/\/www.ohtn.on.ca\/wp-content\/uploads\/2019\/11\/4_periode_fenetre.pdf\"><\/a><strong><a href=\"http:\/\/www.ohtn.on.ca\/wp-content\/uploads\/2019\/11\/4_periode_fenetre.pdf\" target=\"_blank\" rel=\"noreferrer noopener\">4&nbsp;: La science et la pratique du d\u00e9pistage du VIH<\/a><\/strong><\/h2>\n\n\n\n<p><a href=\"http:\/\/www.ohtn.on.ca\/wp-content\/uploads\/2019\/08\/4_Guide_des_participant.pdf\">Guide des participants<\/a><\/p>\n\n\n\n<p><strong><em>Mat\u00e9riel suppl\u00e9mentaire du module&nbsp;4 pour les animateurs&nbsp;:<br><\/em><\/strong><a href=\"https:\/\/hivtestingontario.ca\/wp-content\/uploads\/2020\/07\/4_Guide-de-lanimateur.pdf\">Guide de l\u2019animateur<\/a> | <a href=\"http:\/\/www.ohtn.on.ca\/wp-content\/uploads\/2019\/11\/4_periode_fenetre.pptx\">T\u00e9l\u00e9charger la pr\u00e9sentation et les diapositives PowerPoint<\/a><\/p>\n\n\n\n<hr class=\"wp-block-separator\"\/>\n\n\n\n<h2 class=\"wp-block-heading\"><strong><a href=\"https:\/\/hivtestingontario.ca\/wp-content\/uploads\/2020\/07\/5_test_rapide.pdf\" target=\"_blank\" rel=\"noreferrer noopener\">5&nbsp;: Effectuer le test rapide INSTI pour le VIH<\/a><\/strong><\/h2>\n\n\n\n<p><a href=\"http:\/\/www.ohtn.on.ca\/wp-content\/uploads\/2019\/11\/5_Guide_des_participant.pdf\">Guide des participants<\/a> | <a href=\"http:\/\/www.ohtn.on.ca\/wp-content\/uploads\/2019\/08\/5_Interpreter_les_resultats.pdf\">Interpr\u00e9ter les r\u00e9sultats du test VIH <\/a>(carte de r\u00e9f\u00e9rence)<br><a href=\"http:\/\/www.ohtn.on.ca\/interpreter-le-resultat-du-test-du-vih-insti\/\">Questionnaire<\/a><\/p>\n\n\n\n<p><strong><em>Mat\u00e9riel suppl\u00e9mentaire du module&nbsp;5 pour les animateurs&nbsp;:<br><\/em><\/strong><a href=\"https:\/\/hivtestingontario.ca\/wp-content\/uploads\/2020\/07\/5_-Guide_de_lanimateur.pdf\">Guide de l\u2019animateur<\/a> | <a href=\"https:\/\/hivtestingontario.ca\/wp-content\/uploads\/2020\/07\/5_test_rapide.pptx\">T\u00e9l\u00e9charger la pr\u00e9sentation et les diapositives PowerPoint<\/a><\/p>\n\n\n\n<hr class=\"wp-block-separator\"\/>\n\n\n\n<h2 class=\"wp-block-heading\"><a rel=\"noreferrer noopener\" href=\"https:\/\/hivtestingontario.ca\/wp-content\/uploads\/2020\/07\/FORMULAIREDED\u00c9PISTAGE_NOMINATIF.pdf\" target=\"_blank\"><strong>6A&nbsp;: R\u00e9quisitions et rapports (Nominatif)<\/strong><\/a><\/h2>\n\n\n\n<p><a href=\"http:\/\/www.ohtn.on.ca\/wp-content\/uploads\/2020\/01\/6A_Guide_des_participant_NOMINATIF.pdf\">Guide des participants<\/a><\/p>\n\n\n\n<p><strong><em>Mat\u00e9riel suppl\u00e9mentaire du module 6A pour les animateurs&nbsp;:<br><\/em><\/strong><a href=\"https:\/\/hivtestingontario.ca\/wp-content\/uploads\/2020\/07\/6A_Guide_de_lanimateur.pdf\">Guide de l\u2019animateur<\/a> | <a href=\"https:\/\/hivtestingontario.ca\/wp-content\/uploads\/2020\/07\/FORMULAIREDED\u00c9PISTAGE_NOMINATIF.pptx\">T\u00e9l\u00e9charger la pr\u00e9sentation et les diapositives PowerPoint<\/a><\/p>\n\n\n\n<hr class=\"wp-block-separator\"\/>\n\n\n\n<h2 class=\"wp-block-heading\"><a rel=\"noreferrer noopener\" href=\"https:\/\/hivtestingontario.ca\/wp-content\/uploads\/2020\/07\/FORMULAIREDED%C3%89PISTAGE_ANONYME.pdf\" target=\"_blank\"><strong>6B&nbsp;: R\u00e9quisitions et rapports (Anonyme)<\/strong><\/a><\/h2>\n\n\n\n<p><a href=\"http:\/\/www.ohtn.on.ca\/wp-content\/uploads\/2020\/01\/6B_Guide_des_participant_ANONYME.pdf\">Guide des participants<\/a><\/p>\n\n\n\n<p><strong><em>Mat\u00e9riel suppl\u00e9mentaire du module 6B pour les animateurs&nbsp;:<br><\/em><\/strong><a href=\"https:\/\/hivtestingontario.ca\/wp-content\/uploads\/2020\/07\/6B_Guide_de_lanimateur.pdf\">Guide de l\u2019animateur<\/a> | <a href=\"https:\/\/hivtestingontario.ca\/wp-content\/uploads\/2020\/07\/FORMULAIREDED\u00c9PISTAGE_ANONYME.pptx\">T\u00e9l\u00e9charger la pr\u00e9sentation et les diapositives PowerPoint<\/a><\/p>\n\n\n\n<hr class=\"wp-block-separator\"\/>\n\n\n\n<h2 class=\"wp-block-heading\"><a href=\"https:\/\/hivtestingontario.ca\/wp-content\/uploads\/2020\/07\/7_Assurance_de_la_qualite.pdf\"><\/a><a rel=\"noreferrer noopener\" href=\"https:\/\/hivtestingontario.ca\/wp-content\/uploads\/2020\/07\/7_Assurance_de_la_qualite.pdf\" target=\"_blank\"><strong>7&nbsp;: Assurance de la qualit\u00e9 et gestion de l\u2019inventaire<\/strong><\/a><\/h2>\n\n\n\n<p>Ressources&nbsp;: <a href=\"https:\/\/hivtestingontario.ca\/fr\/cep\/modeles-dassurance-de-la-qualite\/\">Mod\u00e8les d\u2019assurance qualit\u00e9<\/a> | <a href=\"https:\/\/hivtestingontario.ca\/wp-content\/uploads\/2020\/07\/Guide_de_R%C3%A9f%C3%A9rence_Rapide.pdf\">Guide de r\u00e9f\u00e9rence rapide des fournitures de DPS du VIH<\/a> | <a href=\"https:\/\/hivtestingontario.ca\/wp-content\/uploads\/2020\/07\/7_Guide_des_participant.pdf\">Guide des participants<\/a> | <a href=\"http:\/\/www.ohtn.on.ca\/questionnaire-sur-lassurance-de-la-qualite\/\">Questionnaire<\/a><\/p>\n\n\n\n<p><strong><em>Mat\u00e9riel suppl\u00e9mentaire du module&nbsp;7 pour les animateurs&nbsp;:<br><\/em><\/strong><a href=\"https:\/\/hivtestingontario.ca\/wp-content\/uploads\/2020\/07\/7_Guide-de-lanimateur.pdf\">Guide de l\u2019animateur<\/a> | <a href=\"https:\/\/hivtestingontario.ca\/wp-content\/uploads\/2020\/07\/7_Assurance_de_la_qualite.pptx\">T\u00e9l\u00e9charger la pr\u00e9sentation et les diapositives PowerPoint<\/a><br><br><\/p>\n\n\n\n<p><a href=\"https:\/\/hivtestingontario.ca\/wp-content\/uploads\/2020\/07\/Quality_control_bref.pptx\"><em>Cette version abr\u00e9g\u00e9e<\/em><\/a><em> des diapositives sur l\u2019assurance de la qualit\u00e9 est souvent utilis\u00e9e au cours d\u2019une formation de groupe lorsque de nombreux modules sont abord\u00e9s en une seule journ\u00e9e. Les stagiaires sont encourag\u00e9s \u00e0 examiner le module complet plus tard.<\/em><\/p>\n\n\n\n<p>Nous vous remercions d\u2019avoir utilis\u00e9 les Modules de formation pour les conseillers en d\u00e9pistage du VIH au point de service. Nous esp\u00e9rons que cette ressource vous aidera \u00e0 \u00eatre plus efficace en tant d\u2019intervenant en DPS du VIH. Nous aimerions conna\u00eetre votre exp\u00e9rience afin de rendre cette ressource encore plus utile. <a href=\"https:\/\/www.surveymonkey.com\/r\/9H5WQMC\">R\u00e9pondez au sondage d\u2019\u00e9valuation.<\/a><\/p>\n","protected":false},"excerpt":{"rendered":"<p>Modules de formation pour conseillers en d\u00e9pistage au point de service Chaque site de d\u00e9pistage rapide du VIH en Ontario a la responsabilit\u00e9 de former les conseillers en d\u00e9pistage du VIH qu\u2019il emploie. Le minist\u00e8re de la Sant\u00e9 et des Soins de longue dur\u00e9e a travaill\u00e9 avec le R\u00e9seau ontarien de traitement du VIH (OHTN) [&hellip;]<\/p>\n","protected":false},"author":6,"featured_media":0,"parent":1441,"menu_order":0,"comment_status":"closed","ping_status":"closed","template":"","meta":{"footnotes":"","_links_to":"","_links_to_target":""},"class_list":["post-1487","page","type-page","status-publish","hentry"],"_links":{"self":[{"href":"https:\/\/hivtestingontario.ca\/fr\/wp-json\/wp\/v2\/pages\/1487","targetHints":{"allow":["GET"]}}],"collection":[{"href":"https:\/\/hivtestingontario.ca\/fr\/wp-json\/wp\/v2\/pages"}],"about":[{"href":"https:\/\/hivtestingontario.ca\/fr\/wp-json\/wp\/v2\/types\/page"}],"author":[{"embeddable":true,"href":"https:\/\/hivtestingontario.ca\/fr\/wp-json\/wp\/v2\/users\/6"}],"replies":[{"embeddable":true,"href":"https:\/\/hivtestingontario.ca\/fr\/wp-json\/wp\/v2\/comments?post=1487"}],"version-history":[{"count":3,"href":"https:\/\/hivtestingontario.ca\/fr\/wp-json\/wp\/v2\/pages\/1487\/revisions"}],"predecessor-version":[{"id":2091,"href":"https:\/\/hivtestingontario.ca\/fr\/wp-json\/wp\/v2\/pages\/1487\/revisions\/2091"}],"up":[{"embeddable":true,"href":"https:\/\/hivtestingontario.ca\/fr\/wp-json\/wp\/v2\/pages\/1441"}],"wp:attachment":[{"href":"https:\/\/hivtestingontario.ca\/fr\/wp-json\/wp\/v2\/media?parent=1487"}],"curies":[{"name":"wp","href":"https:\/\/api.w.org\/{rel}","templated":true}]}}