{"id":1482,"date":"2021-08-28T23:39:18","date_gmt":"2021-08-28T23:39:18","guid":{"rendered":"https:\/\/hivtestingontario.ca\/stage\/?page_id=1482"},"modified":"2022-06-01T20:21:00","modified_gmt":"2022-06-01T20:21:00","slug":"partenariats-de-proximite","status":"publish","type":"page","link":"https:\/\/hivtestingontario.ca\/fr\/cep\/partenariats-de-proximite\/","title":{"rendered":"Partenariats de proximit\u00e9"},"content":{"rendered":"\n<h1 class=\"wp-block-heading\">Partenariats de proximit\u00e9<\/h1>\n\n\n\n<p>L\u2019objectif principal du programme de d\u00e9pistage au point de service (DPS) est de promouvoir l\u2019acc\u00e8s au d\u00e9pistage pour les membres des populations prioritaires de l\u2019Ontario. Les sites du programme sont encourag\u00e9s \u00e0 adapter leurs services de d\u00e9pistage aux besoins des populations locales et sont souvent situ\u00e9s \u00e0 proximit\u00e9 d\u2019une population prioritaire sp\u00e9cifique. Cependant, les sites sont \u00e9galement encourag\u00e9s \u00e0 collaborer avec des organismes communautaires locaux afin d\u2019\u00e9tendre le d\u00e9pistage au-del\u00e0 de leur emplacement physique et de fournir des services de d\u00e9pistage de proximit\u00e9.<\/p>\n\n\n\n<p>Le maintien des <a href=\"https:\/\/hivtestingontario.ca\/fr\/cep\/partenariats-de-proximite\/normes-dassurance-de-la-qualite-lors-du-depistage-de-proximite\/\">normes d\u2019assurance de la qualit\u00e9 dans le cadre du d\u00e9pistage de proximit\u00e9<\/a> doit \u00eatre une priorit\u00e9.<\/p>\n\n\n\n<p>Le d\u00e9pistage de proximit\u00e9 peut \u00eatre pratiqu\u00e9&nbsp;:<\/p>\n\n\n\n<ul class=\"wp-block-list\"><li>lors d\u2019\u00e9v\u00e9nements communautaires s\u2019adressant aux membres de populations sp\u00e9cifiques (\u00e9v\u00e9nements de la fiert\u00e9 LGBTQ, Pow Wows, \u00e9v\u00e9nements ethno-sp\u00e9cifiques)<\/li><li>dans le cadre d\u2019autres services communautaires pertinents (organismes de lutte contre le sida, refuges d\u2019urgence, sites de r\u00e9duction des m\u00e9faits).<\/li><li>dans le cadre d\u2019une programmation multidimensionnelle propos\u00e9e par un autre organisme de services (organismes ethno-sp\u00e9cifiques).<\/li><\/ul>\n\n\n\n<p>Lors de la collaboration avec un autre organisme communautaire pour effectuer des tests, il est important que les deux partenaires soient clairs quant \u00e0 leurs responsabilit\u00e9s envers les clients. Dans la mesure du possible, des protocoles d\u2019entente doivent \u00eatre sign\u00e9s entre les partenaires, en pr\u00e9cisant les modalit\u00e9s de leur collaboration&nbsp;:<\/p>\n\n\n\n<ul class=\"wp-block-list\"><li>l\u2019agence communautaire assurera la promotion du service et orientera les personnes vers le d\u00e9pistage<\/li><li>la confidentialit\u00e9 des clients sera prot\u00e9g\u00e9e<\/li><li>un espace priv\u00e9 sera pr\u00e9vu pour le counseling et le d\u00e9pistage<\/li><li>les d\u00e9chets biologiques dangereux seront mis aux rebuts<\/li><li>les clients recevront des soins de suivi.<\/li><\/ul>\n\n\n\n<h3 class=\"wp-block-heading\">Suivi du d\u00e9pistage<\/h3>\n\n\n\n<p>Les soins de suivi sont particuli\u00e8rement vitaux. Bien que le centre de d\u00e9pistage soit principalement charg\u00e9 de soutenir le client dans sa r\u00e9action initiale et de le mettre en contact avec des soins de suivi, les partenaires auront parfois besoin de discuter de la r\u00e9ponse \u00e0 un r\u00e9sultat r\u00e9actif. Ceci est particuli\u00e8rement important pour les partenariats avec des services o\u00f9 les clients pourraient rester apr\u00e8s le d\u00e9part de l\u2019organisme qui pratique le d\u00e9pistage. De quels soutiens auront-ils besoin au-del\u00e0 de la communication initiale de cette information? Comment leur confidentialit\u00e9 sera-t-elle prot\u00e9g\u00e9e s\u2019ils sont d\u00e9sempar\u00e9s?<\/p>\n\n\n\n<p>Dans certaines circonstances, telles que le d\u00e9pistage dans un refuge ou un centre de r\u00e9duction des m\u00e9faits, il peut \u00eatre appropri\u00e9 que les gestionnaires de cas de l\u2019agence d\u2019accueil s\u2019occupent des soins et du soutien continus aux clients. Toutefois, dans la plupart des cas, il est important que le personnel du site de d\u00e9pistage dispose de cartes de rendez-vous et d\u2019autres documents, et prenne des rendez-vous de suivi avec les clients pour recevoir les r\u00e9sultats de confirmation et un soutien suppl\u00e9mentaire.<\/p>\n\n\n\n<p>\u00c9l\u00e9ments \u00e0 consid\u00e9rer&nbsp;:<\/p>\n\n\n\n<ul class=\"wp-block-list\"><li>Les rendez-vous de suivi pourraient-ils avoir lieu sur le site du d\u00e9pistage?<\/li><li>Est-il possible d\u2019\u00e9tablir un lien avec les soins en VIH \u00e0 partir du site de proximit\u00e9?<\/li><li>\u00c0 quel endroit les clients de ce site pourraient-ils acc\u00e9der facilement \u00e0 des soins m\u00e9dicaux de suivi (soins en VIH, prescription de la PrEP)?<\/li><\/ul>\n\n\n\n<p>N\u2019oubliez pas les besoins des clients qui re\u00e7oivent un r\u00e9sultat non r\u00e9actif (n\u00e9gatif)&nbsp;:<\/p>\n\n\n\n<ul class=\"wp-block-list\"><li>Le partenaire communautaire offre-t-il des services qui pourraient \u00eatre utiles aux clients (groupes de soutien, soins de sant\u00e9 mentale et toxicomanie, counseling en r\u00e9duction des m\u00e9faits)? Comment ces services pourraient-ils \u00eatre int\u00e9gr\u00e9s dans le counseling pr\u00e9- et post-test?<\/li><li>Quelles sont les autres ressources utiles sont disponibles autour du site de proximit\u00e9? Y accepte-t-on les nouveaux clients?<\/li><\/ul>\n\n\n\n<p>Si vous souhaitez \u00e9tablir un protocole d\u2019entente avec un autre organisme, contactez le personnel des Programmes sur le sida et l\u2019h\u00e9patite C pour obtenir un mod\u00e8le d\u2019entente.<\/p>\n\n\n\n<h3 class=\"wp-block-heading\">\u00c9v\u00e9nements communautaires<\/h3>\n\n\n\n<p>Lors d\u2019\u00e9v\u00e9nements communautaires, le site de d\u00e9pistage sera g\u00e9n\u00e9ralement responsable de tous les aspects du processus du d\u00e9pistage. Votre personnel devra apporter tout ce qui est n\u00e9cessaire pour le d\u00e9pistage, et pr\u00e9voir une sorte d\u2019espace priv\u00e9 pour les tests eux-m\u00eames (un kiosque ou une camionnette de d\u00e9pistage.) Le personnel charg\u00e9 du d\u00e9pistage doit \u00eatre exp\u00e9riment\u00e9. Le Minist\u00e8re a \u00e9tabli un crit\u00e8re de r\u00e9f\u00e9rence selon lequel un-e employ\u00e9-e doit avoir effectu\u00e9 et analys\u00e9 au moins 25&nbsp;tests, avant de pouvoir exercer ce r\u00f4le. Les \u00e9quipes de d\u00e9pistage doivent comprendre des membres du personnel capables de pr\u00e9lever des \u00e9chantillons de sang pour les tests standard (apr\u00e8s un r\u00e9sultat r\u00e9actif ou pendant la p\u00e9riode fen\u00eatre).<\/p>\n","protected":false},"excerpt":{"rendered":"<p>Partenariats de proximit\u00e9 L\u2019objectif principal du programme de d\u00e9pistage au point de service (DPS) est de promouvoir l\u2019acc\u00e8s au d\u00e9pistage pour les membres des populations prioritaires de l\u2019Ontario. Les sites du programme sont encourag\u00e9s \u00e0 adapter leurs services de d\u00e9pistage aux besoins des populations locales et sont souvent situ\u00e9s \u00e0 proximit\u00e9 d\u2019une population prioritaire sp\u00e9cifique. [&hellip;]<\/p>\n","protected":false},"author":6,"featured_media":0,"parent":1441,"menu_order":0,"comment_status":"closed","ping_status":"closed","template":"","meta":{"footnotes":"","_links_to":"","_links_to_target":""},"class_list":["post-1482","page","type-page","status-publish","hentry"],"_links":{"self":[{"href":"https:\/\/hivtestingontario.ca\/fr\/wp-json\/wp\/v2\/pages\/1482","targetHints":{"allow":["GET"]}}],"collection":[{"href":"https:\/\/hivtestingontario.ca\/fr\/wp-json\/wp\/v2\/pages"}],"about":[{"href":"https:\/\/hivtestingontario.ca\/fr\/wp-json\/wp\/v2\/types\/page"}],"author":[{"embeddable":true,"href":"https:\/\/hivtestingontario.ca\/fr\/wp-json\/wp\/v2\/users\/6"}],"replies":[{"embeddable":true,"href":"https:\/\/hivtestingontario.ca\/fr\/wp-json\/wp\/v2\/comments?post=1482"}],"version-history":[{"count":2,"href":"https:\/\/hivtestingontario.ca\/fr\/wp-json\/wp\/v2\/pages\/1482\/revisions"}],"predecessor-version":[{"id":2075,"href":"https:\/\/hivtestingontario.ca\/fr\/wp-json\/wp\/v2\/pages\/1482\/revisions\/2075"}],"up":[{"embeddable":true,"href":"https:\/\/hivtestingontario.ca\/fr\/wp-json\/wp\/v2\/pages\/1441"}],"wp:attachment":[{"href":"https:\/\/hivtestingontario.ca\/fr\/wp-json\/wp\/v2\/media?parent=1482"}],"curies":[{"name":"wp","href":"https:\/\/api.w.org\/{rel}","templated":true}]}}