{"id":1480,"date":"2021-08-28T23:35:47","date_gmt":"2021-08-28T23:35:47","guid":{"rendered":"https:\/\/hivtestingontario.ca\/stage\/?page_id=1480"},"modified":"2022-06-03T15:51:21","modified_gmt":"2022-06-03T15:51:21","slug":"modeles-dassurance-de-la-qualite","status":"publish","type":"page","link":"https:\/\/hivtestingontario.ca\/fr\/cep\/modeles-dassurance-de-la-qualite\/","title":{"rendered":"Documentation, dossiers et registres d\u2019assurance de la qualit\u00e9"},"content":{"rendered":"\n<h1 class=\"wp-block-heading\">Documentation, dossiers et registres d\u2019assurance de la qualit\u00e9<\/h1>\n\n\n\n<p>Un d\u00e9pistage efficace du VIH repose sur une documentation minutieuse. Bien que les processus diff\u00e8rent, les sites de d\u00e9pistage nominatif et anonyme sont tenus de documenter leurs activit\u00e9s de d\u00e9pistage. <a href=\"https:\/\/hivtestingontario.ca\/fr\/formation-rapide-des-conseillers\/\">Des modules de formation<\/a> sont disponibles pour vous aider \u00e0 remplir les formulaires de r\u00e9quisition de test du VIH nominatif et anonyme. Les sites sont \u00e9galement encourag\u00e9s \u00e0 utiliser un formulaire d\u2019inscription standardis\u00e9 pour chaque client, ce qui aidera le conseiller en d\u00e9pistage \u00e0 remplir les r\u00e9quisitions. Un <a href=\"https:\/\/hivtestingontario.ca\/wp-content\/uploads\/2020\/07\/Formulaire_dinscription-.pdf\">exemple de formulaire d\u2019inscription<\/a> est disponible ici.<\/p>\n\n\n\n<p>De plus, les sites sont responsables du maintien des dossiers suivants d\u2019assurance de la qualit\u00e9. Ces dossiers doivent \u00eatre correctement remplis, class\u00e9s et entrepos\u00e9s en toute s\u00e9curit\u00e9 pendant 10&nbsp;ans.<\/p>\n\n\n\n<p><strong>Registre quotidien<\/strong>&nbsp;\u2013 Compl\u00e9t\u00e9 lors de l\u2019utilisation chaque trousse de d\u00e9pistage, ce registre r\u00e9pertorie tous les tests de DPS du VIH effectu\u00e9s dans votre site. Tout le personnel doit \u00eatre form\u00e9 sur la fa\u00e7on de remplir le registre correctement. Cette formation fait partie des <a href=\"https:\/\/hivtestingontario.ca\/fr\/formation-rapide-des-conseillers\/\">modules de formation<\/a> \u00ab&nbsp;R\u00e9quisitions et d\u00e9claration&nbsp;\u00bb.<\/p>\n\n\n\n<p>T\u00e9l\u00e9charger en format <a href=\"https:\/\/hivtestingontario.ca\/wp-content\/uploads\/2020\/03\/Registre_quotidien.xlsx\" target=\"_blank\" rel=\"noreferrer noopener\">Excel<\/a>,&nbsp;<a href=\"https:\/\/hivtestingontario.ca\/wp-content\/uploads\/2020\/03\/Registre_quotidien.doc\" target=\"_blank\" rel=\"noreferrer noopener\">Word<\/a>&nbsp;et&nbsp;<a href=\"https:\/\/hivtestingontario.ca\/wp-content\/uploads\/2020\/03\/Registre_quotidien.pdf\" target=\"_blank\" rel=\"noreferrer noopener\">PDF<\/a>&nbsp;8,5 X 14<\/p>\n\n\n\n<p><strong>Sommaire mensuel<\/strong>&nbsp;\u2013 Ce rapport mensuel est l\u2019une des principales responsabilit\u00e9s de la personne charg\u00e9e de l\u2019assurance de la qualit\u00e9. Une <a href=\"https:\/\/hivtestingontario.ca\/wp-content\/uploads\/2020\/07\/Le_sommaire_mensuel.pdf\">br\u00e8ve formation<\/a> sur les sommaires mensuels est disponible.<\/p>\n\n\n\n<p>T\u00e9l\u00e9charger uniquement comme&nbsp;<a href=\"https:\/\/hivtestingontario.ca\/wp-content\/uploads\/2020\/04\/Rapport_mensuel.xlsx\" target=\"_blank\" rel=\"noreferrer noopener\">Excel<\/a>&nbsp;(ce fichier n\u2019est pas destin\u00e9 \u00e0 \u00eatre imprim\u00e9)<\/p>\n\n\n\n<p><strong>Registre des temp\u00e9ratures<\/strong>\u00a0\u2013 Ce registre devrait \u00eatre imprim\u00e9 et affich\u00e9 dans la zone d\u2019entreposage des trousses de DPS. <a href=\"https:\/\/hivtestingontario.ca\/fr\/cep\/entreposage-et-utilisation\/\">En savoir plus sur l\u2019entreposage et l\u2019utilisation des trousses<\/a>.<\/p>\n\n\n\n<p>T\u00e9l\u00e9charger en format <a href=\"https:\/\/hivtestingontario.ca\/wp-content\/uploads\/2020\/03\/Surveillance_environnementale.xlsx\" target=\"_blank\" rel=\"noreferrer noopener\">Excel<\/a>,&nbsp;<a href=\"https:\/\/hivtestingontario.ca\/wp-content\/uploads\/2020\/03\/Environmental-Log.doc\" target=\"_blank\" rel=\"noreferrer noopener\">Word<\/a>&nbsp;et&nbsp;<a href=\"https:\/\/hivtestingontario.ca\/wp-content\/uploads\/2020\/03\/Environmental-Log.pdf\" target=\"_blank\" rel=\"noreferrer noopener\">PDF<\/a>&nbsp;\u2013 8.5 X 11<\/p>\n\n\n\n<p><strong>Registre de contr\u00f4le de la qualit\u00e9<\/strong> \u2013 Ce registre sert \u00e0 consigner votre \u00e9valuation r\u00e9guli\u00e8re des trousses de d\u00e9pistage \u00e0 l\u2019aide de contr\u00f4les positifs\/n\u00e9gatifs. <a href=\"https:\/\/hivtestingontario.ca\/fr\/cep\/controles\/\">En savoir plus.<\/a><\/p>\n\n\n\n<p>T\u00e9l\u00e9charger en format <a href=\"https:\/\/hivtestingontario.ca\/wp-content\/uploads\/2020\/03\/Registre_du_controle_de_la_qualite.xlsx\" target=\"_blank\" rel=\"noreferrer noopener\">Excel<\/a>,&nbsp;<a href=\"https:\/\/hivtestingontario.ca\/wp-content\/uploads\/2020\/03\/Registre_du_controle_de_la_qualite.doc\" target=\"_blank\" rel=\"noreferrer noopener\">Word<\/a>&nbsp;et&nbsp;<a href=\"https:\/\/hivtestingontario.ca\/wp-content\/uploads\/2020\/03\/Registre_du_controle_de_la_qualite.pdf\" target=\"_blank\" rel=\"noreferrer noopener\">PDF<\/a>&nbsp;\u2013 8.5 X 11<\/p>\n\n\n\n<p><strong>Registre des incidents<\/strong> \u2013 Ce registre sert \u00e0 documenter l\u2019enqu\u00eate que vous menez lorsqu\u2019un r\u00e9sultat de test inattendu se produit. <a href=\"https:\/\/hivtestingontario.ca\/fr\/cep\/incidents\/\">En savoir plus sur la r\u00e9ponse aux incidents<\/a>.&nbsp;&nbsp;&nbsp;&nbsp;&nbsp;&nbsp;&nbsp;&nbsp;&nbsp;&nbsp;&nbsp;&nbsp;&nbsp;&nbsp;&nbsp;&nbsp;&nbsp;&nbsp;&nbsp;&nbsp;&nbsp;&nbsp;&nbsp;&nbsp;&nbsp;&nbsp;&nbsp;&nbsp;&nbsp;&nbsp;&nbsp;&nbsp;&nbsp;&nbsp;&nbsp;&nbsp;&nbsp;&nbsp;&nbsp;&nbsp;&nbsp;&nbsp;&nbsp;&nbsp;&nbsp;&nbsp;&nbsp;&nbsp;&nbsp;&nbsp;&nbsp;&nbsp;&nbsp;&nbsp;&nbsp;&nbsp;&nbsp;&nbsp;&nbsp;&nbsp;&nbsp;&nbsp;&nbsp;&nbsp;&nbsp;&nbsp;&nbsp;&nbsp;&nbsp;&nbsp;&nbsp;&nbsp;&nbsp;&nbsp;&nbsp;&nbsp;&nbsp;&nbsp;&nbsp;&nbsp;&nbsp;&nbsp;&nbsp;&nbsp;&nbsp;&nbsp;&nbsp;&nbsp;&nbsp;&nbsp;&nbsp;&nbsp;&nbsp;&nbsp;&nbsp;&nbsp;&nbsp;&nbsp;&nbsp;&nbsp;&nbsp;&nbsp;&nbsp;<\/p>\n\n\n\n<p>T\u00e9l\u00e9charger en format <a href=\"https:\/\/hivtestingontario.ca\/wp-content\/uploads\/2020\/03\/Registre_dincidents.xlsx\" target=\"_blank\" rel=\"noreferrer noopener\">Excel<\/a>,&nbsp;<a href=\"https:\/\/hivtestingontario.ca\/wp-content\/uploads\/2020\/03\/Registre_d_incidents-.doc\" target=\"_blank\" rel=\"noreferrer noopener\">Word<\/a>&nbsp;et <a href=\"https:\/\/hivtestingontario.ca\/wp-content\/uploads\/2020\/03\/Registre_d_incidents-.pdf\" target=\"_blank\" rel=\"noreferrer noopener\">PDF<\/a>&nbsp;\u2013 8.5 X 14<\/p>\n\n\n\n<p>Des outils tels que les aide-m\u00e9moire pour le counseling <a href=\"http:\/\/www.ohtn.on.ca\/wp-content\/uploads\/2019\/09\/french-checklist-HIV-test-counselling_final.pdf\">complet<\/a> et <a href=\"https:\/\/hivtestingontario.ca\/wp-content\/uploads\/2020\/07\/Depistage-rapide.pdf\">express<\/a> sur le d\u00e9pistage du VIH peuvent \u00e9galement \u00eatre utiles pour assurer la qualit\u00e9 des tests, \u00e0 la fois \u00e0 des fins de formation et, si vous le souhaitez, de documentation de chaque rendez-vous. L\u2019aide-m\u00e9moire pour le counseling en d\u00e9pistage du VIH complet concerne les clients qui ne sont pas familiers avec le processus de d\u00e9pistage, tandis qu\u2019une approche de counseling express est maintenant adopt\u00e9e dans certains sites, dans le cas des d\u00e9pistages de routine.<\/p>\n","protected":false},"excerpt":{"rendered":"<p>Documentation, dossiers et registres d\u2019assurance de la qualit\u00e9 Un d\u00e9pistage efficace du VIH repose sur une documentation minutieuse. Bien que les processus diff\u00e8rent, les sites de d\u00e9pistage nominatif et anonyme sont tenus de documenter leurs activit\u00e9s de d\u00e9pistage. Des modules de formation sont disponibles pour vous aider \u00e0 remplir les formulaires de r\u00e9quisition de test [&hellip;]<\/p>\n","protected":false},"author":6,"featured_media":0,"parent":1441,"menu_order":0,"comment_status":"closed","ping_status":"closed","template":"","meta":{"footnotes":"","_links_to":"","_links_to_target":""},"class_list":["post-1480","page","type-page","status-publish","hentry"],"_links":{"self":[{"href":"https:\/\/hivtestingontario.ca\/fr\/wp-json\/wp\/v2\/pages\/1480","targetHints":{"allow":["GET"]}}],"collection":[{"href":"https:\/\/hivtestingontario.ca\/fr\/wp-json\/wp\/v2\/pages"}],"about":[{"href":"https:\/\/hivtestingontario.ca\/fr\/wp-json\/wp\/v2\/types\/page"}],"author":[{"embeddable":true,"href":"https:\/\/hivtestingontario.ca\/fr\/wp-json\/wp\/v2\/users\/6"}],"replies":[{"embeddable":true,"href":"https:\/\/hivtestingontario.ca\/fr\/wp-json\/wp\/v2\/comments?post=1480"}],"version-history":[{"count":2,"href":"https:\/\/hivtestingontario.ca\/fr\/wp-json\/wp\/v2\/pages\/1480\/revisions"}],"predecessor-version":[{"id":2089,"href":"https:\/\/hivtestingontario.ca\/fr\/wp-json\/wp\/v2\/pages\/1480\/revisions\/2089"}],"up":[{"embeddable":true,"href":"https:\/\/hivtestingontario.ca\/fr\/wp-json\/wp\/v2\/pages\/1441"}],"wp:attachment":[{"href":"https:\/\/hivtestingontario.ca\/fr\/wp-json\/wp\/v2\/media?parent=1480"}],"curies":[{"name":"wp","href":"https:\/\/api.w.org\/{rel}","templated":true}]}}