{"id":1474,"date":"2021-08-28T22:54:21","date_gmt":"2021-08-28T22:54:21","guid":{"rendered":"https:\/\/hivtestingontario.ca\/stage\/?page_id=1474"},"modified":"2022-06-03T15:39:05","modified_gmt":"2022-06-03T15:39:05","slug":"incident","status":"publish","type":"page","link":"https:\/\/hivtestingontario.ca\/fr\/cep\/incident\/","title":{"rendered":"Intervention en cas d\u2019incident"},"content":{"rendered":"\n<h1 class=\"wp-block-heading\">Intervention en cas d\u2019incident<\/h1>\n\n\n\n<p>Un incident est un r\u00e9sultat inattendu qui pourrait indiquer une source de pr\u00e9occupation quant \u00e0 la performance des trousses ou des proc\u00e9dures de test dans un site de d\u00e9pistage du VIH. L\u2019une des principales responsabilit\u00e9s du responsable de l\u2019assurance de la qualit\u00e9 consiste \u00e0 mener une enqu\u00eate locale en cas d\u2019incident.<\/p>\n\n\n\n<p>Tout incident, m\u00eame si sa cause est facilement compr\u00e9hensible, doit \u00eatre consign\u00e9 dans le registre des incidents. (Des <a href=\"https:\/\/hivtestingontario.ca\/fr\/cep\/modeles-dassurance-de-la-qualite\/\">mod\u00e8les<\/a> de registre sont disponibles.) Les incidents peuvent inclure&nbsp;:<\/p>\n\n\n\n<ul class=\"wp-block-list\"><li>Une trousse endommag\u00e9e qui emp\u00eache son utilisation<\/li><li>Tout <a href=\"https:\/\/hivtestingontario.ca\/fr\/cep\/invalides-tests\/\">d\u00e9pistage non valide<\/a> (que ce soit un test pour un client ou d\u2019assurance de la qualit\u00e9)<\/li><li>Un r\u00e9sultat inattendu lors des <a href=\"https:\/\/hivtestingontario.ca\/fr\/cep\/controles\/\">tests de contr\u00f4le de la qualit\u00e9<\/a><\/li><li>Une disparit\u00e9 entre les r\u00e9sultats d\u2019un DPS et du d\u00e9pistage standard en laboratoire<\/li><li>Une disparit\u00e9 entre les r\u00e9sultats d\u2019un test de comp\u00e9tence dans votre site et le r\u00e9sultat attendu<\/li><\/ul>\n\n\n\n<p>Les incidents suivants devraient \u00eatre imm\u00e9diatement signal\u00e9s aux Programmes sur le sida et l\u2019h\u00e9patite C&nbsp;:<\/p>\n\n\n\n<ul class=\"wp-block-list\"><li>Deux tests non valides (ou plus de 1&nbsp;% de tests non valides sur une p\u00e9riode d\u2019un mois)<\/li><li>Deux r\u00e9sultats de contr\u00f4le de la qualit\u00e9 inattendus<\/li><li>Tout r\u00e9sultat n\u00e9gatif au DPS suivi d\u2019un r\u00e9sultat positif en laboratoire (m\u00eame si le patient se trouvait dans la p\u00e9riode de fen\u00eatre; les Programmes sur le VIH et l\u2019h\u00e9patite C doivent alerter le fabricant rapidement)<\/li><li>Plus d\u2019un r\u00e9sultat de DPS faussement r\u00e9actif (ou &gt;1&nbsp;% de faux r\u00e9actifs en un mois)<\/li><li>Dommages \u00e0 un nombre important de trousses nouvellement livr\u00e9es (&gt;5&nbsp;% de la commande)<\/li><\/ul>\n\n\n\n<h3 class=\"wp-block-heading\">Le registre des incidents<\/h3>\n\n\n\n<p>Le registre des incidents (<a href=\"https:\/\/hivtestingontario.ca\/wp-content\/uploads\/2020\/03\/Registre_dincidents.xlsx\">Excel<\/a>,&nbsp;<a href=\"https:\/\/hivtestingontario.ca\/wp-content\/uploads\/2020\/03\/Registre_d_incidents-.doc\">Word<\/a>&nbsp;et<a href=\"https:\/\/hivtestingontario.ca\/wp-content\/uploads\/2020\/03\/Registre_d_incidents-.pdf\">&nbsp;PDF<\/a>) comprend les sections suivantes&nbsp;:<\/p>\n\n\n\n<ul class=\"wp-block-list\"><li>La date de l\u2019incident<\/li><li>Le num\u00e9ro de lot de tous les produits concern\u00e9s (trousses de DPS, mais aussi contr\u00f4les de la qualit\u00e9, le cas \u00e9ch\u00e9ant)<\/li><li>Le type de produits concern\u00e9s (trousses de d\u00e9pistage, contr\u00f4les de la qualit\u00e9, panels de tests de comp\u00e9tence, etc.)<\/li><li>Le type d\u2019incident (d\u00e9pistage non valide, faux positif, etc.).<\/li><li>Une br\u00e8ve description de ce qui s\u2019est pass\u00e9 et des raisons probables (\u00ab&nbsp;aucun point de contr\u00f4le; la quantit\u00e9 du sp\u00e9cimen \u00e9tait peut-\u00eatre insuffisante&nbsp;\u00bb)<\/li><li>Mesures prises (reprise du test, qui a produit un r\u00e9sultat appropri\u00e9)<\/li><li>Date de r\u00e9solution (le jour m\u00eame, si le test a \u00e9t\u00e9 r\u00e9p\u00e9t\u00e9)<\/li><\/ul>\n\n\n\n<p>Autres conseils pour g\u00e9rer les incidents&nbsp;:<\/p>\n\n\n\n<ul class=\"wp-block-list\"><li>Utilisez votre t\u00e9l\u00e9phone pour prendre une photo et documenter l\u2019incident d\u00e8s que possible<\/li><li>Reporter l\u2019incident au superviseur ou au responsable de l\u2019assurance de la qualit\u00e9 d\u00e8s que possible<\/li><li>Ne pas jeter la membrane de test<\/li><li>Si le test doit \u00eatre r\u00e9p\u00e9t\u00e9 pour clarifier l\u2019incident, essayez de le faire en pr\u00e9sence du responsable de l\u2019assurance de la qualit\u00e9 ou d\u2019un deuxi\u00e8me conseiller en d\u00e9pistage.<\/li><\/ul>\n\n\n\n<p>Des instructions plus d\u00e9taill\u00e9es sont disponibles pour vous aider \u00e0 g\u00e9rer des <a href=\"https:\/\/hivtestingontario.ca\/fr\/cep\/invalides-tests\/\">r\u00e9sultats de d\u00e9pistage non valides<\/a> ou des <a href=\"https:\/\/hivtestingontario.ca\/fr\/cep\/controles\/\">r\u00e9sultats de contr\u00f4le de la qualit\u00e9 positifs\/n\u00e9gatifs inattendus<\/a>. Les informations contenues dans le <a href=\"https:\/\/hivtestingontario.ca\/wp-content\/uploads\/2020\/07\/Le_sommaire_mensuel.pdf\">sommaire mensuel<\/a> comprennent une discussion sur les r\u00e9sultats de d\u00e9pistage faux positifs et faux n\u00e9gatifs.<\/p>\n","protected":false},"excerpt":{"rendered":"<p>Intervention en cas d\u2019incident Un incident est un r\u00e9sultat inattendu qui pourrait indiquer une source de pr\u00e9occupation quant \u00e0 la performance des trousses ou des proc\u00e9dures de test dans un site de d\u00e9pistage du VIH. L\u2019une des principales responsabilit\u00e9s du responsable de l\u2019assurance de la qualit\u00e9 consiste \u00e0 mener une enqu\u00eate locale en cas d\u2019incident. [&hellip;]<\/p>\n","protected":false},"author":6,"featured_media":0,"parent":1441,"menu_order":0,"comment_status":"closed","ping_status":"closed","template":"","meta":{"footnotes":"","_links_to":"","_links_to_target":""},"class_list":["post-1474","page","type-page","status-publish","hentry"],"_links":{"self":[{"href":"https:\/\/hivtestingontario.ca\/fr\/wp-json\/wp\/v2\/pages\/1474","targetHints":{"allow":["GET"]}}],"collection":[{"href":"https:\/\/hivtestingontario.ca\/fr\/wp-json\/wp\/v2\/pages"}],"about":[{"href":"https:\/\/hivtestingontario.ca\/fr\/wp-json\/wp\/v2\/types\/page"}],"author":[{"embeddable":true,"href":"https:\/\/hivtestingontario.ca\/fr\/wp-json\/wp\/v2\/users\/6"}],"replies":[{"embeddable":true,"href":"https:\/\/hivtestingontario.ca\/fr\/wp-json\/wp\/v2\/comments?post=1474"}],"version-history":[{"count":2,"href":"https:\/\/hivtestingontario.ca\/fr\/wp-json\/wp\/v2\/pages\/1474\/revisions"}],"predecessor-version":[{"id":2087,"href":"https:\/\/hivtestingontario.ca\/fr\/wp-json\/wp\/v2\/pages\/1474\/revisions\/2087"}],"up":[{"embeddable":true,"href":"https:\/\/hivtestingontario.ca\/fr\/wp-json\/wp\/v2\/pages\/1441"}],"wp:attachment":[{"href":"https:\/\/hivtestingontario.ca\/fr\/wp-json\/wp\/v2\/media?parent=1474"}],"curies":[{"name":"wp","href":"https:\/\/api.w.org\/{rel}","templated":true}]}}