{"id":1471,"date":"2021-08-28T15:56:09","date_gmt":"2021-08-28T15:56:09","guid":{"rendered":"https:\/\/hivtestingontario.ca\/stage\/?page_id=1471"},"modified":"2021-08-30T12:13:05","modified_gmt":"2021-08-30T12:13:05","slug":"competence","status":"publish","type":"page","link":"https:\/\/hivtestingontario.ca\/fr\/cep\/competence\/","title":{"rendered":"\u00c9valuation des aptitudes de d\u00e9pistage dans un site de DPS"},"content":{"rendered":"\n<h1 class=\"wp-block-heading\">\u00c9valuation des aptitudes de d\u00e9pistage dans un site de DPS<\/h1>\n\n\n\n<p>Les sites de d\u00e9pistage rapide sont tenus d\u2019\u00e9valuer r\u00e9guli\u00e8rement les fournitures de d\u00e9pistage qu\u2019ils utilisent. En outre, les sites \u00e9valuent l\u2019efficacit\u00e9 du personnel et surveillent r\u00e9guli\u00e8rement les proc\u00e9dures et les pratiques. La comp\u00e9tence du personnel et la connaissance des proc\u00e9dures appropri\u00e9es sont soutenues par les <a href=\"https:\/\/hivtestingontario.ca\/fr\/formation-rapide-des-conseillers\/\">ressources de formation<\/a> offertes dans ce site.<\/p>\n\n\n\n<p>L\u2019une des principales responsabilit\u00e9s du responsable de l\u2019assurance de la qualit\u00e9 est de surveiller les proc\u00e9dures et les pratiques du site. Les \u00e9valuations de la qualit\u00e9 suivantes sont requises dans chaque site&nbsp;:<\/p>\n\n\n\n<h3 class=\"wp-block-heading\">Tests de comp\u00e9tence<\/h3>\n\n\n\n<p>Les Programmes sur le sida et l\u2019h\u00e9patite C ont mis en place un programme de tests de comp\u00e9tence pour les sites de d\u00e9pistage rapide. Ce programme est administr\u00e9 par l\u2019Institute for Quality Management in Health (IQMH). Votre site recevra r\u00e9guli\u00e8rement de l\u2019IQMH des sp\u00e9cimens \u00e0 l\u2019aveugle \u00e0 tester et \u00e0 retourner pour \u00e9valuation. Chaque membre du personnel qui effectue des d\u00e9pistages pour des clients de votre site devrait participer au programme de tests de comp\u00e9tence.<\/p>\n\n\n\n<p>Une fois les r\u00e9sultats des tests de comp\u00e9tence analys\u00e9s, ils seront mis \u00e0 la disposition du responsable de l\u2019assurance de la qualit\u00e9 de votre site sur un portail Web s\u00e9curis\u00e9, <a href=\"https:\/\/qview.ca\/QVIEW\/\">Qview<\/a>, qui est g\u00e9r\u00e9 par l\u2019IQMH. Si vous ne disposez pas d\u2019un acc\u00e8s \u00e0 ce portail, contactez le personnel des Programmes sur le sida et l\u2019h\u00e9patite C. Le personnel des Programme sur le et l\u2019h\u00e9patite C surveille les r\u00e9sultats de ces tests, afin de s\u2019assurer que les erreurs sont examin\u00e9es et que des mesures correctives sont apport\u00e9es, le cas \u00e9ch\u00e9ant.<\/p>\n\n\n\n<h3 class=\"wp-block-heading\">Tests parall\u00e8les<\/h3>\n\n\n\n<p>Chaque fois qu\u2019un r\u00e9sultat r\u00e9actif se produit, il est conseill\u00e9 au client de confirmer le r\u00e9sultat par un test de laboratoire standard. L\u2019analyse de ces tests suppl\u00e9mentaires aide \u00e0 confirmer la qualit\u00e9 des tests effectu\u00e9s par le site de DPS. La r\u00e9alisation de deux types de d\u00e9pistages sur des \u00e9chantillons provenant d\u2019un m\u00eame client est appel\u00e9e \u00ab&nbsp;tests parall\u00e8les&nbsp;\u00bb. Cela s\u2019applique \u00e9galement lorsqu\u2019un patient qui a re\u00e7u un r\u00e9sultat de DPS non r\u00e9actif en d\u00e9but de p\u00e9riode fen\u00eatre choisit de soumettre un \u00e9chantillon au Laboratoire de sant\u00e9 publique de l\u2019Ontario.<\/p>\n\n\n\n<p>Le responsable de l\u2019assurance de la qualit\u00e9 devrait \u00eatre inform\u00e9 lorsque l\u2019analyse de suivi d\u2019un d\u00e9pistage rapide r\u00e9actif s\u2019av\u00e8re non r\u00e9active ou lorsqu\u2019un \u00e9chantillon n\u00e9gatif soumis \u00e0 un test standard pendant la p\u00e9riode fen\u00eatre g\u00e9n\u00e8re un r\u00e9sultat r\u00e9actif. Les r\u00e9sultats faux n\u00e9gatifs et les faux positifs font partie du rapport mensuel de synth\u00e8se sur le d\u00e9pistage pr\u00e9par\u00e9 par le responsable de l\u2019assurance de la qualit\u00e9. Le rapport mensuel de synth\u00e8se est une occasion cl\u00e9 de r\u00e9fl\u00e9chir \u00e0 la pr\u00e9cision et \u00e0 la comp\u00e9tence des pratiques de d\u00e9pistage dans le site de test. En savoir plus sur ces <a href=\"https:\/\/hivtestingontario.ca\/fr\/cep\/mensuel\/\">\u00e9valuations mensuelles.<\/a>&nbsp;<\/p>\n\n\n\n<p>Avisez les Programmes sur le sida et l\u2019h\u00e9patite C si&nbsp;: &nbsp;&nbsp;&nbsp;<\/p>\n\n\n\n<ul class=\"wp-block-list\"><li>&gt;1&nbsp;% des tests de DPS ont \u00e9t\u00e9 faussement r\u00e9actifs au cours d\u2019un mois de d\u00e9pistage.<\/li><li>&gt;1&nbsp;% des tests de DPS ont \u00e9t\u00e9 non&nbsp;valides au cours d\u2019un mois de test.<\/li><\/ul>\n","protected":false},"excerpt":{"rendered":"<p>\u00c9valuation des aptitudes de d\u00e9pistage dans un site de DPS Les sites de d\u00e9pistage rapide sont tenus d\u2019\u00e9valuer r\u00e9guli\u00e8rement les fournitures de d\u00e9pistage qu\u2019ils utilisent. En outre, les sites \u00e9valuent l\u2019efficacit\u00e9 du personnel et surveillent r\u00e9guli\u00e8rement les proc\u00e9dures et les pratiques. La comp\u00e9tence du personnel et la connaissance des proc\u00e9dures appropri\u00e9es sont soutenues par les [&hellip;]<\/p>\n","protected":false},"author":6,"featured_media":0,"parent":1441,"menu_order":0,"comment_status":"closed","ping_status":"closed","template":"","meta":{"footnotes":"","_links_to":"","_links_to_target":""},"class_list":["post-1471","page","type-page","status-publish","hentry"],"_links":{"self":[{"href":"https:\/\/hivtestingontario.ca\/fr\/wp-json\/wp\/v2\/pages\/1471","targetHints":{"allow":["GET"]}}],"collection":[{"href":"https:\/\/hivtestingontario.ca\/fr\/wp-json\/wp\/v2\/pages"}],"about":[{"href":"https:\/\/hivtestingontario.ca\/fr\/wp-json\/wp\/v2\/types\/page"}],"author":[{"embeddable":true,"href":"https:\/\/hivtestingontario.ca\/fr\/wp-json\/wp\/v2\/users\/6"}],"replies":[{"embeddable":true,"href":"https:\/\/hivtestingontario.ca\/fr\/wp-json\/wp\/v2\/comments?post=1471"}],"version-history":[{"count":1,"href":"https:\/\/hivtestingontario.ca\/fr\/wp-json\/wp\/v2\/pages\/1471\/revisions"}],"predecessor-version":[{"id":1888,"href":"https:\/\/hivtestingontario.ca\/fr\/wp-json\/wp\/v2\/pages\/1471\/revisions\/1888"}],"up":[{"embeddable":true,"href":"https:\/\/hivtestingontario.ca\/fr\/wp-json\/wp\/v2\/pages\/1441"}],"wp:attachment":[{"href":"https:\/\/hivtestingontario.ca\/fr\/wp-json\/wp\/v2\/media?parent=1471"}],"curies":[{"name":"wp","href":"https:\/\/api.w.org\/{rel}","templated":true}]}}