{"id":1468,"date":"2021-08-28T15:47:49","date_gmt":"2021-08-28T15:47:49","guid":{"rendered":"https:\/\/hivtestingontario.ca\/stage\/?page_id=1468"},"modified":"2022-06-01T20:57:22","modified_gmt":"2022-06-01T20:57:22","slug":"controles","status":"publish","type":"page","link":"https:\/\/hivtestingontario.ca\/fr\/cep\/controles\/","title":{"rendered":"\u00c9valuation des trousses de DPS du VIH avec contr\u00f4les de qualit\u00e9 positifs\/n\u00e9gatifs"},"content":{"rendered":"\n<h1 class=\"wp-block-heading\">\u00c9valuation des trousses de DPS du VIH avec contr\u00f4les de qualit\u00e9 positifs\/n\u00e9gatifs<\/h1>\n\n\n\n<p>Chaque site de DPS doit toujours disposer de deux flacons de mat\u00e9riel de contr\u00f4le de la qualit\u00e9&nbsp;: un positif et un n\u00e9gatif. Ces contr\u00f4les sont command\u00e9s via le <a href=\"https:\/\/www.hivpoct.ca\/Help\/AIDSBureauUG.pdf\">portail de gestion d\u2019inventaire du programme de DPS du VIH.<\/a> Les contr\u00f4les servent \u00e0 s\u2019assurer que les trousses de test utilis\u00e9es dans votre site fonctionnent correctement.<\/p>\n\n\n\n<p>Il est \u00e0 noter que le contr\u00f4le positif n\u2019est que faiblement r\u00e9actif. Cela a \u00e9t\u00e9 fait de fa\u00e7on \u00e0 ce qu\u2019un test r\u00e9actif d\u00e9montre que les trousses utilis\u00e9es dans votre site fonctionnent de mani\u00e8re optimale.<\/p>\n\n\n\n<p>Les contr\u00f4les peuvent \u00eatre conserv\u00e9s au cong\u00e9lateur ou au r\u00e9frig\u00e9rateur pendant une dur\u00e9e maximale d\u2019un an. Les contr\u00f4les sont exp\u00e9di\u00e9s congel\u00e9s, mais s\u2019ils arrivent d\u00e9congel\u00e9s, ils peuvent \u00eatre recongel\u00e9s imm\u00e9diatement ou r\u00e9frig\u00e9r\u00e9s. Quel que soit le mode de conservation, ils doivent \u00eatre utilis\u00e9s avant la date de p\u00e9remption indiqu\u00e9e sur l\u2019emballage.<\/p>\n\n\n\n<p>Les contr\u00f4les de la qualit\u00e9 devraient \u00eatre effectu\u00e9s r\u00e9guli\u00e8rement, comme suit&nbsp;:<\/p>\n\n\n\n<ul class=\"wp-block-list\"><li>Lors de la r\u00e9ception des trousses, avant leur utilisation (ceci est parfois appel\u00e9 \u00ab&nbsp;validation des trousses&nbsp;\u00bb)<\/li><li>Si une temp\u00e9rature est enregistr\u00e9e en dehors de la fourchette de 2 \u00e0 30&nbsp;\u00b0C<\/li><li>Mensuellement sur les trousses existantes ou apr\u00e8s 125&nbsp;tests effectu\u00e9s (mais pas plus d\u2019une fois par semaine, dans les sites \u00e0 volume \u00e9lev\u00e9).<\/li><\/ul>\n\n\n\n<p>Les sites devraient \u00e9tablir des proc\u00e9dures pour des tests r\u00e9guliers de contr\u00f4le de la qualit\u00e9. Id\u00e9alement, plusieurs employ\u00e9s participent au processus de contr\u00f4le de la qualit\u00e9, de sorte que cette connaissance ne se limite pas au responsable de l\u2019assurance de la qualit\u00e9. Le module de formation du personnel intitul\u00e9 <a href=\"https:\/\/hivtestingontario.ca\/fr\/cep\/modules-de-formation-pour-conseillers-en-depistage-au-point-de-service\/\">Assurance de la qualit\u00e9 et gestion des stocks<\/a> d\u00e9crit comment effectuer les tests de contr\u00f4le de la qualit\u00e9 et assurer le suivi des r\u00e9sultats inattendus. Des pipettes \u00e0 ampoule sont fournies par les Programmes sur le VIH et l\u2019h\u00e9patite C pour ces tests.<\/p>\n\n\n\n<p>Un <a href=\"https:\/\/hivtestingontario.ca\/fr\/cep\/modeles-dassurance-de-la-qualite\/\">mod\u00e8le<\/a> est disponible pour consigner les r\u00e9sultats des tests de contr\u00f4le de la qualit\u00e9.<\/p>\n\n\n\n<p>Note&nbsp;: Si un site a plusieurs sous-sites, le site principal est charg\u00e9 de commander un nombre ad\u00e9quat de contr\u00f4les de la qualit\u00e9 et de les distribuer aux sous-sites. Chaque sous-site doit effectuer des tests de contr\u00f4le de la qualit\u00e9 sur ses stocks de trousses, comme indiqu\u00e9 ci-dessus.<\/p>\n","protected":false},"excerpt":{"rendered":"<p>\u00c9valuation des trousses de DPS du VIH avec contr\u00f4les de qualit\u00e9 positifs\/n\u00e9gatifs Chaque site de DPS doit toujours disposer de deux flacons de mat\u00e9riel de contr\u00f4le de la qualit\u00e9&nbsp;: un positif et un n\u00e9gatif. Ces contr\u00f4les sont command\u00e9s via le portail de gestion d\u2019inventaire du programme de DPS du VIH. Les contr\u00f4les servent \u00e0 s\u2019assurer [&hellip;]<\/p>\n","protected":false},"author":6,"featured_media":0,"parent":1441,"menu_order":0,"comment_status":"closed","ping_status":"closed","template":"","meta":{"footnotes":"","_links_to":"","_links_to_target":""},"class_list":["post-1468","page","type-page","status-publish","hentry"],"_links":{"self":[{"href":"https:\/\/hivtestingontario.ca\/fr\/wp-json\/wp\/v2\/pages\/1468","targetHints":{"allow":["GET"]}}],"collection":[{"href":"https:\/\/hivtestingontario.ca\/fr\/wp-json\/wp\/v2\/pages"}],"about":[{"href":"https:\/\/hivtestingontario.ca\/fr\/wp-json\/wp\/v2\/types\/page"}],"author":[{"embeddable":true,"href":"https:\/\/hivtestingontario.ca\/fr\/wp-json\/wp\/v2\/users\/6"}],"replies":[{"embeddable":true,"href":"https:\/\/hivtestingontario.ca\/fr\/wp-json\/wp\/v2\/comments?post=1468"}],"version-history":[{"count":2,"href":"https:\/\/hivtestingontario.ca\/fr\/wp-json\/wp\/v2\/pages\/1468\/revisions"}],"predecessor-version":[{"id":2082,"href":"https:\/\/hivtestingontario.ca\/fr\/wp-json\/wp\/v2\/pages\/1468\/revisions\/2082"}],"up":[{"embeddable":true,"href":"https:\/\/hivtestingontario.ca\/fr\/wp-json\/wp\/v2\/pages\/1441"}],"wp:attachment":[{"href":"https:\/\/hivtestingontario.ca\/fr\/wp-json\/wp\/v2\/media?parent=1468"}],"curies":[{"name":"wp","href":"https:\/\/api.w.org\/{rel}","templated":true}]}}