{"id":1465,"date":"2021-08-28T15:32:29","date_gmt":"2021-08-28T15:32:29","guid":{"rendered":"https:\/\/hivtestingontario.ca\/stage\/?page_id=1465"},"modified":"2022-06-01T20:46:14","modified_gmt":"2022-06-01T20:46:14","slug":"entreposage-et-utilisation","status":"publish","type":"page","link":"https:\/\/hivtestingontario.ca\/fr\/cep\/entreposage-et-utilisation\/","title":{"rendered":"Entreposage et utilisation des trousses de DPS"},"content":{"rendered":"\n<h1 class=\"wp-block-heading\">Entreposage et utilisation des trousses de DPS<\/h1>\n\n\n\n<p>Les trousses de d\u00e9pistage peuvent \u00eatre conserv\u00e9es \u00e0 temp\u00e9rature ambiante, \u00e0 condition que la temp\u00e9rature ne d\u00e9passe jamais 30&nbsp;\u00b0C. La temp\u00e9rature doit \u00eatre prise quotidiennement et se situer entre 2 et 30&nbsp;\u00b0C. La disponibilit\u00e9 de FDSest une exigence du SIMDUT(Syst\u00e8me d\u2019information sur les mati\u00e8res dangereuses utilis\u00e9es au travail). Fiches de donn\u00e9es de s\u00e9curit\u00e9(FDS) pour les <a href=\"https:\/\/hivtestingontario.ca\/wp-content\/uploads\/2021\/08\/SDS-002-INSTI-HIV-1-HIV-2-Antibody-Test-Kit_FR_Rev3.pdf\" target=\"_blank\" rel=\"noreferrer noopener\">trousses <\/a>et <a href=\"https:\/\/hivtestingontario.ca\/wp-content\/uploads\/2021\/08\/SDS-006-INSTI-HIV-1-HIV-2-and-Syphilis-Test-Controls_FR_Rev3.pdf\" target=\"_blank\" rel=\"noreferrer noopener\">contr\u00f4les<\/a>.<\/p>\n\n\n\n<p>L\u2019indicateur de temp\u00e9rature utilis\u00e9 sur le site devrait enregistrer chaque jour la temp\u00e9rature la plus haute et la plus basse ainsi que la temp\u00e9rature actuelle. Cette temp\u00e9rature doit \u00eatre suivie quotidiennement. Un mod\u00e8le de registre de suivi des temp\u00e9ratures (<a href=\"https:\/\/hivtestingontario.ca\/wp-content\/uploads\/2020\/03\/Surveillance_environnementale.xlsx\">Excel<\/a>,&nbsp;<a href=\"https:\/\/hivtestingontario.ca\/wp-content\/uploads\/2020\/03\/Environmental-Log.doc\">Word<\/a>&nbsp;et&nbsp;<a href=\"https:\/\/hivtestingontario.ca\/wp-content\/uploads\/2020\/03\/Environmental-Log.pdf\">PDF<\/a> \u2013 8.5 X 11) est fourni \u00e0 cet effet.<\/p>\n\n\n\n<p>Si une temp\u00e9rature sup\u00e9rieure \u00e0 2-30&nbsp;\u00b0C est enregistr\u00e9e, des tests de contr\u00f4le de la qualit\u00e9 de tous les lots de trousses stock\u00e9es doivent \u00eatre effectu\u00e9s avant la reprise du d\u00e9pistage de clients.<\/p>\n\n\n\n<h3 class=\"wp-block-heading\">Entreposage des trousses pour le d\u00e9pistage de proximit\u00e9<\/h3>\n\n\n\n<p>Si des trousses de d\u00e9pistage sont d\u00e9plac\u00e9es ou utilis\u00e9es dans un autre lieu, une attention doit \u00eatre port\u00e9e \u00e0 la temp\u00e9rature de l\u2019entreposage. Les trousses ne doivent jamais \u00eatre expos\u00e9es au soleil ou laiss\u00e9es dans un v\u00e9hicule (p.&nbsp;ex., dans la valise d\u2019une voiture). Puisque l\u2019entreposage des trousses est possible jusqu\u2019\u00e0 une temp\u00e9rature de 2&nbsp;\u00b0C, on peut les r\u00e9frig\u00e9rer pour les prot\u00e9ger de la chaleur extr\u00eame.<\/p>\n\n\n\n<h3 class=\"wp-block-heading\">Utilisation continue de trousses de DPS<\/h3>\n\n\n\n<p>Les instructions sur la mani\u00e8re de <a href=\"https:\/\/hivtestingontario.ca\/fr\/cep\/modules-de-formation-pour-conseillers-en-depistage-au-point-de-service\/\">r\u00e9aliser un test rapide au point de service<\/a> font l\u2019objet d\u2019un module de formation. V\u00e9rifiez chaque trousse avant de l\u2019utiliser, pour vous assurer qu\u2019elle n\u2019a pas \u00e9t\u00e9 endommag\u00e9e; portez toute trousse endommag\u00e9e \u00e0 l\u2019attention du responsable de l\u2019assurance de la qualit\u00e9. Les trousses endommag\u00e9es doivent \u00eatre signal\u00e9es par le biais du portail de gestion d\u2019inventaire.<\/p>\n\n\n\n<p>Le num\u00e9ro de lot et la date d\u2019expiration de chaque trousse doivent \u00eatre consign\u00e9s dans le registre quotidien au moment de l\u2019utilisation. Cela permettra \u00e0 votre site de contr\u00f4ler l\u2019inventaire des trousses et de produire les donn\u00e9es sur l\u2019utilisation de trousses qui sont n\u00e9cessaires \u00e0 la commande de trousses suppl\u00e9mentaires. Ne passez pas d\u2019un lot de trousses \u00e0 un autre. Les premi\u00e8res trousses re\u00e7ues devraient \u00eatre les premi\u00e8res utilis\u00e9es.<\/p>\n\n\n\n<p>Les trousses doivent \u00eatre \u00e9valu\u00e9es r\u00e9guli\u00e8rement \u00e0 l\u2019aide de contr\u00f4les positifs et n\u00e9gatifs. Voir les instructions dans le module de formation\u00a0: <a href=\"https:\/\/hivtestingontario.ca\/fr\/cep\/gestion-des-stocks\/\">Assurance de la qualit\u00e9 et gestion des stocks<\/a>.<\/p>\n\n\n\n<p><strong>\u00c9limination des trousses p\u00e9rim\u00e9es&nbsp;<\/strong>: Tous les efforts devraient \u00eatre faits pour utiliser les trousses dans l\u2019ordre re\u00e7u et pour ne pas laisser des trousses expirer. Toutefois, si une trousse arrive \u00e0 expiration, elle est st\u00e9rile et ne n\u00e9cessite pas de traitement sp\u00e9cial en tant que risque biologique. Elle peut \u00eatre plac\u00e9e \u00e0 la poubelle ordinaire. Veuillez ne pas utiliser de sacs en plastique transparents.<\/p>\n","protected":false},"excerpt":{"rendered":"<p>Entreposage et utilisation des trousses de DPS Les trousses de d\u00e9pistage peuvent \u00eatre conserv\u00e9es \u00e0 temp\u00e9rature ambiante, \u00e0 condition que la temp\u00e9rature ne d\u00e9passe jamais 30&nbsp;\u00b0C. La temp\u00e9rature doit \u00eatre prise quotidiennement et se situer entre 2 et 30&nbsp;\u00b0C. La disponibilit\u00e9 de FDSest une exigence du SIMDUT(Syst\u00e8me d\u2019information sur les mati\u00e8res dangereuses utilis\u00e9es au travail). [&hellip;]<\/p>\n","protected":false},"author":6,"featured_media":0,"parent":1441,"menu_order":0,"comment_status":"closed","ping_status":"closed","template":"","meta":{"footnotes":"","_links_to":"","_links_to_target":""},"class_list":["post-1465","page","type-page","status-publish","hentry"],"_links":{"self":[{"href":"https:\/\/hivtestingontario.ca\/fr\/wp-json\/wp\/v2\/pages\/1465","targetHints":{"allow":["GET"]}}],"collection":[{"href":"https:\/\/hivtestingontario.ca\/fr\/wp-json\/wp\/v2\/pages"}],"about":[{"href":"https:\/\/hivtestingontario.ca\/fr\/wp-json\/wp\/v2\/types\/page"}],"author":[{"embeddable":true,"href":"https:\/\/hivtestingontario.ca\/fr\/wp-json\/wp\/v2\/users\/6"}],"replies":[{"embeddable":true,"href":"https:\/\/hivtestingontario.ca\/fr\/wp-json\/wp\/v2\/comments?post=1465"}],"version-history":[{"count":5,"href":"https:\/\/hivtestingontario.ca\/fr\/wp-json\/wp\/v2\/pages\/1465\/revisions"}],"predecessor-version":[{"id":2080,"href":"https:\/\/hivtestingontario.ca\/fr\/wp-json\/wp\/v2\/pages\/1465\/revisions\/2080"}],"up":[{"embeddable":true,"href":"https:\/\/hivtestingontario.ca\/fr\/wp-json\/wp\/v2\/pages\/1441"}],"wp:attachment":[{"href":"https:\/\/hivtestingontario.ca\/fr\/wp-json\/wp\/v2\/media?parent=1465"}],"curies":[{"name":"wp","href":"https:\/\/api.w.org\/{rel}","templated":true}]}}