{"id":1462,"date":"2021-08-28T15:30:42","date_gmt":"2021-08-28T15:30:42","guid":{"rendered":"https:\/\/hivtestingontario.ca\/stage\/?page_id=1462"},"modified":"2021-08-30T12:17:57","modified_gmt":"2021-08-30T12:17:57","slug":"commande-et-reception","status":"publish","type":"page","link":"https:\/\/hivtestingontario.ca\/fr\/cep\/commande-et-reception\/","title":{"rendered":"Commande et r\u00e9ception des fournitures de d\u00e9pistage au point de service"},"content":{"rendered":"\n<h1 class=\"wp-block-heading\">Commande et r\u00e9ception des fournitures de d\u00e9pistage au point de service<\/h1>\n\n\n\n<p>Ce <a href=\"https:\/\/hivtestingontario.ca\/wp-content\/uploads\/2020\/07\/Guide_de_R\u00e9f\u00e9rence_Rapide.pdf\">tableau de r\u00e9f\u00e9rence rapide<\/a> indique o\u00f9 commander toutes les fournitures de test de d\u00e9pistage dont un site a besoin.<\/p>\n\n\n\n<h3 class=\"wp-block-heading\">R\u00e9ception de nouvelles trousses de d\u00e9pistage<\/h3>\n\n\n\n<p>Lors de la livraison d\u2019un nouvel arrivage de trousses de d\u00e9pistage&nbsp;:<\/p>\n\n\n\n<ul class=\"wp-block-list\"><li>Entreposer dans la zone \u00e0 environnement contr\u00f4l\u00e9 d\u00e9sign\u00e9e \u00e0 cette fin<\/li><li>Entreposer \u00e0 l\u2019\u00e9cart des trousses existantes, jusqu\u2019\u00e0 ce que les nouvelles trousses puissent \u00eatre test\u00e9es avec des contr\u00f4les de qualit\u00e9 positifs\/n\u00e9gatifs; tous les lots de trousses existants doivent \u00eatre utilis\u00e9s avant de commencer les nouvelles trousses.<\/li><li>V\u00e9rifier que les nouvelles trousses n\u2019ont pas \u00e9t\u00e9 congel\u00e9es ou endommag\u00e9es; les trousses congel\u00e9es peuvent \u00eatre utilis\u00e9es si les tests de contr\u00f4le de la qualit\u00e9 donnent des r\u00e9sultats corrects.<\/li><li>Aviser le responsable de l\u2019assurance de la qualit\u00e9, afin que le processus de tests de contr\u00f4le de la qualit\u00e9 puisse commencer.<\/li><li>Confirmer la livraison et consigner les num\u00e9ros de lot et la quantit\u00e9 de trousses dans le <a href=\"https:\/\/www.hivpoct.ca\">portail<\/a> de gestion d\u2019inventaire du programme de DPS du VIH.<\/li><\/ul>\n\n\n\n<p>Les trousses endommag\u00e9es doivent \u00eatre signal\u00e9es par le biais du <a href=\"https:\/\/www.hivpoct.ca\">portail <\/a>de gestion d\u2019inventaire. Une commande comportant plus de 5&nbsp;% de trousses endommag\u00e9es ou des contr\u00f4les de qualit\u00e9 (positifs\/n\u00e9gatifs) endommag\u00e9s devrait \u00eatre imm\u00e9diatement signal\u00e9e aux Programmes sur le sida et de l\u2019h\u00e9patite C.<\/p>\n","protected":false},"excerpt":{"rendered":"<p>Commande et r\u00e9ception des fournitures de d\u00e9pistage au point de service Ce tableau de r\u00e9f\u00e9rence rapide indique o\u00f9 commander toutes les fournitures de test de d\u00e9pistage dont un site a besoin. R\u00e9ception de nouvelles trousses de d\u00e9pistage Lors de la livraison d\u2019un nouvel arrivage de trousses de d\u00e9pistage&nbsp;: Entreposer dans la zone \u00e0 environnement contr\u00f4l\u00e9 [&hellip;]<\/p>\n","protected":false},"author":6,"featured_media":0,"parent":1441,"menu_order":0,"comment_status":"closed","ping_status":"closed","template":"","meta":{"footnotes":"","_links_to":"","_links_to_target":""},"class_list":["post-1462","page","type-page","status-publish","hentry"],"_links":{"self":[{"href":"https:\/\/hivtestingontario.ca\/fr\/wp-json\/wp\/v2\/pages\/1462","targetHints":{"allow":["GET"]}}],"collection":[{"href":"https:\/\/hivtestingontario.ca\/fr\/wp-json\/wp\/v2\/pages"}],"about":[{"href":"https:\/\/hivtestingontario.ca\/fr\/wp-json\/wp\/v2\/types\/page"}],"author":[{"embeddable":true,"href":"https:\/\/hivtestingontario.ca\/fr\/wp-json\/wp\/v2\/users\/6"}],"replies":[{"embeddable":true,"href":"https:\/\/hivtestingontario.ca\/fr\/wp-json\/wp\/v2\/comments?post=1462"}],"version-history":[{"count":1,"href":"https:\/\/hivtestingontario.ca\/fr\/wp-json\/wp\/v2\/pages\/1462\/revisions"}],"predecessor-version":[{"id":1892,"href":"https:\/\/hivtestingontario.ca\/fr\/wp-json\/wp\/v2\/pages\/1462\/revisions\/1892"}],"up":[{"embeddable":true,"href":"https:\/\/hivtestingontario.ca\/fr\/wp-json\/wp\/v2\/pages\/1441"}],"wp:attachment":[{"href":"https:\/\/hivtestingontario.ca\/fr\/wp-json\/wp\/v2\/media?parent=1462"}],"curies":[{"name":"wp","href":"https:\/\/api.w.org\/{rel}","templated":true}]}}