{"id":1457,"date":"2021-08-28T13:24:48","date_gmt":"2021-08-28T13:24:48","guid":{"rendered":"https:\/\/hivtestingontario.ca\/stage\/?page_id=1457"},"modified":"2021-08-30T00:00:27","modified_gmt":"2021-08-30T00:00:27","slug":"responsabilites-en-matiere-de-formation","status":"publish","type":"page","link":"https:\/\/hivtestingontario.ca\/fr\/cep\/responsabilites-en-matiere-de-formation\/","title":{"rendered":"Responsabilit\u00e9s en mati\u00e8re de formation"},"content":{"rendered":"\n<h1 class=\"wp-block-heading\">Responsabilit\u00e9s en mati\u00e8re de formation<\/h1>\n\n\n\n<p>Il incombe \u00e0 chaque site approuv\u00e9 pour le d\u00e9pistage rapide au point de service (DPS) de s\u2019assurer que le personnel effectuant les test de DPS est ad\u00e9quatement form\u00e9 afin de&nbsp;:<\/p>\n\n\n\n<ul class=\"wp-block-list\"><li>Travailler avec les clients dans un esprit de soutien et de respect, en appliquant les principes ARCCH et en les aidant \u00e0 acc\u00e9der aux ressources n\u00e9cessaires pour g\u00e9rer leur sant\u00e9 sexuelle et r\u00e9duire le risque de transmission du VIH (p.&nbsp;ex., la PrEP).<\/li><li>Aider les clients \u00e0 \u00e9valuer leur risque et \u00e0 d\u00e9cider s\u2019ils souhaitent ou non proc\u00e9der au d\u00e9pistage du VIH (\u00c0 noter que le consentement est requis \u00e0 la fois pour le DPS et le d\u00e9pistage standard).<\/li><li>Effectuer le test de DPS avec pr\u00e9cision, le d\u00e9clarer correctement et signaler\/documenter rapidement les erreurs ou dysfonctionnements de d\u00e9pistage.<\/li><li>Remplir correctement et compl\u00e8tement les formulaires de demande du Laboratoire de sant\u00e9 publique de l\u2019Ontario.<\/li><li>Fournir un soutien aux clients en cas de r\u00e9sultat positif et faciliter un arrimage rapide aux soins.<\/li><li>Participer aux proc\u00e9dures de contr\u00f4le de la qualit\u00e9 dans le site de d\u00e9pistage.<\/li><\/ul>\n\n\n\n<p><a href=\"https:\/\/hivtestingontario.ca\/fr\/formation-rapide-des-conseillers\/\">Des modules de formation<\/a> sont disponibles sur ce site pour soutenir l\u2019apprentissage du personnel.<\/p>\n\n\n\n<p>Des guides de l\u2019animateur sont fournis avec chaque module pour aider le superviseur de la formation (qui est souvent le responsable de l\u2019assurance de la qualit\u00e9 ou le gestionnaire) \u00e0 former de nouveaux intervenants en d\u00e9pistage. En plus de cette formation en ligne, les sites devraient faire en sorte que les nouveaux employ\u00e9s suivent des employ\u00e9s exp\u00e9riment\u00e9s lors du d\u00e9pistage de clients et simulent des <a href=\"http:\/\/www.ohtn.on.ca\/wp-content\/uploads\/2019\/10\/3_Sc%C3%A9narios-de-jeux-de-r%C3%B4le.pdf\">sc\u00e9narios possibles<\/a> pour les rendez-vous de d\u00e9pistage. Les stagiaires devraient s\u2019exercer \u00e0 plusieurs reprises \u00e0 effectuer des pr\u00e9l\u00e8vements de sang au bout du doigt avec des coll\u00e8gues ou d\u2019autres stagiaires, car les gens sont souvent h\u00e9sitants s\u2019ils n\u2019ont pas cette comp\u00e9tence. Chaque stagiaire devrait \u00e9galement effectuer des exercices pratiques de d\u00e9pistage sur des \u00e9chantillons connus.<\/p>\n\n\n\n<p>Une fois qu\u2019un nouveau stagiaire a termin\u00e9 sa formation \u00e0 la satisfaction du responsable de la formation, il doit tester un panel de sp\u00e9cimens de certification pour compl\u00e9ter sa formation. En savoir plus sur les <a href=\"https:\/\/hivtestingontario.ca\/fr\/cep\/certification\/\">panels de certification<\/a>.<\/p>\n\n\n\n<p>Les ressources de formation ne s\u2019adressent pas uniquement aux nouveaux intervenants en d\u00e9pistage. Le personnel de formation existant est encourag\u00e9 \u00e0 suivre cette formation de nouveau apr\u00e8s toute absence prolong\u00e9e (p. ex., un cong\u00e9 parental). Dans les sites de d\u00e9pistage \u00e0 faible volume, le personnel existant est invit\u00e9 \u00e0 r\u00e9viser le mat\u00e9riel de formation une fois par ann\u00e9e \u00e0 des fins de mise \u00e0 jour. Les sites sont \u00e9galement encourag\u00e9s \u00e0 soutenir la formation continue en aidant les employ\u00e9s \u00e0 mieux conna\u00eetre les besoins des clients et \u00e0 acqu\u00e9rir d\u2019autres comp\u00e9tences pratiques telles que la phl\u00e9botomie (prise de sang).<\/p>\n","protected":false},"excerpt":{"rendered":"<p>Responsabilit\u00e9s en mati\u00e8re de formation Il incombe \u00e0 chaque site approuv\u00e9 pour le d\u00e9pistage rapide au point de service (DPS) de s\u2019assurer que le personnel effectuant les test de DPS est ad\u00e9quatement form\u00e9 afin de&nbsp;: Travailler avec les clients dans un esprit de soutien et de respect, en appliquant les principes ARCCH et en les [&hellip;]<\/p>\n","protected":false},"author":6,"featured_media":0,"parent":1441,"menu_order":0,"comment_status":"closed","ping_status":"closed","template":"","meta":{"footnotes":"","_links_to":"","_links_to_target":""},"class_list":["post-1457","page","type-page","status-publish","hentry"],"_links":{"self":[{"href":"https:\/\/hivtestingontario.ca\/fr\/wp-json\/wp\/v2\/pages\/1457","targetHints":{"allow":["GET"]}}],"collection":[{"href":"https:\/\/hivtestingontario.ca\/fr\/wp-json\/wp\/v2\/pages"}],"about":[{"href":"https:\/\/hivtestingontario.ca\/fr\/wp-json\/wp\/v2\/types\/page"}],"author":[{"embeddable":true,"href":"https:\/\/hivtestingontario.ca\/fr\/wp-json\/wp\/v2\/users\/6"}],"replies":[{"embeddable":true,"href":"https:\/\/hivtestingontario.ca\/fr\/wp-json\/wp\/v2\/comments?post=1457"}],"version-history":[{"count":1,"href":"https:\/\/hivtestingontario.ca\/fr\/wp-json\/wp\/v2\/pages\/1457\/revisions"}],"predecessor-version":[{"id":1789,"href":"https:\/\/hivtestingontario.ca\/fr\/wp-json\/wp\/v2\/pages\/1457\/revisions\/1789"}],"up":[{"embeddable":true,"href":"https:\/\/hivtestingontario.ca\/fr\/wp-json\/wp\/v2\/pages\/1441"}],"wp:attachment":[{"href":"https:\/\/hivtestingontario.ca\/fr\/wp-json\/wp\/v2\/media?parent=1457"}],"curies":[{"name":"wp","href":"https:\/\/api.w.org\/{rel}","templated":true}]}}