{"id":1453,"date":"2021-08-28T12:11:19","date_gmt":"2021-08-28T12:11:19","guid":{"rendered":"https:\/\/hivtestingontario.ca\/stage\/?page_id=1453"},"modified":"2022-06-03T15:35:49","modified_gmt":"2022-06-03T15:35:49","slug":"gestion-dun-site","status":"publish","type":"page","link":"https:\/\/hivtestingontario.ca\/fr\/cep\/gestion-dun-site\/","title":{"rendered":"Gestion d\u2019un site de d\u00e9pistage"},"content":{"rendered":"\n<h1 class=\"wp-block-heading\">Gestion d\u2019un site de d\u00e9pistage<\/h1>\n\n\n\n<p>G\u00e9rer un site de d\u00e9pistage du VIH au point de service consiste \u00e0 assurer que le d\u00e9pistage du VIH que les personnes re\u00e7oivent dans votre site est <a href=\"https:\/\/hivtestingontario.ca\/fr\/en-ontario-le-depistage-du-vih-est-arcch\/\">ARCCH<\/a>. Il s\u2019agit \u00e9galement de faire en sorte que votre site offre une pr\u00e9cision optimale des tests. Pour superviser et garantir le respect des normes de qualit\u00e9, chaque site d\u00e9signe un responsable de l\u2019assurance de la qualit\u00e9. La personne qui se voit confier ces responsabilit\u00e9s peut \u00eatre le directeur, le superviseur ou un autre membre du personnel du site de d\u00e9pistage.<\/p>\n\n\n\n<p>Le responsable de l\u2019assurance de la qualit\u00e9 supervise les processus de d\u00e9pistage dans le site. Il doit&nbsp;:<\/p>\n\n\n\n<ul class=\"wp-block-list\"><li>Former le personnel et mettre \u00e0 jour les comp\u00e9tences du personnel, si n\u00e9cessaire. <a href=\"https:\/\/hivtestingontario.ca\/fr\/cep\/modules-de-formation-pour-conseillers-en-depistage-au-point-de-service\/\" data-type=\"URL\" data-id=\"https:\/\/hivtestingontario.ca\/fr\/cep\/modules-de-formation-pour-conseillers-en-depistage-au-point-de-service\/\">Des ressources de soutien \u00e0 la formation du personnel <\/a>sont disponibles ici.<\/li><li>Examiner les <a href=\"https:\/\/hivtestingontario.ca\/fr\/cep\/responsabilites-en-matiere-de-formation\/\" data-type=\"URL\" data-id=\"https:\/\/hivtestingontario.ca\/fr\/cep\/responsabilites-en-matiere-de-formation\/\">responsabilit\u00e9s<\/a> de chaque site en mati\u00e8re de formation et de <a href=\"https:\/\/hivtestingontario.ca\/fr\/cep\/certification\/\" data-type=\"URL\" data-id=\"https:\/\/hivtestingontario.ca\/fr\/cep\/certification\/\">certification du nouveau personnel<\/a>.<\/li><li>G\u00e9rer l\u2019inventaire. Surveiller attentivement la <a href=\"https:\/\/hivtestingontario.ca\/fr\/cep\/commande-et-reception\/\" data-type=\"URL\" data-id=\"https:\/\/hivtestingontario.ca\/fr\/cep\/commande-et-reception\/\">commande et la r\u00e9ception<\/a> des trousses de DPS du VIH, ainsi que leur <a href=\"https:\/\/hivtestingontario.ca\/fr\/cep\/entreposage-et-utilisation\/\" data-type=\"URL\" data-id=\"https:\/\/hivtestingontario.ca\/fr\/cep\/entreposage-et-utilisation\/\">stockage et leur utilisation<\/a>. Cela implique d\u2019utiliser le <a href=\"https:\/\/hivtestingontario.ca\/fr\/cep\/portail-de-gestion-de-linventaire-du-programme-de-depistage-rapide-du-vih\/\" data-type=\"URL\" data-id=\"https:\/\/hivtestingontario.ca\/fr\/cep\/portail-de-gestion-de-linventaire-du-programme-de-depistage-rapide-du-vih\/\">portail s\u00e9curis\u00e9 de gestion d\u2019inventaire du programme de DPS du VIH<\/a>.<\/li><li>Superviser les tests d\u2019assurance de la qualit\u00e9 des fournitures, y compris <a href=\"https:\/\/hivtestingontario.ca\/fr\/cep\/controles\/\" data-type=\"URL\">l\u2019\u00e9valuation r\u00e9guli\u00e8re des trousses de DPS<\/a> (tests d\u2019assurance de la qualit\u00e9) pour s\u2019assurer qu\u2019ils fonctionnent correctement.<\/li><li>Superviser l\u2019\u00e9valuation du personnel, y compris les <a href=\"https:\/\/hivtestingontario.ca\/fr\/cep\/competence-2\/\" data-type=\"URL\">tests de comp\u00e9tence semestriels<\/a> pour l\u2019ensemble du personnel afin de s\u2019assurer que le personnel conserve ses comp\u00e9tences en d\u00e9pistage et que les proc\u00e9dures et les r\u00e9sultats de test sont ad\u00e9quats.<\/li><li>Documenter tout <a href=\"https:\/\/hivtestingontario.ca\/fr\/cep\/incident\/\" data-type=\"URL\">r\u00e9sultat de test inattendu<\/a> dans votre site, et y r\u00e9pondre de mani\u00e8re appropri\u00e9e.<\/li><li>Veiller \u00e0 la tenue de registres appropri\u00e9s des activit\u00e9s de d\u00e9pistage et d\u2019assurance de la qualit\u00e9 dans le site. <a href=\"https:\/\/hivtestingontario.ca\/fr\/cep\/modeles-dassurance-de-la-qualite\/\" data-type=\"URL\" data-id=\"https:\/\/hivtestingontario.ca\/fr\/cep\/modeles-dassurance-de-la-qualite\/\">Des mod\u00e8les<\/a> sont disponibles pour tous les dossiers n\u00e9cessaires \u00e0 l\u2019assurance de la qualit\u00e9.<\/li><\/ul>\n\n\n\n<p>Cliquez sur les liens ci-dessus pour en savoir plus sur les exigences applicables dans chaque domaine. Un bref <a href=\"https:\/\/hivtestingontario.ca\/wp-content\/uploads\/2020\/07\/Guide_d\u2019utilisation_pour_les_sites_PS_du_VIH-.pdf\">guide de fonctionnementpour les sites de DPS du VIH<\/a> est t\u00e9l\u00e9chargeable.<\/p>\n\n\n\n<h3 class=\"wp-block-heading\">Responsabilit\u00e9 en mati\u00e8re d\u2019assurance de la qualit\u00e9<\/h3>\n\n\n\n<p>Le responsable de l\u2019assurance de la qualit\u00e9 de votre site est l\u2019un des maillons de la cha\u00eene de responsabilit\u00e9 qui garantit les normes les plus \u00e9lev\u00e9es en mati\u00e8re de d\u00e9pistage au point de service en Ontario. Les autres partenaires de l\u2019assurance de la qualit\u00e9 incluent le fabricant du test, les Programmes sur le sida et l\u2019h\u00e9patite C du Minist\u00e8re, l\u2019Institute for Quality Management in Health (IQMH) et les intervenants en d\u00e9pistage de chaque site. Passez en revue les responsabilit\u00e9s de <a href=\"https:\/\/hivtestingontario.ca\/wp-content\/uploads\/2020\/06\/R\u00f4les_et_responsabilit\u00e9s-.pdf\">chacun de ces partenaires de l\u2019assurance de la qualit\u00e9<\/a>.<\/p>\n","protected":false},"excerpt":{"rendered":"<p>Gestion d\u2019un site de d\u00e9pistage G\u00e9rer un site de d\u00e9pistage du VIH au point de service consiste \u00e0 assurer que le d\u00e9pistage du VIH que les personnes re\u00e7oivent dans votre site est ARCCH. Il s\u2019agit \u00e9galement de faire en sorte que votre site offre une pr\u00e9cision optimale des tests. Pour superviser et garantir le respect [&hellip;]<\/p>\n","protected":false},"author":6,"featured_media":0,"parent":1441,"menu_order":0,"comment_status":"closed","ping_status":"closed","template":"","meta":{"footnotes":"","_links_to":"","_links_to_target":""},"class_list":["post-1453","page","type-page","status-publish","hentry"],"_links":{"self":[{"href":"https:\/\/hivtestingontario.ca\/fr\/wp-json\/wp\/v2\/pages\/1453","targetHints":{"allow":["GET"]}}],"collection":[{"href":"https:\/\/hivtestingontario.ca\/fr\/wp-json\/wp\/v2\/pages"}],"about":[{"href":"https:\/\/hivtestingontario.ca\/fr\/wp-json\/wp\/v2\/types\/page"}],"author":[{"embeddable":true,"href":"https:\/\/hivtestingontario.ca\/fr\/wp-json\/wp\/v2\/users\/6"}],"replies":[{"embeddable":true,"href":"https:\/\/hivtestingontario.ca\/fr\/wp-json\/wp\/v2\/comments?post=1453"}],"version-history":[{"count":6,"href":"https:\/\/hivtestingontario.ca\/fr\/wp-json\/wp\/v2\/pages\/1453\/revisions"}],"predecessor-version":[{"id":2086,"href":"https:\/\/hivtestingontario.ca\/fr\/wp-json\/wp\/v2\/pages\/1453\/revisions\/2086"}],"up":[{"embeddable":true,"href":"https:\/\/hivtestingontario.ca\/fr\/wp-json\/wp\/v2\/pages\/1441"}],"wp:attachment":[{"href":"https:\/\/hivtestingontario.ca\/fr\/wp-json\/wp\/v2\/media?parent=1453"}],"curies":[{"name":"wp","href":"https:\/\/api.w.org\/{rel}","templated":true}]}}