{"id":1446,"date":"2021-08-27T22:20:36","date_gmt":"2021-08-27T22:20:36","guid":{"rendered":"https:\/\/hivtestingontario.ca\/stage\/?page_id=1446"},"modified":"2022-06-01T20:39:59","modified_gmt":"2022-06-01T20:39:59","slug":"letablissement-dun-site","status":"publish","type":"page","link":"https:\/\/hivtestingontario.ca\/fr\/cep\/letablissement-dun-site\/","title":{"rendered":"Mise en place d\u2019un site de d\u00e9pistage"},"content":{"rendered":"\n<h1 class=\"wp-block-heading\">Mise en place d\u2019un site de d\u00e9pistage<\/h1>\n\n\n\n<p>Tous les organismes qui souhaitent devenir des sites proviciaux de d\u00e9pistage du VIH au point de service (DPS) doivent d\u00e9poser une demande aupr\u00e8s du minist\u00e8re de la Sant\u00e9 pour participer au programme.<\/p>\n\n\n\n<p>Le d\u00e9pistage du VIH est un acte \u00ab&nbsp;autoris\u00e9&nbsp;\u00bb (c\u2019est-\u00e0-dire r\u00e9glement\u00e9), en Ontario, en vertu de la <a href=\"https:\/\/www.ontario.ca\/fr\/lois\/loi\/91r18\">Loi de 1991 sur les professions de la sant\u00e9 r\u00e9glement\u00e9es.<\/a> Cette loi pr\u00e9voit que tout site offrant le d\u00e9pistage du VIH doit avoir le pouvoir d\u2019effectuer ces tests (p. ex., s\u2019ils sont pratiqu\u00e9s par un m\u00e9decin ou une infirmi\u00e8re praticienne) ou le faire en vertu d\u2019une <a href=\"https:\/\/hivtestingontario.ca\/fr\/directives-medicales\/\">directive m\u00e9dicale<\/a> \u00e9mise par un professionnel de la sant\u00e9 autoris\u00e9 (p. ex., m\u00e9decin, infirmi\u00e8re praticienne). Tout site de DPS approuv\u00e9 par le Minist\u00e8re doit avoir identifi\u00e9 un professionnel de sant\u00e9 r\u00e9glement\u00e9 dispos\u00e9 \u00e0 effectuer lui-m\u00eame les tests de DPS ou \u00e0 prendre la responsabilit\u00e9 de les superviser, dans le site, en \u00e9mettant une directive m\u00e9dicale.<\/p>\n\n\n\n<h2 class=\"wp-block-heading\">Comp\u00e9tence<\/h2>\n\n\n\n<p>Les sites de d\u00e9pistage doivent \u00e9galement satisfaire les exigences de qualit\u00e9 et de comp\u00e9tence du programme de DPS, qui sont conformes aux normes internationales sur le d\u00e9pistage au point de service. Les sites sont tenus de <a href=\"https:\/\/hivtestingontario.ca\/fr\/cep\/modules-de-formation-pour-conseillers-en-depistage-au-point-de-service\/\">former tout le personnel effectuant les tests<u> <\/u><\/a>et de maintenir une s\u00e9rie de proc\u00e9dures d\u2019assurance de la qualit\u00e9 telles que d\u00e9finies par le Minist\u00e8re, tant pour le <a href=\"https:\/\/hivtestingontario.ca\/fr\/cep\/controles\/\">mat\u00e9riel de test<\/a> que pour le <a href=\"https:\/\/hivtestingontario.ca\/fr\/cep\/competence\/\">maintien des comp\u00e9tences<\/a> du personnel en mati\u00e8re de d\u00e9pistage.<\/p>\n\n\n\n<p>Une fois qu\u2019un organisme a confirm\u00e9 son autorit\u00e9 \u00e0 fournir des services de d\u00e9pistage du VIH au point de service (c\u2019est-\u00e0-dire par le biais d\u2019une directive m\u00e9dicale) et qu\u2019il a \u00e9t\u00e9 approuv\u00e9 par le Minist\u00e8re pour participer au programme de DPS, il peut commencer \u00e0 former son personnel et \u00e0 commander des fournitures (voir les <a href=\"https:\/\/hivtestingontario.ca\/wp-content\/uploads\/2020\/07\/Prochaines_etapes.pdf\">prochaines \u00e9tapes<\/a>). Les sites auront acc\u00e8s au portail de <a href=\"https:\/\/www.hivpoct.ca\/\">gestion d\u2019inventaire du programme de DPS du VIH<\/a> pour commander des trousses de d\u00e9pistage et du mat\u00e9riel d\u2019assurance de la qualit\u00e9. Tout le personnel de d\u00e9pistage doit \u00eatre form\u00e9 et certifi\u00e9. En savoir plus sur la <a href=\"https:\/\/hivtestingontario.ca\/fr\/cep\/gestion-dun-site\/\">gestion d\u2019un site de d\u00e9pistage au point de service<\/a>.<\/p>\n\n\n\n<p>Avant de d\u00e9marrer, les sites doivent informer <a href=\"https:\/\/hivtestingontario.ca\/fr\/continuum-a-soins\/ligne-dinformation\/\">Sant\u00e9 sexuelle Ontario<\/a> de leur programme, en indiquant la date d\u2019ouverture, le lieu, les heures d\u2019ouverture et les coordonn\u00e9es de la ou des cliniques. Sant\u00e9 sexuelle Ontario est un point d\u2019acc\u00e8s central \u00e0 l\u2019information sur la sant\u00e9 sexuelle, y compris sur le VIH\/sida, dans la province.<\/p>\n\n\n\n<p>Utilisez cet <a href=\"https:\/\/hivtestingontario.ca\/wp-content\/uploads\/2020\/07\/Prochaines_etapes.pdf\">aide-m\u00e9moire<\/a> qui d\u00e9crit certaines des \u00e9tapes n\u00e9cessaires \u00e0 la mise en place d\u2019un site de DPS.<\/p>\n\n\n\n<p>Si votre organisme souhaite devenir un site de d\u00e9pistage au point de service, veuillez contacter les Programmes sur le sida et l\u2019h\u00e9patite C du minist\u00e8re de la Sant\u00e9 \u00e0 <a href=\"mailto:poct@ontario.ca\">poct@ontario.ca<\/a>.<\/p>\n","protected":false},"excerpt":{"rendered":"<p>Mise en place d\u2019un site de d\u00e9pistage Tous les organismes qui souhaitent devenir des sites proviciaux de d\u00e9pistage du VIH au point de service (DPS) doivent d\u00e9poser une demande aupr\u00e8s du minist\u00e8re de la Sant\u00e9 pour participer au programme. Le d\u00e9pistage du VIH est un acte \u00ab&nbsp;autoris\u00e9&nbsp;\u00bb (c\u2019est-\u00e0-dire r\u00e9glement\u00e9), en Ontario, en vertu de la [&hellip;]<\/p>\n","protected":false},"author":6,"featured_media":0,"parent":1441,"menu_order":0,"comment_status":"closed","ping_status":"closed","template":"","meta":{"footnotes":"","_links_to":"","_links_to_target":""},"class_list":["post-1446","page","type-page","status-publish","hentry"],"_links":{"self":[{"href":"https:\/\/hivtestingontario.ca\/fr\/wp-json\/wp\/v2\/pages\/1446","targetHints":{"allow":["GET"]}}],"collection":[{"href":"https:\/\/hivtestingontario.ca\/fr\/wp-json\/wp\/v2\/pages"}],"about":[{"href":"https:\/\/hivtestingontario.ca\/fr\/wp-json\/wp\/v2\/types\/page"}],"author":[{"embeddable":true,"href":"https:\/\/hivtestingontario.ca\/fr\/wp-json\/wp\/v2\/users\/6"}],"replies":[{"embeddable":true,"href":"https:\/\/hivtestingontario.ca\/fr\/wp-json\/wp\/v2\/comments?post=1446"}],"version-history":[{"count":2,"href":"https:\/\/hivtestingontario.ca\/fr\/wp-json\/wp\/v2\/pages\/1446\/revisions"}],"predecessor-version":[{"id":2077,"href":"https:\/\/hivtestingontario.ca\/fr\/wp-json\/wp\/v2\/pages\/1446\/revisions\/2077"}],"up":[{"embeddable":true,"href":"https:\/\/hivtestingontario.ca\/fr\/wp-json\/wp\/v2\/pages\/1441"}],"wp:attachment":[{"href":"https:\/\/hivtestingontario.ca\/fr\/wp-json\/wp\/v2\/media?parent=1446"}],"curies":[{"name":"wp","href":"https:\/\/api.w.org\/{rel}","templated":true}]}}