{"id":1441,"date":"2021-08-27T21:34:24","date_gmt":"2021-08-27T21:34:24","guid":{"rendered":"https:\/\/hivtestingontario.ca\/stage\/?page_id=1441"},"modified":"2022-06-01T20:27:25","modified_gmt":"2022-06-01T20:27:25","slug":"cep","status":"publish","type":"page","link":"https:\/\/hivtestingontario.ca\/fr\/cep\/","title":{"rendered":"D\u00e9pistage rapide du VIH au point de service"},"content":{"rendered":"\n<h1 class=\"wp-block-heading\">D\u00e9pistage rapide du VIH au point de service<\/h1>\n\n\n\n<p>En 2007, le minist\u00e8re de la Sant\u00e9 a mis en place un programme de d\u00e9pistage rapide du VIH au point de service en Ontario. Pr\u00e8s de 50&nbsp;sites de d\u00e9pistage rapide sont \u00e0 pr\u00e9sent actifs dans toute la province, dans des unit\u00e9s de sant\u00e9 publique, des cliniques de sant\u00e9 sexuelle et des centres de sant\u00e9 communautaire.<\/p>\n\n\n\n<p>Le programme de d\u00e9pistage rapide du VIH en Ontario vise \u00e0 fournir des services accessibles et rapides aux Ontariens les plus \u00e0 risque d\u2019infection par le VIH. En Ontario, nous savons que pratiquement toutes les personnes diagnostiqu\u00e9es du VIH chaque ann\u00e9e font partie de quelques groupes de population appel\u00e9s \u00ab&nbsp;<a href=\"https:\/\/hivtestingontario.ca\/fr\/test-parler\/populations-prioritaires-de-lontario\/\">populations prioritaires<\/a>&nbsp;\u00bb.<\/p>\n\n\n\n<p>Les sites de d\u00e9pistage rapide sont souvent situ\u00e9s dans des \u00e9tablissements qui facilitent l\u2019acc\u00e8s aux membres d\u2019une ou de plusieurs populations prioritaires. Certains sites offrent un \u00e9ventail de services et de soutiens adapt\u00e9s \u00e0 une population sp\u00e9cifique. Les sites de d\u00e9pistage au point de service peuvent \u00e9galement \u00eatre situ\u00e9s dans des cliniques communautaires et des centres de sant\u00e9 sexuelle o\u00f9 les clients peuvent se faire d\u00e9pister pour d\u2019autres infections transmissibles sexuellement et par le sang (ITSS) et recevoir d\u2019autres services importants de soins pr\u00e9ventifs. Tous les sites sont encourag\u00e9s \u00e0 prendre en compte les obstacles que rencontrent les populations prioritaires de l\u2019Ontario dans les soins et \u00e0 y r\u00e9pondre.<\/p>\n\n\n\n<p>Les sites de d\u00e9pistage rapide ont le devoir de prot\u00e9ger la confidentialit\u00e9 de leurs clients et de suivre des proc\u00e9dures qui garantissent l\u2019exactitude des r\u00e9sultats de test, la confidentialit\u00e9 et la s\u00e9curit\u00e9 des dossiers, et la rigueur du protocole de d\u00e9pistage. Certains sites offrent le test du VIH anonyme afin de r\u00e9duire davantage les obstacles au d\u00e9pistage, tels que la stigmatisation li\u00e9e au VIH.<\/p>\n\n\n\n<p>Les sites de d\u00e9pistage rapide sont encourag\u00e9s \u00e0 s\u2019associer \u00e0 d\u2019autres organismes de leur communaut\u00e9 pour proposer le <a href=\"https:\/\/hivtestingontario.ca\/fr\/cep\/partenariats-de-proximite\/\">d\u00e9pistage de proximit\u00e9<\/a> lors d\u2019\u00e9v\u00e9nements communautaires et dans d\u2019autres lieux qui permettent de joindre facilement les populations prioritaires.<\/p>\n\n\n\n<p>Dans le cas du d\u00e9pistage rapide du VIH, le test est effectu\u00e9 sur place pendant que le client attend. La plupart des personnes dont le r\u00e9sultat est n\u00e9gatif conna\u00eetront leur statut VIH quelques minutes apr\u00e8s avoir \u00e9t\u00e9 d\u00e9pist\u00e9es et n\u2019auront pas \u00e0 attendre et \u00e0 revenir plus tard pour obtenir leur r\u00e9sultat. En cas de r\u00e9sultat r\u00e9actif, ce qui indique que la personne d\u00e9pist\u00e9e est probablement s\u00e9ropositive, tous les sites de d\u00e9pistage rapide peuvent effectuer une prise de sang et demander un d\u00e9pistage de confirmation au Laboratoire de sant\u00e9 publique de l\u2019Ontario.<\/p>\n","protected":false},"excerpt":{"rendered":"<p>D\u00e9pistage rapide du VIH au point de service En 2007, le minist\u00e8re de la Sant\u00e9 a mis en place un programme de d\u00e9pistage rapide du VIH au point de service en Ontario. Pr\u00e8s de 50&nbsp;sites de d\u00e9pistage rapide sont \u00e0 pr\u00e9sent actifs dans toute la province, dans des unit\u00e9s de sant\u00e9 publique, des cliniques de [&hellip;]<\/p>\n","protected":false},"author":6,"featured_media":0,"parent":0,"menu_order":0,"comment_status":"closed","ping_status":"closed","template":"","meta":{"footnotes":"","_links_to":"","_links_to_target":""},"class_list":["post-1441","page","type-page","status-publish","hentry"],"_links":{"self":[{"href":"https:\/\/hivtestingontario.ca\/fr\/wp-json\/wp\/v2\/pages\/1441","targetHints":{"allow":["GET"]}}],"collection":[{"href":"https:\/\/hivtestingontario.ca\/fr\/wp-json\/wp\/v2\/pages"}],"about":[{"href":"https:\/\/hivtestingontario.ca\/fr\/wp-json\/wp\/v2\/types\/page"}],"author":[{"embeddable":true,"href":"https:\/\/hivtestingontario.ca\/fr\/wp-json\/wp\/v2\/users\/6"}],"replies":[{"embeddable":true,"href":"https:\/\/hivtestingontario.ca\/fr\/wp-json\/wp\/v2\/comments?post=1441"}],"version-history":[{"count":2,"href":"https:\/\/hivtestingontario.ca\/fr\/wp-json\/wp\/v2\/pages\/1441\/revisions"}],"predecessor-version":[{"id":2076,"href":"https:\/\/hivtestingontario.ca\/fr\/wp-json\/wp\/v2\/pages\/1441\/revisions\/2076"}],"wp:attachment":[{"href":"https:\/\/hivtestingontario.ca\/fr\/wp-json\/wp\/v2\/media?parent=1441"}],"curies":[{"name":"wp","href":"https:\/\/api.w.org\/{rel}","templated":true}]}}