{"id":1434,"date":"2021-08-27T18:47:02","date_gmt":"2021-08-27T18:47:02","guid":{"rendered":"https:\/\/hivtestingontario.ca\/stage\/?page_id=1434"},"modified":"2022-06-01T20:18:04","modified_gmt":"2022-06-01T20:18:04","slug":"populations-prioritaires-de-lontario","status":"publish","type":"page","link":"https:\/\/hivtestingontario.ca\/fr\/populations-prioritaires-de-lontario\/","title":{"rendered":"Populations prioritaires de l\u2019Ontario"},"content":{"rendered":"\n<h1 class=\"wp-block-heading\">Populations prioritaires de l\u2019Ontario<\/h1>\n\n\n\n<p>On estime qu\u2019un peu plus de 16 000&nbsp;personnes vivaient avec le VIH en Ontario en 2018. La plupart de ces personnes font partie de cinq groupes de population, appel\u00e9s populations prioritaires de l\u2019Ontario pour le VIH. Ces populations prioritaires sont les suivantes&nbsp;:<\/p>\n\n\n\n<ul class=\"wp-block-list\"><li>Les hommes gais, bisexuels et autres hommes ayant des relations sexuelles avec des hommes, y compris les hommes transgenres.<\/li><li>Les communaut\u00e9s africaines, carib\u00e9ennes et noires &#8211; y compris les hommes et les femmes de r\u00e9gions o\u00f9 le VIH est end\u00e9mique.<\/li><li>Les peuples autochtones.<\/li><li>Les personnes (hommes et femmes) qui s\u2019injectent des drogues ou qui partagent du mat\u00e9riel de consommation.<\/li><li>Les femmes* = Les femmes cis et transgenres, y compris les femmes des populations ci-dessus, et les autres femmes qui sont confront\u00e9es \u00e0 des in\u00e9galit\u00e9s syst\u00e9miques et sociales, et qui sont plus susceptibles d\u2019\u00eatre expos\u00e9es au VIH par le biais d\u2019un partenaire sexuel ou de la consommation de drogues.<\/li><\/ul>\n\n\n\n<p><a href=\"https:\/\/www.ohesi.ca\/wp-content\/uploads\/2022\/01\/HIV-diagnoses-in-Ontario-2019.pdf\">Les donn\u00e9es de l\u2019Ontario<\/a> montrent que les personnes issues de ces populations sont les plus \u00e0 risque. Les programmes de pr\u00e9vention et de d\u00e9pistage du VIH de l\u2019Ontario sont ax\u00e9s sur une sensibilisation et un soutien efficaces de ces populations.<\/p>\n","protected":false},"excerpt":{"rendered":"<p>Populations prioritaires de l\u2019Ontario On estime qu\u2019un peu plus de 16 000&nbsp;personnes vivaient avec le VIH en Ontario en 2018. La plupart de ces personnes font partie de cinq groupes de population, appel\u00e9s populations prioritaires de l\u2019Ontario pour le VIH. Ces populations prioritaires sont les suivantes&nbsp;: Les hommes gais, bisexuels et autres hommes ayant des [&hellip;]<\/p>\n","protected":false},"author":6,"featured_media":0,"parent":0,"menu_order":0,"comment_status":"closed","ping_status":"closed","template":"","meta":{"footnotes":"","_links_to":"","_links_to_target":""},"class_list":["post-1434","page","type-page","status-publish","hentry"],"_links":{"self":[{"href":"https:\/\/hivtestingontario.ca\/fr\/wp-json\/wp\/v2\/pages\/1434","targetHints":{"allow":["GET"]}}],"collection":[{"href":"https:\/\/hivtestingontario.ca\/fr\/wp-json\/wp\/v2\/pages"}],"about":[{"href":"https:\/\/hivtestingontario.ca\/fr\/wp-json\/wp\/v2\/types\/page"}],"author":[{"embeddable":true,"href":"https:\/\/hivtestingontario.ca\/fr\/wp-json\/wp\/v2\/users\/6"}],"replies":[{"embeddable":true,"href":"https:\/\/hivtestingontario.ca\/fr\/wp-json\/wp\/v2\/comments?post=1434"}],"version-history":[{"count":2,"href":"https:\/\/hivtestingontario.ca\/fr\/wp-json\/wp\/v2\/pages\/1434\/revisions"}],"predecessor-version":[{"id":2074,"href":"https:\/\/hivtestingontario.ca\/fr\/wp-json\/wp\/v2\/pages\/1434\/revisions\/2074"}],"wp:attachment":[{"href":"https:\/\/hivtestingontario.ca\/fr\/wp-json\/wp\/v2\/media?parent=1434"}],"curies":[{"name":"wp","href":"https:\/\/api.w.org\/{rel}","templated":true}]}}